{"id":73,"date":"2009-06-10T19:01:28","date_gmt":"2009-06-10T23:01:28","guid":{"rendered":"http:\/\/blog.espol.edu.ec\/cristy\/?page_id=73"},"modified":"2012-12-09T11:41:36","modified_gmt":"2012-12-09T15:41:36","slug":"mi-familia","status":"publish","type":"page","link":"https:\/\/blog.espol.edu.ec\/cristy\/mi-familia\/","title":{"rendered":"Mi familia"},"content":{"rendered":"<p>[flickrset id=\"72157620554245241\" thumbnail=\"square\"]<br \/>\nMomentos en el colegio<\/p>\n<p>Proclamaci\u00f3n de abanderadas y escoltas<img loading=\"lazy\" decoding=\"async\" class=\"alignright size-thumbnail wp-image-114\" src=\"http:\/\/blog.espol.edu.ec\/cristy\/files\/2009\/06\/familia1-150x150.jpg\" alt=\"familia1\" width=\"150\" height=\"150\" \/><\/p>\n<p>Yo fui escolta de la bandera de Guayaquil, mi familia estuvo muy contenta, yo aspiraba tener alguna dignidad en mi colegio y bueno fui escolta, la noticia me la dieron en la hora de educaci\u00f3n f\u00edsica, pero ya antes hab\u00edamos escuchado respecto al tema y todas\u00a0est\u00e1bamos\u00a0a la\u00a0expectativa.<\/p>\n<p>En el momento en que nos avisaron no faltaron los abrazos, los comentarios, las opiniones y las felicitaciones.<\/p>\n<p>Al llegar a la casa la noticia tambi\u00e9n llen\u00f3 de felicidad a todos.<\/p>\n<p>Juramento de la Bandera<br \/>\n<img loading=\"lazy\" decoding=\"async\" class=\"alignleft size-medium wp-image-115\" src=\"http:\/\/blog.espol.edu.ec\/cristy\/files\/2009\/06\/7-209x300.jpg\" alt=\"7\" width=\"209\" height=\"300\" srcset=\"https:\/\/blog.espol.edu.ec\/cristy\/files\/2009\/06\/7-209x300.jpg 209w, https:\/\/blog.espol.edu.ec\/cristy\/files\/2009\/06\/7-713x1024.jpg 713w, https:\/\/blog.espol.edu.ec\/cristy\/files\/2009\/06\/7.jpg 736w\" sizes=\"auto, (max-width: 209px) 100vw, 209px\" \/><\/p>\n<p>Bueno como somos quince y son 1030 las estudiantes del colegio todas\u00a0ten\u00edamos\u00a0que llevar Bandera, fue muy bonito todo nosotras juramos primero.<br \/>\n<img loading=\"lazy\" decoding=\"async\" class=\"alignright size-medium wp-image-116\" src=\"http:\/\/blog.espol.edu.ec\/cristy\/files\/2009\/06\/juramento-300x196.jpg\" alt=\"juramento\" width=\"300\" height=\"196\" srcset=\"https:\/\/blog.espol.edu.ec\/cristy\/files\/2009\/06\/juramento-300x196.jpg 300w, https:\/\/blog.espol.edu.ec\/cristy\/files\/2009\/06\/juramento.jpg 879w\" sizes=\"auto, (max-width: 300px) 100vw, 300px\" \/><\/p>\n<p>Nos hicimos merecedoras de un diploma.<br \/>\n<img loading=\"lazy\" decoding=\"async\" class=\"alignnone size-medium wp-image-117\" src=\"http:\/\/blog.espol.edu.ec\/cristy\/files\/2009\/06\/j-300x212.jpg\" alt=\"j\" width=\"300\" height=\"212\" srcset=\"https:\/\/blog.espol.edu.ec\/cristy\/files\/2009\/06\/j-300x212.jpg 300w, https:\/\/blog.espol.edu.ec\/cristy\/files\/2009\/06\/j-1024x726.jpg 1024w, https:\/\/blog.espol.edu.ec\/cristy\/files\/2009\/06\/j.jpg 1034w\" sizes=\"auto, (max-width: 300px) 100vw, 300px\" \/><\/p>\n<p>Graduaci\u00f3n<\/p>\n<p>Mejor Bachiller de mi especializaci\u00f3n y del colegio Veintiocho de Mayo<br \/>\nPromoci\u00f3n 2008-2009<\/p>\n<p>\u00a1Hermosa experiencia!<br \/>\nEra 9 de febrero de 2009, a las 9h00, el d\u00eda en que nos declar\u00e1bamos bachilleres de la Rep\u00fablica del Ecuador, d\u00eda esperado por todas, so\u00f1ado desde que pisamos por primera vez el colegio.<\/p>\n<p>D\u00eda inolvidable sin duda, la melancol\u00eda en unas, la tristeza con felicidad en otras, para mi estaban todos los sentimientos unidos\u2026 La noticia acerca de mi designaci\u00f3n la tom\u00e9 de manera normal por lo que que yo ten\u00eda la seguridad de que lo propuesto se hab\u00eda cumplido, y s\u00ed se cumpli\u00f3, gracias a nuestro Padre Celestial.<\/p>\n<p><img loading=\"lazy\" decoding=\"async\" class=\"aligncenter size-full wp-image-118\" src=\"http:\/\/blog.espol.edu.ec\/cristy\/files\/2009\/06\/cristinita.jpg\" alt=\"cristinita\" width=\"166\" height=\"227\" \/><\/p>\n<p>Que emoci\u00f3n en el momento de mi investidura, yo solita frente a todas las autoridades \u00a1uy!, recibiendo las felicitaciones, el mensaje, \u00a1que lindo! Y saber que lo estaba viviendo, el momento que hasta lo hab\u00eda so\u00f1ado. Es genial porque me super\u00e9 a mi mismo, luchando, para demostrarme a m\u00ed misma que se pod\u00eda conseguir lo anhelado.<\/p>\n<p><a class=\"flickr-image alignleft\" title=\"PDVD_034\" href=\"http:\/\/www.flickr.com\/photos\/39262671@N06\/3649427538\/\" target=\"_blank\"><br \/>\n<\/a><\/p>\n<p><a class=\"flickr-image alignnone\" title=\"PDVD_033\" href=\"http:\/\/www.flickr.com\/photos\/39262671@N06\/3649426524\/\" target=\"_blank\">[flickrset id=\"72157620696790112\" thumbnail=\"square\"]<br \/>\n<\/a><\/p>\n<p>Gracias a nuestro Padre Celestial, a mi familia, y a mis compa\u00f1eras, quienes me daban \u00e1nimos en el momento de dar el mensaje de despedida \u00a0\u00a1Gracias! \u00a1espero haber dado lo mejor de m\u00ed!<\/p>\n<p><a class=\"flickr-image alignright\" title=\"PDVD_032\" href=\"http:\/\/www.flickr.com\/photos\/39262671@N06\/3649425566\/\" target=\"_blank\"><img loading=\"lazy\" decoding=\"async\" src=\"http:\/\/farm3.static.flickr.com\/2427\/3649425566_b306f75194.jpg\" alt=\"PDVD_032\" width=\"352\" height=\"339\" \/><\/a><\/p>\n<p><a class=\"flickr-image alignright\" title=\"PDVD_030\" href=\"http:\/\/www.flickr.com\/photos\/39262671@N06\/3648618677\/\" target=\"_blank\"><img loading=\"lazy\" decoding=\"async\" src=\"http:\/\/farm4.static.flickr.com\/3407\/3648618677_07a9c9ed87.jpg\" alt=\"PDVD_030\" width=\"218\" height=\"242\" \/><\/a><\/p>\n<p>\u2026. En fin se acab\u00f3 la etapa del colegio, empiezan m\u00e1s responsabilidades en la universidad\u2026 lo bueno es que si ya estamos acostumbrados a hacerlo, poner un poquito m\u00e1s, se nos har\u00e1 sencillo.<\/p>\n<p>Las personas que leyeron mi experiencia, espero que les haya gustado mi narraci\u00f3n y quisiera compartir con ustedes un mensaje que lo dije en el d\u00eda de mi discurso como Mejor Bachiller del Colegio: \u2018Si tienes alg\u00fan anhelo y lo compartes con nuestro Padre Celestial desde un principio, estoy y estemos seguras, con fe que \u00e9ste se cumplir\u00e1.\u2019<\/p>\n<p>Estoy segura que todos podemos alcanzar lo que nos proponemos, pero no por nosotros mismos, sino con la ayuda incondicional de nuestro Padre Celestial quien estar\u00e1 controlando que todo lo que se haga est\u00e9 por el margen de lo legal, con nuestros padres, quienes son nuestros gu\u00edas y \u00e1ngeles en la tierra.<\/p>\n","protected":false},"excerpt":{"rendered":"<p>[flickrset id=\"72157620554245241\" thumbnail=\"square\"] Momentos en el colegio Proclamaci\u00f3n de abanderadas y escoltas Yo fui escolta de la bandera de Guayaquil, mi familia estuvo muy contenta, yo aspiraba tener alguna dignidad en mi colegio y bueno fui escolta, la noticia me la dieron en la hora de educaci\u00f3n f\u00edsica, pero ya antes hab\u00edamos escuchado respecto al [&hellip;]<\/p>\n","protected":false},"author":1576,"featured_media":0,"parent":0,"menu_order":0,"comment_status":"open","ping_status":"open","template":"","meta":{"footnotes":""},"class_list":["post-73","page","type-page","status-publish","hentry"],"_links":{"self":[{"href":"https:\/\/blog.espol.edu.ec\/cristy\/wp-json\/wp\/v2\/pages\/73","targetHints":{"allow":["GET"]}}],"collection":[{"href":"https:\/\/blog.espol.edu.ec\/cristy\/wp-json\/wp\/v2\/pages"}],"about":[{"href":"https:\/\/blog.espol.edu.ec\/cristy\/wp-json\/wp\/v2\/types\/page"}],"author":[{"embeddable":true,"href":"https:\/\/blog.espol.edu.ec\/cristy\/wp-json\/wp\/v2\/users\/1576"}],"replies":[{"embeddable":true,"href":"https:\/\/blog.espol.edu.ec\/cristy\/wp-json\/wp\/v2\/comments?post=73"}],"version-history":[{"count":14,"href":"https:\/\/blog.espol.edu.ec\/cristy\/wp-json\/wp\/v2\/pages\/73\/revisions"}],"predecessor-version":[{"id":75,"href":"https:\/\/blog.espol.edu.ec\/cristy\/wp-json\/wp\/v2\/pages\/73\/revisions\/75"}],"wp:attachment":[{"href":"https:\/\/blog.espol.edu.ec\/cristy\/wp-json\/wp\/v2\/media?parent=73"}],"curies":[{"name":"wp","href":"https:\/\/api.w.org\/{rel}","templated":true}]}}