{"id":81,"date":"2009-06-24T11:12:49","date_gmt":"2009-06-24T15:12:49","guid":{"rendered":"http:\/\/blog.espol.edu.ec\/croman\/?page_id=81"},"modified":"2009-06-24T12:03:30","modified_gmt":"2009-06-24T16:03:30","slug":"letras-y-acordes","status":"publish","type":"page","link":"https:\/\/blog.espol.edu.ec\/croman\/letras-y-acordes\/","title":{"rendered":"LETRAS Y ACORDES"},"content":{"rendered":"<pre style=\"text-align: left\"><strong><em>NO ME DOY POR VENCIDO<\/em><\/strong>\r\n\r\nINTRO\r\n\r\n   D# D#                A#               Cm G#               A#    A#\r\ne|------------------------|----------------|--------------------------|\r\nB|-----11-11-11-11--9-8-6-|-6-6-8\u2014-9\/8-6-8-|-------------6-8-6-----11-|\r\nG|--8--12-12-12-12-10-8-7-|-7-7-8-10\/8-7-8-|--8--8--8--8-7-8-7---8----|\r\nD|--8---------------------|----------------|-10-10-10-10-------8------|\r\nA|------------------------|----------------|--------------------------|\r\nE|------------------------|----------------|--------------------------|\r\n\r\n           D#\r\nMe quedo callado\r\n                    A#\r\nSoy como un ni\u00f1o dormido\r\n                 Gm\r\nQue puede despertarse\r\n                    Cm\r\nCon apenas s\u00f3lo un ruido\r\n                     G#\r\nCuando menos te lo esperas\r\n                   Fm\r\nCuando menos lo imagino\r\n                      A#               D#\r\nS\u00e9 que un d\u00eda no me aguanto y voy y te miro\r\n\r\n                    A#\r\nY te lo digo a los gritos\r\n                Gm                  Cm\r\nY te r\u00edes y me tomas por un loco atrevido\r\n                      G#                        Fm\r\nPues no sabes cuanto tiempo en mis sue\u00f1os has vivido\r\n                    A#\r\nNi sospechas cuando te nombr\u00e9\r\n\r\nD#                      A#\r\nYo, yo no me doy por vencido\r\nGm                    Cm\r\nYo quiero un mundo contigo\r\nG#                        Fm                   A#        D#\r\nJuro que vale la pena esperar, y esperar y esperar un suspiro\r\n                 G# Fm G#\r\nUna se\u00f1al del destino\r\n                    A#                     D#\r\nNo me canso, no me rindo, no me doy por vencido\r\n\r\n                     A#\r\nTengo una flor de bolsillo,\r\n               Gm                      Cm\r\nMarchita de buscar a una mujer que me quiera\r\n               G#                       Fm\r\nY reciba su perfume hasta traer la primavera\r\n                      A#             D#\r\nY me ense\u00f1e lo que no aprend\u00ed de la vida\r\n                     A#\r\nQue brilla m\u00e1s cada d\u00eda,\r\n                           Gm                      Cm\r\nPorque estoy tan s\u00f3lo a un paso de ganarme la alegr\u00eda\r\n                     G#                      Fm\r\nPorque el coraz\u00f3n levanta una tormenta enfurecida\r\n                        A#\r\nDesde aquel momento en que te v\u00ed\u2026\r\n\r\nD#                      A#\r\nYo, yo no me doy por vencido\r\nGm                    Cm\r\nYo quiero un mundo contigo\r\nG#                        Fm                   A#        D#\r\nJuro que vale la pena esperar, y esperar y esperar un suspiro\r\n                 G# Fm G#\r\nUna se\u00f1al del destino\r\n                    A#                     G#\r\nNo me canso, no me rindo, no me doy por vencido\r\n\r\n        D#             A#          Gm     Cm\r\nEste silencio esconde demasiadas palabras\r\n          G#        Fm               A#\r\nNo me detengo, pase lo que pase seguir\u00e9\r\n\r\nD#                      A#\r\nYo, yo no me doy por vencido\r\nGm                    Cm\r\nYo quiero un mundo contigo\r\nG#                        Fm                   A#        D#\r\nJuro que vale la pena esperar, y esperar y esperar un suspiro\r\n                 G# Fm G#\r\nUna se\u00f1al del destino\r\n                    A#                     D#\r\nNo me canso, no me rindo, no me doy por vencido\r\n\r\n   D# D#                A#                  Cm\r\ne|-------------------------|-------------------|\r\nB|-----11-11-11-11--9-8-6--|--6-6-8\u2014-9\/8--6-8--|\r\nG|--8--12-12-12-12-10-8-7--|--7-7-8-10\/8--7-8--|\r\nD|--8----------------------|-------------------|\r\nA|-------------------------|-------------------|\r\nE|-------------------------|-------------------|\r\n\r\nG#                        Fm                   A#        D#\r\nJuro que vale la pena esperar, y esperar y esperar un suspiro\r\n                 G# Fm G#\r\nUna se\u00f1al del destino\r\n                    A#                     D#\r\nNo me canso, no me rindo, no me doy por vencido<\/pre>\n","protected":false},"excerpt":{"rendered":"<p>NO ME DOY POR VENCIDO INTRO D# D# A# Cm G# A# A# e|------------------------|----------------|--------------------------| B|-----11-11-11-11--9-8-6-|-6-6-8\u2014-9\/8-6-8-|-------------6-8-6-----11-| G|--8--12-12-12-12-10-8-7-|-7-7-8-10\/8-7-8-|--8--8--8--8-7-8-7---8----| D|--8---------------------|----------------|-10-10-10-10-------8------| A|------------------------|----------------|--------------------------| E|------------------------|----------------|--------------------------| D# Me quedo callado A# Soy como un ni\u00f1o dormido Gm Que puede despertarse Cm Con apenas s\u00f3lo un ruido G# Cuando menos te lo esperas Fm Cuando menos lo imagino A# D# S\u00e9 que un [&hellip;]<\/p>\n","protected":false},"author":1755,"featured_media":0,"parent":0,"menu_order":0,"comment_status":"open","ping_status":"open","template":"","meta":{"footnotes":""},"class_list":["post-81","page","type-page","status-publish","hentry"],"_links":{"self":[{"href":"https:\/\/blog.espol.edu.ec\/croman\/wp-json\/wp\/v2\/pages\/81","targetHints":{"allow":["GET"]}}],"collection":[{"href":"https:\/\/blog.espol.edu.ec\/croman\/wp-json\/wp\/v2\/pages"}],"about":[{"href":"https:\/\/blog.espol.edu.ec\/croman\/wp-json\/wp\/v2\/types\/page"}],"author":[{"embeddable":true,"href":"https:\/\/blog.espol.edu.ec\/croman\/wp-json\/wp\/v2\/users\/1755"}],"replies":[{"embeddable":true,"href":"https:\/\/blog.espol.edu.ec\/croman\/wp-json\/wp\/v2\/comments?post=81"}],"version-history":[{"count":7,"href":"https:\/\/blog.espol.edu.ec\/croman\/wp-json\/wp\/v2\/pages\/81\/revisions"}],"predecessor-version":[{"id":88,"href":"https:\/\/blog.espol.edu.ec\/croman\/wp-json\/wp\/v2\/pages\/81\/revisions\/88"}],"wp:attachment":[{"href":"https:\/\/blog.espol.edu.ec\/croman\/wp-json\/wp\/v2\/media?parent=81"}],"curies":[{"name":"wp","href":"https:\/\/api.w.org\/{rel}","templated":true}]}}