{"id":58,"date":"2013-06-05T00:54:15","date_gmt":"2013-06-05T00:54:15","guid":{"rendered":"http:\/\/blog.espol.edu.ec\/csrivas\/?page_id=58"},"modified":"2013-06-11T15:32:16","modified_gmt":"2013-06-11T15:32:16","slug":"la-dolce-vita","status":"publish","type":"page","link":"https:\/\/blog.espol.edu.ec\/csrivas\/la-dolce-vita\/","title":{"rendered":"La dolce vita!"},"content":{"rendered":"<p>Los postres est\u00e1n presentes en la vida de todos y en todas partes del mundo los preparan de distintas formas. \u00a0Hay de todo tipo, desde los mas conocidos hasta los inimaginables.<\/p>\n<p>Aqu\u00ed hay un par de videos de unos postres que no solo son deliciosos, sino que tambi\u00e9n son f\u00e1ciles de preparar.<\/p>\n<p>Los encontr\u00e9 un d\u00eda navegando por youtube en busca de algo original y entretenido, y es as\u00ed como di con este programa de comida japones muy peculiar: \"Cooking with dog\", con el slogan \"It is not what you think\" (no es lo que parece), es un popular programa donde el anfitri\u00f3n es un simp\u00e1tico perro puddle llamado Francis, que narra los pasos de las preparaciones que su compa\u00f1era Chef cocina. \u00a0A pesar de que el show es japones, es filmado en ingles, con el fin de globalizarlo y as\u00ed dar a conocer a todos de una manera mas abierta, sobre la cultura de la comida japonesa.<\/p>\n<p>Aqui, unos video de mi cuenta de <strong><span style=\"color: #993300\">Youtube<\/span><\/strong>, para que tengan una idea \ud83d\ude09<\/p>\n<p>&nbsp;<\/p>\n<p style=\"text-align: center\"><a href=\"http:\/\/youtu.be\/HzBTg-vbs68\" target=\"_blank\">Como preparar Daifuku de frutilla<\/a><\/p>\n<p style=\"text-align: center\"><a href=\"http:\/\/youtu.be\/DEf-QZdZkQU\" target=\"_blank\">Como preparar bolas de chocolate de san Valent\u00edn<\/a><\/p>\n<p style=\"text-align: center\">\n","protected":false},"excerpt":{"rendered":"<p>Los postres est\u00e1n presentes en la vida de todos y en todas partes del mundo los preparan de distintas formas. \u00a0Hay de todo tipo, desde los mas conocidos hasta los inimaginables. Aqu\u00ed hay un par de videos de unos postres que no solo son deliciosos, sino que tambi\u00e9n son f\u00e1ciles de preparar. Los encontr\u00e9 un [&hellip;]<\/p>\n","protected":false},"author":8584,"featured_media":0,"parent":0,"menu_order":0,"comment_status":"open","ping_status":"open","template":"","meta":{"footnotes":""},"class_list":["post-58","page","type-page","status-publish","hentry"],"_links":{"self":[{"href":"https:\/\/blog.espol.edu.ec\/csrivas\/wp-json\/wp\/v2\/pages\/58","targetHints":{"allow":["GET"]}}],"collection":[{"href":"https:\/\/blog.espol.edu.ec\/csrivas\/wp-json\/wp\/v2\/pages"}],"about":[{"href":"https:\/\/blog.espol.edu.ec\/csrivas\/wp-json\/wp\/v2\/types\/page"}],"author":[{"embeddable":true,"href":"https:\/\/blog.espol.edu.ec\/csrivas\/wp-json\/wp\/v2\/users\/8584"}],"replies":[{"embeddable":true,"href":"https:\/\/blog.espol.edu.ec\/csrivas\/wp-json\/wp\/v2\/comments?post=58"}],"version-history":[{"count":6,"href":"https:\/\/blog.espol.edu.ec\/csrivas\/wp-json\/wp\/v2\/pages\/58\/revisions"}],"predecessor-version":[{"id":81,"href":"https:\/\/blog.espol.edu.ec\/csrivas\/wp-json\/wp\/v2\/pages\/58\/revisions\/81"}],"wp:attachment":[{"href":"https:\/\/blog.espol.edu.ec\/csrivas\/wp-json\/wp\/v2\/media?parent=58"}],"curies":[{"name":"wp","href":"https:\/\/api.w.org\/{rel}","templated":true}]}}