{"id":7,"date":"2009-06-02T11:52:48","date_gmt":"2009-06-02T15:52:48","guid":{"rendered":"http:\/\/blog.espol.edu.ec\/cterrano\/?page_id=7"},"modified":"2009-06-02T12:01:21","modified_gmt":"2009-06-02T16:01:21","slug":"paralelo-08","status":"publish","type":"page","link":"https:\/\/blog.espol.edu.ec\/cterrano\/paralelo-08\/","title":{"rendered":"Paralelo 08"},"content":{"rendered":"<p>Aqu\u00ed voy a colocar desde Slideshare, una presentaci\u00f3n en Power Point<\/p>\n<div style=\"width:425px;text-align:left\" id=\"__ss_827201\"><a href=\"http:\/\/www.slideshare.net\/HugoAlfredo\/blogs-presentation-827201?type=presentation\" title=\"Blogs\">Blogs<\/a><object style=\"margin:0px\" width=\"425\" height=\"355\"><param name=\"movie\" value=\"http:\/\/static.slidesharecdn.com\/swf\/ssplayer2.swf?doc=blogs-2003-1228690264208897-9&amp;stripped_title=blogs-presentation-827201\" \/><param name=\"allowFullScreen\"><param name=\"allowScriptAccess\"><embed src=\"http:\/\/static.slidesharecdn.com\/swf\/ssplayer2.swf?doc=blogs-2003-1228690264208897-9&amp;stripped_title=blogs-presentation-827201\" type=\"application\/x-shockwave-flash\" width=\"425\" height=\"355\"><\/embed><\/object><\/p>\n<div style=\"font-size:11px;font-family:tahoma,arial;height:26px;padding-top:2px\">View more <a href=\"http:\/\/www.slideshare.net\/\">OpenOffice presentations<\/a> from <a href=\"http:\/\/www.slideshare.net\/HugoAlfredo\">Alfredo Alvarez<\/a>.<\/div>\n<\/div>\n<p>Aqu\u00ed les va algo de youtube<br \/>\n<object width=\"425\" height=\"344\"><param name=\"movie\" value=\"http:\/\/www.youtube.com\/v\/-dnL00TdmLY&amp;hl=en&amp;fs=1\"><\/param><param name=\"allowFullScreen\" value=\"true\"><\/param><param name=\"allowscriptaccess\" value=\"always\"><\/param><embed src=\"http:\/\/www.youtube.com\/v\/-dnL00TdmLY&amp;hl=en&amp;fs=1\" type=\"application\/x-shockwave-flash\" width=\"425\" height=\"344\"><\/embed><\/object><\/p>\n","protected":false},"excerpt":{"rendered":"<p>Aqu\u00ed voy a colocar desde Slideshare, una presentaci\u00f3n en Power Point Blogs View more OpenOffice presentations from Alfredo Alvarez. Aqu\u00ed les va algo de youtube<\/p>\n","protected":false},"author":1713,"featured_media":0,"parent":0,"menu_order":0,"comment_status":"open","ping_status":"open","template":"","meta":{"footnotes":""},"class_list":["post-7","page","type-page","status-publish","hentry"],"_links":{"self":[{"href":"https:\/\/blog.espol.edu.ec\/cterrano\/wp-json\/wp\/v2\/pages\/7","targetHints":{"allow":["GET"]}}],"collection":[{"href":"https:\/\/blog.espol.edu.ec\/cterrano\/wp-json\/wp\/v2\/pages"}],"about":[{"href":"https:\/\/blog.espol.edu.ec\/cterrano\/wp-json\/wp\/v2\/types\/page"}],"author":[{"embeddable":true,"href":"https:\/\/blog.espol.edu.ec\/cterrano\/wp-json\/wp\/v2\/users\/1713"}],"replies":[{"embeddable":true,"href":"https:\/\/blog.espol.edu.ec\/cterrano\/wp-json\/wp\/v2\/comments?post=7"}],"version-history":[{"count":11,"href":"https:\/\/blog.espol.edu.ec\/cterrano\/wp-json\/wp\/v2\/pages\/7\/revisions"}],"predecessor-version":[{"id":14,"href":"https:\/\/blog.espol.edu.ec\/cterrano\/wp-json\/wp\/v2\/pages\/7\/revisions\/14"}],"wp:attachment":[{"href":"https:\/\/blog.espol.edu.ec\/cterrano\/wp-json\/wp\/v2\/media?parent=7"}],"curies":[{"name":"wp","href":"https:\/\/api.w.org\/{rel}","templated":true}]}}