{"id":102,"date":"2016-11-15T01:52:24","date_gmt":"2016-11-15T01:52:24","guid":{"rendered":"http:\/\/blog.espol.edu.ec\/cutervo\/?page_id=102"},"modified":"2016-11-15T01:52:24","modified_gmt":"2016-11-15T01:52:24","slug":"cueva-de-los-guacharos","status":"publish","type":"page","link":"https:\/\/blog.espol.edu.ec\/cutervo\/cueva-de-los-guacharos\/","title":{"rendered":"Cueva de los Gu\u00e1charos"},"content":{"rendered":"<p>Las cavernas de los Gu\u00e1charos de San Andr\u00e9s fueron descubiertas por el campesino Rafael In\u00e9s, quien le da el valor cient\u00edfico es el Dr. Salom\u00f3n V\u00edlchez Murga en 1947. Es un sistema formado por tres conductos descendentes, todos ellos con abertura al exterior. El de mayor dimensi\u00f3n conocido propiamente como Cueva de los Gu\u00e1charos o San Andr\u00e9s, es una parte f\u00f3sil del sistema y est\u00e1 formada por la \u00fanica galer\u00eda de grandes dimensiones con un considerable ensanchamiento que forma una gran sala de unos 200 metros de entrada. La segunda entrada de la cavidad pasa por una galer\u00eda activa que presenta numerosas formas de erosi\u00f3n. Esta galer\u00eda desemboca en el fondo de la depresi\u00f3n que permite el acceso a la galer\u00eda f\u00f3sil, y el curso del agua contin\u00faa su recorrido por dicha galer\u00eda principal. La tercera galer\u00eda o boca va a otro conducto activo, el recorrido total de esta gruta es de 1,30 metros con 18Om. de desnivel.<\/p>\n<p><img decoding=\"async\" src=\"http:\/\/image.slidesharecdn.com\/cutervo-140717232220-phpapp02\/95\/parque-nacional-cutervo-12-638.jpg?cb=1405639468\" \/><\/p>\n<form id=\"vozme_form_d260625608f0db6ebe187064ccae284e\" method=\"post\" name=\"vozme_form_d260625608f0db6ebe187064ccae284e\" target=\"d260625608f0db6ebe187064ccae284e\" action=\"http:\/\/vozme.com\/text2voice.php\"><input name=\"text\" type=\"hidden\" value=\"Cueva de los Gu\u00e1charos. Las cavernas de los Gu\u00e1charos de San Andr\u00e9s fueron descubiertas por el campesino Rafael In\u00e9s, quien le da el valor cient\u00edfico es el Dr. Salom\u00f3n V\u00edlchez Murga en 1947. Es un sistema formado por tres conductos descendentes, todos ellos con abertura al exterior. El de mayor dimensi\u00f3n conocido propiamente como Cueva de los Gu\u00e1charos o San Andr\u00e9s, es una parte f\u00f3sil del sistema y est\u00e1 formada por la \u00fanica galer\u00eda de grandes dimensiones con un considerable ensanchamiento que forma una gran sala de unos 200 metros de entrada. La segunda entrada de la cavidad pasa por una galer\u00eda activa que presenta numerosas formas de erosi\u00f3n. Esta galer\u00eda desemboca en el fondo de la depresi\u00f3n que permite el acceso a la galer\u00eda f\u00f3sil, y el curso del agua contin\u00faa su recorrido por dicha galer\u00eda principal. La tercera galer\u00eda o boca va a otro conducto activo, el recorrido total de esta gruta es de 1,30 metros con 18Om. de desnivel.\n\n\" \/><input name=\"lang\" type=\"hidden\" value=\"es\" \/><input name=\"gn\" type=\"hidden\" value=\"ml\" \/><input type=\"hidden\" id=\"interface\" name=\"interface\" value=\"full\" \/>\n\t\t\t<div style=\"text-align:left;\">\n\t\t\t\n\t\t\t\t<input style=\"float:left;\" type=\"image\" width=\"40\" height=\"40\" src=\"http:\/\/blog.espol.edu.ec\/cutervo\/wp-content\/plugins\/vozme\/img\/megaphone40x40w.gif\" alt=\"Escucha este post\" onclick=\"window.open('', 'd260625608f0db6ebe187064ccae284e', 'width=600,height=370,scrollbars=yes,location=yes,menubar=yes,resizable=yes,status=yes,toolbar=yes');\">\n\t\t\t\t<div style=\"margin-left:48px; text-align:left;\"><a style=\"font-size:12px;\" href=\"javascript:void(0);\" onclick=\"window.open('', 'd260625608f0db6ebe187064ccae284e', 'width=600,height=370,scrollbars=yes,location=yes,menubar=yes,resizable=yes,status=yes,toolbar=yes'); document.getElementById('vozme_form_d260625608f0db6ebe187064ccae284e').submit();\">Escucha<br\/>este post<\/a><\/div>\n\t\t\t<\/div><\/form>","protected":false},"excerpt":{"rendered":"<p>Las cavernas de los Gu\u00e1charos de San Andr\u00e9s fueron descubiertas por el campesino Rafael In\u00e9s, quien le da el valor cient\u00edfico es el Dr. Salom\u00f3n V\u00edlchez Murga en 1947. Es un sistema formado por tres conductos descendentes, todos ellos con abertura al exterior. El de mayor dimensi\u00f3n conocido propiamente como Cueva de los Gu\u00e1charos o [&hellip;]<\/p>\n","protected":false},"author":10730,"featured_media":0,"parent":0,"menu_order":0,"comment_status":"closed","ping_status":"closed","template":"","meta":{"footnotes":""},"class_list":["post-102","page","type-page","status-publish","hentry"],"_links":{"self":[{"href":"https:\/\/blog.espol.edu.ec\/cutervo\/wp-json\/wp\/v2\/pages\/102","targetHints":{"allow":["GET"]}}],"collection":[{"href":"https:\/\/blog.espol.edu.ec\/cutervo\/wp-json\/wp\/v2\/pages"}],"about":[{"href":"https:\/\/blog.espol.edu.ec\/cutervo\/wp-json\/wp\/v2\/types\/page"}],"author":[{"embeddable":true,"href":"https:\/\/blog.espol.edu.ec\/cutervo\/wp-json\/wp\/v2\/users\/10730"}],"replies":[{"embeddable":true,"href":"https:\/\/blog.espol.edu.ec\/cutervo\/wp-json\/wp\/v2\/comments?post=102"}],"version-history":[{"count":1,"href":"https:\/\/blog.espol.edu.ec\/cutervo\/wp-json\/wp\/v2\/pages\/102\/revisions"}],"predecessor-version":[{"id":104,"href":"https:\/\/blog.espol.edu.ec\/cutervo\/wp-json\/wp\/v2\/pages\/102\/revisions\/104"}],"wp:attachment":[{"href":"https:\/\/blog.espol.edu.ec\/cutervo\/wp-json\/wp\/v2\/media?parent=102"}],"curies":[{"name":"wp","href":"https:\/\/api.w.org\/{rel}","templated":true}]}}