{"id":111,"date":"2016-11-15T01:58:28","date_gmt":"2016-11-15T01:58:28","guid":{"rendered":"http:\/\/blog.espol.edu.ec\/cutervo\/?page_id=111"},"modified":"2016-11-15T01:58:28","modified_gmt":"2016-11-15T01:58:28","slug":"fauna","status":"publish","type":"page","link":"https:\/\/blog.espol.edu.ec\/cutervo\/fauna\/","title":{"rendered":"Fauna"},"content":{"rendered":"<p>La poblaciones de mam\u00edferos han visto reducidos sus efectivos, a pesar de ello, en el \u00e1rea de los bosques mencionados es posible observar a los siguientes: el oso de anteojos (Tremarctos ornatus), el puma (Puma concolor), el jaguar (Panthera onca), el tigrillo (Leopardus pardalis), el venado (Odocoileus virginianus), el sajino (Pecari tajacu), el armadillo (Dasypus novemcinctus), la nutria de rio (Lutra longicaudis ssp. incarum), el tapir de altura (Tapirus pinchaque). Entre las aves destacan el pilco o quetzal (Pharomachrus auriceps) y el gallito de roca\u00a0(Rupicola peruviana). El bagre de las cavernas (Astroblepus rosei), una extra\u00f1a especie de pez que habita en cavernas subterr\u00e1neas tambi\u00e9n forma parte de esta fauna, habiendo sido encontrado en la \"gruta de los gu\u00e1charos\" ubicada cerca de San Andr\u00e9s de Cutervo.<\/p>\n<div style=\"width: 610px\" class=\"wp-caption aligncenter\"><img loading=\"lazy\" decoding=\"async\" src=\"http:\/\/www.ecuadoracolores.com\/ed2011_nov\/pages\/resources\/int02_img05.jpg\" width=\"600\" height=\"400\" \/><p class=\"wp-caption-text\">Una pareja de \u201cguacharos\u201d luce su vistoso plumaje marr\u00f3n moteado en blanco y negro<\/p><\/div>\n<div style=\"width: 260px\" class=\"wp-caption aligncenter\"><img loading=\"lazy\" decoding=\"async\" src=\"http:\/\/www.ecuadoracolores.com\/ed2011_nov\/pages\/resources\/int02_img03.jpg\" width=\"250\" height=\"230\" \/><p class=\"wp-caption-text\">El colibr\u00ed de garganta roja es una de las joyas aladas que posee el Parque Nacional de Cutervo.<\/p><\/div>\n<div style=\"width: 550px\" class=\"wp-caption aligncenter\"><img loading=\"lazy\" decoding=\"async\" src=\"https:\/\/s-media-cache-ak0.pinimg.com\/originals\/24\/31\/f9\/2431f92a57bd467c4db5ab3c61af730e.jpg\" width=\"540\" height=\"376\" \/><p class=\"wp-caption-text\">Pilco o Quetzal de cabeza dorada<\/p><\/div>\n<div style=\"width: 410px\" class=\"wp-caption aligncenter\"><img loading=\"lazy\" decoding=\"async\" src=\"http:\/\/www.ecuadoracolores.com\/ed2011_nov\/pages\/resources\/int02_img04.jpg\" width=\"400\" height=\"530\" \/><p class=\"wp-caption-text\">Saludable ejemplar de oso de anteojos deambula por el parque en busca de alimentos.<\/p><\/div>\n<div style=\"width: 346px\" class=\"wp-caption aligncenter\"><img loading=\"lazy\" decoding=\"async\" src=\"http:\/\/www.venadopedia.com\/wp-content\/uploads\/2012\/10\/white_tailed_deer1.jpg\" width=\"336\" height=\"347\" \/><p class=\"wp-caption-text\">el venado (Odocoileus virginianus)<\/p><\/div>\n<div style=\"width: 810px\" class=\"wp-caption aligncenter\"><img loading=\"lazy\" decoding=\"async\" src=\"http:\/\/bioarchivo.com\/sites\/default\/files\/images\/Pecari-tajacu1011200910.jpg\" width=\"800\" height=\"600\" \/><p class=\"wp-caption-text\">el sajino (Pecari tajacu)<\/p><\/div>\n<div style=\"width: 230px\" class=\"wp-caption aligncenter\"><img loading=\"lazy\" decoding=\"async\" src=\"https:\/\/upload.wikimedia.org\/wikipedia\/commons\/thumb\/4\/4b\/Armadillo-Florida-crop-2009.jpg\/220px-Armadillo-Florida-crop-2009.jpg\" width=\"220\" height=\"306\" \/><p class=\"wp-caption-text\">el armadillo (Dasypus novemcinctus)<\/p><\/div>\n<div style=\"width: 470px\" class=\"wp-caption aligncenter\"><img loading=\"lazy\" decoding=\"async\" src=\"https:\/\/upload.wikimedia.org\/wikipedia\/commons\/thumb\/3\/30\/Lontra_longicaudis_2.jpeg\/460px-Lontra_longicaudis_2.jpeg\" width=\"460\" height=\"345\" \/><p class=\"wp-caption-text\">la nutria de rio (Lutra longicaudis ssp. incarum)<\/p><\/div>\n<div style=\"width: 594px\" class=\"wp-caption aligncenter\"><img loading=\"lazy\" decoding=\"async\" src=\"http:\/\/www.travelstoperu.com\/Parques\/img\/Cutervo.jpg\" width=\"584\" height=\"200\" \/><p class=\"wp-caption-text\">tapir de altura (Tapirus pinchaque)<\/p><\/div>\n<div style=\"width: 476px\" class=\"wp-caption aligncenter\"><img loading=\"lazy\" decoding=\"async\" src=\"http:\/\/3.bp.blogspot.com\/-2jmvr7tvC9s\/ThjLu7xxkuI\/AAAAAAAADwI\/fcWZFrDeARw\/s1600\/4321807057_07edb64cb8.jpg\" width=\"466\" height=\"500\" \/><p class=\"wp-caption-text\">el gallito de roca (Rupicola peruviana) \"Ave nacional peruana\"<\/p><\/div>\n<div style=\"width: 610px\" class=\"wp-caption aligncenter\"><img loading=\"lazy\" decoding=\"async\" src=\"http:\/\/www.ecuadoracolores.com\/ed2011_nov\/pages\/resources\/int02_img07.jpg\" width=\"600\" height=\"480\" \/><p class=\"wp-caption-text\">Pese a su impresionante aspecto, las apacibles iguanas verdes del lugar se han ganado la simpat\u00eda de los visitantes.<\/p><\/div>\n<div style=\"width: 535px\" class=\"wp-caption aligncenter\"><img loading=\"lazy\" decoding=\"async\" src=\"http:\/\/wiki.sumaqperu.com\/es\/images\/a\/ad\/Cutervo_fauna.jpg\" width=\"525\" height=\"340\" \/><p class=\"wp-caption-text\">El Jaguar en peligro de extinci\u00f3n<\/p><\/div>\n<div style=\"width: 510px\" class=\"wp-caption aligncenter\"><img loading=\"lazy\" decoding=\"async\" src=\"http:\/\/static.inaturalist.org\/photos\/160533\/medium.JPG\" width=\"500\" height=\"375\" \/><p class=\"wp-caption-text\">El bagre de las cavernas (Astroblepus rosei)<\/p><\/div>\n<p><img decoding=\"async\" class=\"aligncenter\" src=\"http:\/\/farm6.staticflickr.com\/5464\/7398140810_affc9e5c8d.jpg\" \/><\/p>\n<form id=\"vozme_form_75e06c678612c4d404726a35f0be6e2d\" method=\"post\" name=\"vozme_form_75e06c678612c4d404726a35f0be6e2d\" target=\"75e06c678612c4d404726a35f0be6e2d\" action=\"http:\/\/vozme.com\/text2voice.php\"><input name=\"text\" type=\"hidden\" value=\"Fauna. La poblaciones de mam\u00edferos han visto reducidos sus efectivos, a pesar de ello, en el \u00e1rea de los bosques mencionados es posible observar a los siguientes: el oso de anteojos (Tremarctos ornatus), el puma (Puma concolor), el jaguar (Panthera onca), el tigrillo (Leopardus pardalis), el venado (Odocoileus virginianus), el sajino (Pecari tajacu), el armadillo (Dasypus novemcinctus), la nutria de rio (Lutra longicaudis ssp. incarum), el tapir de altura (Tapirus pinchaque). Entre las aves destacan el pilco o quetzal (Pharomachrus auriceps) y el gallito de roca\u00a0(Rupicola peruviana). El bagre de las cavernas (Astroblepus rosei), una extra\u00f1a especie de pez que habita en cavernas subterr\u00e1neas tambi\u00e9n forma parte de esta fauna, habiendo sido encontrado en la &quot;gruta de los gu\u00e1charos&quot; ubicada cerca de San Andr\u00e9s de Cutervo.\n[caption id=&quot;&quot; align=&quot;aligncenter&quot; width=&quot;600&quot;] Una pareja de \u201cguacharos\u201d luce su vistoso plumaje marr\u00f3n moteado en blanco y negro[\/caption]\n[caption id=&quot;&quot; align=&quot;aligncenter&quot; width=&quot;250&quot;] El colibr\u00ed de garganta roja es una de las joyas aladas que posee el Parque Nacional de Cutervo.[\/caption]\n[caption id=&quot;&quot; align=&quot;aligncenter&quot; width=&quot;540&quot;] Pilco o Quetzal de cabeza dorada[\/caption]\n[caption id=&quot;&quot; align=&quot;aligncenter&quot; width=&quot;400&quot;] Saludable ejemplar de oso de anteojos deambula por el parque en busca de alimentos.[\/caption]\n[caption id=&quot;&quot; align=&quot;aligncenter&quot; width=&quot;336&quot;] el venado (Odocoileus virginianus)[\/caption]\n[caption id=&quot;&quot; align=&quot;aligncenter&quot; width=&quot;800&quot;] el sajino (Pecari tajacu)[\/caption]\n[caption id=&quot;&quot; align=&quot;aligncenter&quot; width=&quot;220&quot;] el armadillo (Dasypus novemcinctus)[\/caption]\n[caption id=&quot;&quot; align=&quot;aligncenter&quot; width=&quot;460&quot;] la nutria de rio (Lutra longicaudis ssp. incarum)[\/caption]\n[caption id=&quot;&quot; align=&quot;aligncenter&quot; width=&quot;584&quot;] tapir de altura (Tapirus pinchaque)[\/caption]\n[caption id=&quot;&quot; align=&quot;aligncenter&quot; width=&quot;466&quot;] el gallito de roca (Rupicola peruviana) &quot;Ave nacional peruana&quot;[\/caption]\n[caption id=&quot;&quot; align=&quot;aligncenter&quot; width=&quot;600&quot;] Pese a su impresionante aspecto, las apacibles iguanas verdes del lugar se han ganado la simpat\u00eda de los visitantes.[\/caption]\n[caption id=&quot;&quot; align=&quot;aligncenter&quot; width=&quot;525&quot;] El Jaguar en peligro de extinci\u00f3n[\/caption]\n[caption id=&quot;&quot; align=&quot;aligncenter&quot; width=&quot;500&quot;] El bagre de las cavernas (Astroblepus rosei)[\/caption]\n\n\" \/><input name=\"lang\" type=\"hidden\" value=\"es\" \/><input name=\"gn\" type=\"hidden\" value=\"ml\" \/><input type=\"hidden\" id=\"interface\" name=\"interface\" value=\"full\" \/>\n\t\t\t<div style=\"text-align:left;\">\n\t\t\t\n\t\t\t\t<input style=\"float:left;\" type=\"image\" width=\"40\" height=\"40\" src=\"http:\/\/blog.espol.edu.ec\/cutervo\/wp-content\/plugins\/vozme\/img\/megaphone40x40w.gif\" alt=\"Escucha este post\" onclick=\"window.open('', '75e06c678612c4d404726a35f0be6e2d', 'width=600,height=370,scrollbars=yes,location=yes,menubar=yes,resizable=yes,status=yes,toolbar=yes');\">\n\t\t\t\t<div style=\"margin-left:48px; text-align:left;\"><a style=\"font-size:12px;\" href=\"javascript:void(0);\" onclick=\"window.open('', '75e06c678612c4d404726a35f0be6e2d', 'width=600,height=370,scrollbars=yes,location=yes,menubar=yes,resizable=yes,status=yes,toolbar=yes'); document.getElementById('vozme_form_75e06c678612c4d404726a35f0be6e2d').submit();\">Escucha<br\/>este post<\/a><\/div>\n\t\t\t<\/div><\/form>","protected":false},"excerpt":{"rendered":"<p>La poblaciones de mam\u00edferos han visto reducidos sus efectivos, a pesar de ello, en el \u00e1rea de los bosques mencionados es posible observar a los siguientes: el oso de anteojos (Tremarctos ornatus), el puma (Puma concolor), el jaguar (Panthera onca), el tigrillo (Leopardus pardalis), el venado (Odocoileus virginianus), el sajino (Pecari tajacu), el armadillo (Dasypus [&hellip;]<\/p>\n","protected":false},"author":10730,"featured_media":0,"parent":0,"menu_order":0,"comment_status":"closed","ping_status":"closed","template":"","meta":{"footnotes":""},"class_list":["post-111","page","type-page","status-publish","hentry"],"_links":{"self":[{"href":"https:\/\/blog.espol.edu.ec\/cutervo\/wp-json\/wp\/v2\/pages\/111","targetHints":{"allow":["GET"]}}],"collection":[{"href":"https:\/\/blog.espol.edu.ec\/cutervo\/wp-json\/wp\/v2\/pages"}],"about":[{"href":"https:\/\/blog.espol.edu.ec\/cutervo\/wp-json\/wp\/v2\/types\/page"}],"author":[{"embeddable":true,"href":"https:\/\/blog.espol.edu.ec\/cutervo\/wp-json\/wp\/v2\/users\/10730"}],"replies":[{"embeddable":true,"href":"https:\/\/blog.espol.edu.ec\/cutervo\/wp-json\/wp\/v2\/comments?post=111"}],"version-history":[{"count":1,"href":"https:\/\/blog.espol.edu.ec\/cutervo\/wp-json\/wp\/v2\/pages\/111\/revisions"}],"predecessor-version":[{"id":113,"href":"https:\/\/blog.espol.edu.ec\/cutervo\/wp-json\/wp\/v2\/pages\/111\/revisions\/113"}],"wp:attachment":[{"href":"https:\/\/blog.espol.edu.ec\/cutervo\/wp-json\/wp\/v2\/media?parent=111"}],"curies":[{"name":"wp","href":"https:\/\/api.w.org\/{rel}","templated":true}]}}