{"id":114,"date":"2016-11-15T01:59:29","date_gmt":"2016-11-15T01:59:29","guid":{"rendered":"http:\/\/blog.espol.edu.ec\/cutervo\/?page_id=114"},"modified":"2016-11-15T01:59:29","modified_gmt":"2016-11-15T01:59:29","slug":"especies-amenazadas","status":"publish","type":"page","link":"https:\/\/blog.espol.edu.ec\/cutervo\/especies-amenazadas\/","title":{"rendered":"Especies Amenazadas"},"content":{"rendered":"<p>El Parque tambi\u00e9n alberga especies amenazadas de fauna silvestre, como el jaguar (Panthera on\u00e7a), el tigrillo (Leopardus pardalis), el oso de anteojos (Tremarctos ornatus), la nutria (Lontra longicaudis), el gato silvestre (Oncifelis colocolo), el tapir de altura (Tapirus pinchaque), el pilco o quetzal de cabeza dorada (Pharomachrus auriceps) y el gallito de las rocas (Rupicola peruviana).<\/p>\n<p>Lamentablemente la importante cantidad de vida silvestre animal y vegetal est\u00e1n desapareciendo por acci\u00f3n de los agricultores y ganaderos quienes invaden las \u00e1reas intangibles, talando \u00e1rboles para ampliar las fronteras agropecuarias, originando con ello alteraciones irreversibles, en el pasaje y la extensi\u00f3n de especies.<\/p>\n<form id=\"vozme_form_534aaa9c4a2a466e671d757be59b0380\" method=\"post\" name=\"vozme_form_534aaa9c4a2a466e671d757be59b0380\" target=\"534aaa9c4a2a466e671d757be59b0380\" action=\"http:\/\/vozme.com\/text2voice.php\"><input name=\"text\" type=\"hidden\" value=\"Especies Amenazadas. El Parque tambi\u00e9n alberga especies amenazadas de fauna silvestre, como el jaguar (Panthera on\u00e7a), el tigrillo (Leopardus pardalis), el oso de anteojos (Tremarctos ornatus), la nutria (Lontra longicaudis), el gato silvestre (Oncifelis colocolo), el tapir de altura (Tapirus pinchaque), el pilco o quetzal de cabeza dorada (Pharomachrus auriceps) y el gallito de las rocas (Rupicola peruviana).\nLamentablemente la importante cantidad de vida silvestre animal y vegetal est\u00e1n desapareciendo por acci\u00f3n de los agricultores y ganaderos quienes invaden las \u00e1reas intangibles, talando \u00e1rboles para ampliar las fronteras agropecuarias, originando con ello alteraciones irreversibles, en el pasaje y la extensi\u00f3n de especies.\n\" \/><input name=\"lang\" type=\"hidden\" value=\"es\" \/><input name=\"gn\" type=\"hidden\" value=\"ml\" \/><input type=\"hidden\" id=\"interface\" name=\"interface\" value=\"full\" \/>\n\t\t\t<div style=\"text-align:left;\">\n\t\t\t\n\t\t\t\t<input style=\"float:left;\" type=\"image\" width=\"40\" height=\"40\" src=\"http:\/\/blog.espol.edu.ec\/cutervo\/wp-content\/plugins\/vozme\/img\/megaphone40x40w.gif\" alt=\"Escucha este post\" onclick=\"window.open('', '534aaa9c4a2a466e671d757be59b0380', 'width=600,height=370,scrollbars=yes,location=yes,menubar=yes,resizable=yes,status=yes,toolbar=yes');\">\n\t\t\t\t<div style=\"margin-left:48px; text-align:left;\"><a style=\"font-size:12px;\" href=\"javascript:void(0);\" onclick=\"window.open('', '534aaa9c4a2a466e671d757be59b0380', 'width=600,height=370,scrollbars=yes,location=yes,menubar=yes,resizable=yes,status=yes,toolbar=yes'); document.getElementById('vozme_form_534aaa9c4a2a466e671d757be59b0380').submit();\">Escucha<br\/>este post<\/a><\/div>\n\t\t\t<\/div><\/form>","protected":false},"excerpt":{"rendered":"<p>El Parque tambi\u00e9n alberga especies amenazadas de fauna silvestre, como el jaguar (Panthera on\u00e7a), el tigrillo (Leopardus pardalis), el oso de anteojos (Tremarctos ornatus), la nutria (Lontra longicaudis), el gato silvestre (Oncifelis colocolo), el tapir de altura (Tapirus pinchaque), el pilco o quetzal de cabeza dorada (Pharomachrus auriceps) y el gallito de las rocas (Rupicola [&hellip;]<\/p>\n","protected":false},"author":10730,"featured_media":0,"parent":0,"menu_order":0,"comment_status":"closed","ping_status":"closed","template":"","meta":{"footnotes":""},"class_list":["post-114","page","type-page","status-publish","hentry"],"_links":{"self":[{"href":"https:\/\/blog.espol.edu.ec\/cutervo\/wp-json\/wp\/v2\/pages\/114","targetHints":{"allow":["GET"]}}],"collection":[{"href":"https:\/\/blog.espol.edu.ec\/cutervo\/wp-json\/wp\/v2\/pages"}],"about":[{"href":"https:\/\/blog.espol.edu.ec\/cutervo\/wp-json\/wp\/v2\/types\/page"}],"author":[{"embeddable":true,"href":"https:\/\/blog.espol.edu.ec\/cutervo\/wp-json\/wp\/v2\/users\/10730"}],"replies":[{"embeddable":true,"href":"https:\/\/blog.espol.edu.ec\/cutervo\/wp-json\/wp\/v2\/comments?post=114"}],"version-history":[{"count":1,"href":"https:\/\/blog.espol.edu.ec\/cutervo\/wp-json\/wp\/v2\/pages\/114\/revisions"}],"predecessor-version":[{"id":116,"href":"https:\/\/blog.espol.edu.ec\/cutervo\/wp-json\/wp\/v2\/pages\/114\/revisions\/116"}],"wp:attachment":[{"href":"https:\/\/blog.espol.edu.ec\/cutervo\/wp-json\/wp\/v2\/media?parent=114"}],"curies":[{"name":"wp","href":"https:\/\/api.w.org\/{rel}","templated":true}]}}