{"id":125,"date":"2016-11-15T02:04:20","date_gmt":"2016-11-15T02:04:20","guid":{"rendered":"http:\/\/blog.espol.edu.ec\/cutervo\/?page_id=125"},"modified":"2016-11-15T02:04:20","modified_gmt":"2016-11-15T02:04:20","slug":"el-landaruto-landa-o-corta-pelo","status":"publish","type":"page","link":"https:\/\/blog.espol.edu.ec\/cutervo\/el-landaruto-landa-o-corta-pelo\/","title":{"rendered":"El landaruto, landa o corta pelo"},"content":{"rendered":"<p>Fiesta que se hace en el primer corte de cabello a un ni\u00f1o asign\u00e1ndole padrinos, los que deben hacerle regalos valiosos. La preparaci\u00f3n de este acontecimiento se inicia desde la v\u00edspera donde se d\u00e1 muerte a cuyes y gallinas de corral, por la ma\u00f1ana se re\u00fanen los familiares para pelar las papas que son el ingrediente principal en la comida del d\u00eda.<\/p>\n<p>El ni\u00f1o al cual se har\u00e1 el corte aparece con la madre la cual est\u00e1 vestida con un colorido traje t\u00edpico, su sombrero nuevo, la cual toma su emplazamiento en un lugar c\u00e9ntrico, luego los padrinos hacen el corte del cabello y lo depositan en lavatorio, posteriormente pasado el corte se inicia la comida y el brindis para luego pasar al baile y las celebraciones.<\/p>\n<p><img decoding=\"async\" class=\"aligncenter\" src=\"http:\/\/3.bp.blogspot.com\/-U8qyufc5Umk\/VQDbzEYyAvI\/AAAAAAAAADQ\/yIZp00zUHK4\/s1600\/Imagen2.png\" \/><\/p>\n<form id=\"vozme_form_062ad58e15d94a317603c9bbe4b9f3e2\" method=\"post\" name=\"vozme_form_062ad58e15d94a317603c9bbe4b9f3e2\" target=\"062ad58e15d94a317603c9bbe4b9f3e2\" action=\"http:\/\/vozme.com\/text2voice.php\"><input name=\"text\" type=\"hidden\" value=\"El landaruto, landa o corta pelo. Fiesta que se hace en el primer corte de cabello a un ni\u00f1o asign\u00e1ndole padrinos, los que deben hacerle regalos valiosos. La preparaci\u00f3n de este acontecimiento se inicia desde la v\u00edspera donde se d\u00e1 muerte a cuyes y gallinas de corral, por la ma\u00f1ana se re\u00fanen los familiares para pelar las papas que son el ingrediente principal en la comida del d\u00eda.\nEl ni\u00f1o al cual se har\u00e1 el corte aparece con la madre la cual est\u00e1 vestida con un colorido traje t\u00edpico, su sombrero nuevo, la cual toma su emplazamiento en un lugar c\u00e9ntrico, luego los padrinos hacen el corte del cabello y lo depositan en lavatorio, posteriormente pasado el corte se inicia la comida y el brindis para luego pasar al baile y las celebraciones.\n\n\" \/><input name=\"lang\" type=\"hidden\" value=\"es\" \/><input name=\"gn\" type=\"hidden\" value=\"ml\" \/><input type=\"hidden\" id=\"interface\" name=\"interface\" value=\"full\" \/>\n\t\t\t<div style=\"text-align:left;\">\n\t\t\t\n\t\t\t\t<input style=\"float:left;\" type=\"image\" width=\"40\" height=\"40\" src=\"http:\/\/blog.espol.edu.ec\/cutervo\/wp-content\/plugins\/vozme\/img\/megaphone40x40w.gif\" alt=\"Escucha este post\" onclick=\"window.open('', '062ad58e15d94a317603c9bbe4b9f3e2', 'width=600,height=370,scrollbars=yes,location=yes,menubar=yes,resizable=yes,status=yes,toolbar=yes');\">\n\t\t\t\t<div style=\"margin-left:48px; text-align:left;\"><a style=\"font-size:12px;\" href=\"javascript:void(0);\" onclick=\"window.open('', '062ad58e15d94a317603c9bbe4b9f3e2', 'width=600,height=370,scrollbars=yes,location=yes,menubar=yes,resizable=yes,status=yes,toolbar=yes'); document.getElementById('vozme_form_062ad58e15d94a317603c9bbe4b9f3e2').submit();\">Escucha<br\/>este post<\/a><\/div>\n\t\t\t<\/div><\/form>","protected":false},"excerpt":{"rendered":"<p>Fiesta que se hace en el primer corte de cabello a un ni\u00f1o asign\u00e1ndole padrinos, los que deben hacerle regalos valiosos. La preparaci\u00f3n de este acontecimiento se inicia desde la v\u00edspera donde se d\u00e1 muerte a cuyes y gallinas de corral, por la ma\u00f1ana se re\u00fanen los familiares para pelar las papas que son el [&hellip;]<\/p>\n","protected":false},"author":10730,"featured_media":0,"parent":0,"menu_order":0,"comment_status":"closed","ping_status":"closed","template":"","meta":{"footnotes":""},"class_list":["post-125","page","type-page","status-publish","hentry"],"_links":{"self":[{"href":"https:\/\/blog.espol.edu.ec\/cutervo\/wp-json\/wp\/v2\/pages\/125","targetHints":{"allow":["GET"]}}],"collection":[{"href":"https:\/\/blog.espol.edu.ec\/cutervo\/wp-json\/wp\/v2\/pages"}],"about":[{"href":"https:\/\/blog.espol.edu.ec\/cutervo\/wp-json\/wp\/v2\/types\/page"}],"author":[{"embeddable":true,"href":"https:\/\/blog.espol.edu.ec\/cutervo\/wp-json\/wp\/v2\/users\/10730"}],"replies":[{"embeddable":true,"href":"https:\/\/blog.espol.edu.ec\/cutervo\/wp-json\/wp\/v2\/comments?post=125"}],"version-history":[{"count":1,"href":"https:\/\/blog.espol.edu.ec\/cutervo\/wp-json\/wp\/v2\/pages\/125\/revisions"}],"predecessor-version":[{"id":127,"href":"https:\/\/blog.espol.edu.ec\/cutervo\/wp-json\/wp\/v2\/pages\/125\/revisions\/127"}],"wp:attachment":[{"href":"https:\/\/blog.espol.edu.ec\/cutervo\/wp-json\/wp\/v2\/media?parent=125"}],"curies":[{"name":"wp","href":"https:\/\/api.w.org\/{rel}","templated":true}]}}