{"id":131,"date":"2016-11-15T02:06:36","date_gmt":"2016-11-15T02:06:36","guid":{"rendered":"http:\/\/blog.espol.edu.ec\/cutervo\/?page_id=131"},"modified":"2016-11-15T02:06:36","modified_gmt":"2016-11-15T02:06:36","slug":"la-lava-de-ropa-el-cinco","status":"publish","type":"page","link":"https:\/\/blog.espol.edu.ec\/cutervo\/la-lava-de-ropa-el-cinco\/","title":{"rendered":"La lava de ropa (el cinco)"},"content":{"rendered":"<p>Consiste en lavar la ropa del difunto a los cinco d\u00edas de su fallecimiento haciendo a la vez ofrendas, rezos otros rituales para propiciar la liberaci\u00f3n de penas del \"\u00e1nima\" del difunto, luego que es secada se lleva a la casa de los familiares dejando una cruz de madera con el nombre del difunto.<\/p>\n<p><img decoding=\"async\" class=\"aligncenter\" src=\"http:\/\/4.bp.blogspot.com\/-dRhQsx9pN6Y\/VQDd25kfpiI\/AAAAAAAAADk\/GGDJlNIUfj4\/s320\/Imagen5.jpg\" \/><\/p>\n<form id=\"vozme_form_46e0d8eef116582fb4a6991f981a8350\" method=\"post\" name=\"vozme_form_46e0d8eef116582fb4a6991f981a8350\" target=\"46e0d8eef116582fb4a6991f981a8350\" action=\"http:\/\/vozme.com\/text2voice.php\"><input name=\"text\" type=\"hidden\" value=\"La lava de ropa (el cinco). Consiste en lavar la ropa del difunto a los cinco d\u00edas de su fallecimiento haciendo a la vez ofrendas, rezos otros rituales para propiciar la liberaci\u00f3n de penas del &quot;\u00e1nima&quot; del difunto, luego que es secada se lleva a la casa de los familiares dejando una cruz de madera con el nombre del difunto.\n\n\" \/><input name=\"lang\" type=\"hidden\" value=\"es\" \/><input name=\"gn\" type=\"hidden\" value=\"ml\" \/><input type=\"hidden\" id=\"interface\" name=\"interface\" value=\"full\" \/>\n\t\t\t<div style=\"text-align:left;\">\n\t\t\t\n\t\t\t\t<input style=\"float:left;\" type=\"image\" width=\"40\" height=\"40\" src=\"http:\/\/blog.espol.edu.ec\/cutervo\/wp-content\/plugins\/vozme\/img\/megaphone40x40w.gif\" alt=\"Escucha este post\" onclick=\"window.open('', '46e0d8eef116582fb4a6991f981a8350', 'width=600,height=370,scrollbars=yes,location=yes,menubar=yes,resizable=yes,status=yes,toolbar=yes');\">\n\t\t\t\t<div style=\"margin-left:48px; text-align:left;\"><a style=\"font-size:12px;\" href=\"javascript:void(0);\" onclick=\"window.open('', '46e0d8eef116582fb4a6991f981a8350', 'width=600,height=370,scrollbars=yes,location=yes,menubar=yes,resizable=yes,status=yes,toolbar=yes'); document.getElementById('vozme_form_46e0d8eef116582fb4a6991f981a8350').submit();\">Escucha<br\/>este post<\/a><\/div>\n\t\t\t<\/div><\/form>","protected":false},"excerpt":{"rendered":"<p>Consiste en lavar la ropa del difunto a los cinco d\u00edas de su fallecimiento haciendo a la vez ofrendas, rezos otros rituales para propiciar la liberaci\u00f3n de penas del \"\u00e1nima\" del difunto, luego que es secada se lleva a la casa de los familiares dejando una cruz de madera con el nombre del difunto. Escuchaeste [&hellip;]<\/p>\n","protected":false},"author":10730,"featured_media":0,"parent":0,"menu_order":0,"comment_status":"closed","ping_status":"closed","template":"","meta":{"footnotes":""},"class_list":["post-131","page","type-page","status-publish","hentry"],"_links":{"self":[{"href":"https:\/\/blog.espol.edu.ec\/cutervo\/wp-json\/wp\/v2\/pages\/131","targetHints":{"allow":["GET"]}}],"collection":[{"href":"https:\/\/blog.espol.edu.ec\/cutervo\/wp-json\/wp\/v2\/pages"}],"about":[{"href":"https:\/\/blog.espol.edu.ec\/cutervo\/wp-json\/wp\/v2\/types\/page"}],"author":[{"embeddable":true,"href":"https:\/\/blog.espol.edu.ec\/cutervo\/wp-json\/wp\/v2\/users\/10730"}],"replies":[{"embeddable":true,"href":"https:\/\/blog.espol.edu.ec\/cutervo\/wp-json\/wp\/v2\/comments?post=131"}],"version-history":[{"count":1,"href":"https:\/\/blog.espol.edu.ec\/cutervo\/wp-json\/wp\/v2\/pages\/131\/revisions"}],"predecessor-version":[{"id":133,"href":"https:\/\/blog.espol.edu.ec\/cutervo\/wp-json\/wp\/v2\/pages\/131\/revisions\/133"}],"wp:attachment":[{"href":"https:\/\/blog.espol.edu.ec\/cutervo\/wp-json\/wp\/v2\/media?parent=131"}],"curies":[{"name":"wp","href":"https:\/\/api.w.org\/{rel}","templated":true}]}}