{"id":152,"date":"2016-11-15T02:14:58","date_gmt":"2016-11-15T02:14:58","guid":{"rendered":"http:\/\/blog.espol.edu.ec\/cutervo\/?page_id=152"},"modified":"2016-11-15T02:14:58","modified_gmt":"2016-11-15T02:14:58","slug":"las-yunzas-de-carnaval","status":"publish","type":"page","link":"https:\/\/blog.espol.edu.ec\/cutervo\/las-yunzas-de-carnaval\/","title":{"rendered":"Las yunzas de carnaval"},"content":{"rendered":"<p><span lang=\"ES\">La yunza es un \u00e1rbol (generalmente aliso) adornado con diversos objetos (alimentos, vestidos, detergente, frazadas, zapatos, radios, y otros enseres) y que a su alrededor se inicia la fiesta amenizada por una banda t\u00edpica o de m\u00fasicos, al anochecer los concursantes cogidos de la mano van dando vueltas en el torno del \u00e1rbol por parejas y por turnos pasan a cortar con un machete el tronco de la yunza, luego de ca\u00eddo, la concurrencia se acerca al \u00e1rbol ca\u00eddo para coger alg\u00fan objeto.\u00a0<\/span>Se paran \"YUNZAS\" terminados los festejos de la semana Carnavalesca y dura varias semanas, s\u00f3lo termina con la Semana Santa.<\/p>\n<p><img decoding=\"async\" class=\"aligncenter\" src=\"http:\/\/1.bp.blogspot.com\/-jPih93WH17Q\/T9UzQEwbuoI\/AAAAAAAAAA0\/vvAzS2hevkc\/s1600\/Untitled1.png\" \/><\/p>\n<p><img decoding=\"async\" class=\"alignnone\" src=\"http:\/\/www.cutervoaldia.com\/multimedia\/post\/640x330_15052922_11224149_1130333930325358_6279301593155321150_n.jpg\" \/><\/p>\n<form id=\"vozme_form_b072c241d3f965a339f8ac8f3c433be4\" method=\"post\" name=\"vozme_form_b072c241d3f965a339f8ac8f3c433be4\" target=\"b072c241d3f965a339f8ac8f3c433be4\" action=\"http:\/\/vozme.com\/text2voice.php\"><input name=\"text\" type=\"hidden\" value=\"Las yunzas de carnaval. La yunza es un \u00e1rbol (generalmente aliso) adornado con diversos objetos (alimentos, vestidos, detergente, frazadas, zapatos, radios, y otros enseres) y que a su alrededor se inicia la fiesta amenizada por una banda t\u00edpica o de m\u00fasicos, al anochecer los concursantes cogidos de la mano van dando vueltas en el torno del \u00e1rbol por parejas y por turnos pasan a cortar con un machete el tronco de la yunza, luego de ca\u00eddo, la concurrencia se acerca al \u00e1rbol ca\u00eddo para coger alg\u00fan objeto.\u00a0Se paran &quot;YUNZAS&quot; terminados los festejos de la semana Carnavalesca y dura varias semanas, s\u00f3lo termina con la Semana Santa.\n\n\n\" \/><input name=\"lang\" type=\"hidden\" value=\"es\" \/><input name=\"gn\" type=\"hidden\" value=\"ml\" \/><input type=\"hidden\" id=\"interface\" name=\"interface\" value=\"full\" \/>\n\t\t\t<div style=\"text-align:left;\">\n\t\t\t\n\t\t\t\t<input style=\"float:left;\" type=\"image\" width=\"40\" height=\"40\" src=\"http:\/\/blog.espol.edu.ec\/cutervo\/wp-content\/plugins\/vozme\/img\/megaphone40x40w.gif\" alt=\"Escucha este post\" onclick=\"window.open('', 'b072c241d3f965a339f8ac8f3c433be4', 'width=600,height=370,scrollbars=yes,location=yes,menubar=yes,resizable=yes,status=yes,toolbar=yes');\">\n\t\t\t\t<div style=\"margin-left:48px; text-align:left;\"><a style=\"font-size:12px;\" href=\"javascript:void(0);\" onclick=\"window.open('', 'b072c241d3f965a339f8ac8f3c433be4', 'width=600,height=370,scrollbars=yes,location=yes,menubar=yes,resizable=yes,status=yes,toolbar=yes'); document.getElementById('vozme_form_b072c241d3f965a339f8ac8f3c433be4').submit();\">Escucha<br\/>este post<\/a><\/div>\n\t\t\t<\/div><\/form>","protected":false},"excerpt":{"rendered":"<p>La yunza es un \u00e1rbol (generalmente aliso) adornado con diversos objetos (alimentos, vestidos, detergente, frazadas, zapatos, radios, y otros enseres) y que a su alrededor se inicia la fiesta amenizada por una banda t\u00edpica o de m\u00fasicos, al anochecer los concursantes cogidos de la mano van dando vueltas en el torno del \u00e1rbol por parejas [&hellip;]<\/p>\n","protected":false},"author":10730,"featured_media":0,"parent":0,"menu_order":0,"comment_status":"closed","ping_status":"closed","template":"","meta":{"footnotes":""},"class_list":["post-152","page","type-page","status-publish","hentry"],"_links":{"self":[{"href":"https:\/\/blog.espol.edu.ec\/cutervo\/wp-json\/wp\/v2\/pages\/152","targetHints":{"allow":["GET"]}}],"collection":[{"href":"https:\/\/blog.espol.edu.ec\/cutervo\/wp-json\/wp\/v2\/pages"}],"about":[{"href":"https:\/\/blog.espol.edu.ec\/cutervo\/wp-json\/wp\/v2\/types\/page"}],"author":[{"embeddable":true,"href":"https:\/\/blog.espol.edu.ec\/cutervo\/wp-json\/wp\/v2\/users\/10730"}],"replies":[{"embeddable":true,"href":"https:\/\/blog.espol.edu.ec\/cutervo\/wp-json\/wp\/v2\/comments?post=152"}],"version-history":[{"count":1,"href":"https:\/\/blog.espol.edu.ec\/cutervo\/wp-json\/wp\/v2\/pages\/152\/revisions"}],"predecessor-version":[{"id":154,"href":"https:\/\/blog.espol.edu.ec\/cutervo\/wp-json\/wp\/v2\/pages\/152\/revisions\/154"}],"wp:attachment":[{"href":"https:\/\/blog.espol.edu.ec\/cutervo\/wp-json\/wp\/v2\/media?parent=152"}],"curies":[{"name":"wp","href":"https:\/\/api.w.org\/{rel}","templated":true}]}}