{"id":158,"date":"2016-11-15T02:20:36","date_gmt":"2016-11-15T02:20:36","guid":{"rendered":"http:\/\/blog.espol.edu.ec\/cutervo\/?page_id=158"},"modified":"2016-11-15T02:20:36","modified_gmt":"2016-11-15T02:20:36","slug":"feria-en-honor-al-patron-san-juan-bautista","status":"publish","type":"page","link":"https:\/\/blog.espol.edu.ec\/cutervo\/feria-en-honor-al-patron-san-juan-bautista\/","title":{"rendered":"FERIA EN HONOR AL PATRON SAN JUAN BAUTISTA"},"content":{"rendered":"<div class=\"estilo5\" align=\"center\">(Del 24 al 30 de junio)<\/div>\n<div class=\"estilo9\">La m\u00e1s importante fiesta costumbrista de la ciudad se desarrolla en honor al santo San Juan Bautista, \u00e9sta es una fiesta costumbrista que fue implantada en la \u00e9poca colonial, se realiza la segunda quincena del mes de Junio de cada a\u00f1o, desarroll\u00e1ndose diversas actividades, de la cual resalta la \"FERIA INTERNACIONAL TAURINA\" (24-30 Jun.), con seguidas siete tardes de lidia de toros de casta, tambi\u00e9n se desarrolla en forma paralela la \"FERIA AGROPECUARIA ARTESANAL\", con una programaci\u00f3n propia que permite exhibir el potencial agropecuario artesanal que cuenta Cutervo; las actividades desarrolladas en la Feria Agropecuaria - Artesanal se complementa adem\u00e1s con otras actividades como conciertos, desfiles diversos (reinado, clubes de Madres, Rondas Campesinas, etc.), exhibiciones (ganado vacuno, productos agropecuarios, artesan\u00eda), alcanzado renombre Nacional y destacando la participaci\u00f3n activa del Campesinado Cutervino.<\/div>\n<div class=\"estilo9\">Tambi\u00e9n se desarrolla el Gran Concurso de MARINERA, con la participaci\u00f3n de parejas concursantes de diferentes ciudades; la presentaci\u00f3n de las parejas ganadoras se hace el d\u00eda de <i>25 <\/i>de Junio. En la Monumental Plaza de Toros \"Jorge Piedra Lozada\", para recibir el aplauso del respetable.<\/div>\n<div class=\"estilo9\">Otras de las actividades que da realce a la feria en Honor al Santo Patr\u00f3n es el \"CONCURSO DE CABALLOS DE PASO\"; compitiendo los mejores criadores de la Regi\u00f3n, festividad que se complementa con: peleas de gallos, quema de fuegos artificiales, presencia de las mejores Bandas de M\u00fasicos de la Regi\u00f3n y re\u00f1idas competencias deportivas.<\/div>\n<p>La \u00faltima Semana de Junio de cada a\u00f1o, puede considerarse como la SEMANA TURISTICA DE CUTERVO<\/p>\n<p><img decoding=\"async\" class=\"aligncenter\" src=\"http:\/\/2.bp.blogspot.com\/-0Hu0D5t1g7M\/T9U1HjhK6_I\/AAAAAAAAAA8\/vn9AAJQycuU\/s1600\/images.jpg\" \/><\/p>\n<p><img decoding=\"async\" class=\"aligncenter\" src=\"http:\/\/www.cutervoaldia.com\/multimedia\/post\/640x330_16061813_cartel_oficial_cutervo_2016.jpg\" \/><\/p>\n<p><img decoding=\"async\" src=\"http:\/\/www.notialdia.net\/wp-content\/uploads\/2013\/06\/Motocross.jpg\" alt=\"Resultado de imagen para cutervo\" \/><\/p>\n<p>ver el siguiente video:<\/p>\n<p><iframe loading=\"lazy\" title=\"Feria San Juan Bautista 2015 Cutervo (Cutiry Tours)\" width=\"506\" height=\"285\" src=\"https:\/\/www.youtube.com\/embed\/dR91WTDfcnw?feature=oembed\" frameborder=\"0\" allow=\"accelerometer; autoplay; clipboard-write; encrypted-media; gyroscope; picture-in-picture; web-share\" referrerpolicy=\"strict-origin-when-cross-origin\" allowfullscreen><\/iframe><\/p>\n<form id=\"vozme_form_6c7916e91273c9214ad40e7bf9799c4a\" method=\"post\" name=\"vozme_form_6c7916e91273c9214ad40e7bf9799c4a\" target=\"6c7916e91273c9214ad40e7bf9799c4a\" action=\"http:\/\/vozme.com\/text2voice.php\"><input name=\"text\" type=\"hidden\" value=\"FERIA EN HONOR AL PATRON SAN JUAN BAUTISTA. (Del 24 al 30 de junio)\nLa m\u00e1s importante fiesta costumbrista de la ciudad se desarrolla en honor al santo San Juan Bautista, \u00e9sta es una fiesta costumbrista que fue implantada en la \u00e9poca colonial, se realiza la segunda quincena del mes de Junio de cada a\u00f1o, desarroll\u00e1ndose diversas actividades, de la cual resalta la &quot;FERIA INTERNACIONAL TAURINA&quot; (24-30 Jun.), con seguidas siete tardes de lidia de toros de casta, tambi\u00e9n se desarrolla en forma paralela la &quot;FERIA AGROPECUARIA ARTESANAL&quot;, con una programaci\u00f3n propia que permite exhibir el potencial agropecuario artesanal que cuenta Cutervo; las actividades desarrolladas en la Feria Agropecuaria - Artesanal se complementa adem\u00e1s con otras actividades como conciertos, desfiles diversos (reinado, clubes de Madres, Rondas Campesinas, etc.), exhibiciones (ganado vacuno, productos agropecuarios, artesan\u00eda), alcanzado renombre Nacional y destacando la participaci\u00f3n activa del Campesinado Cutervino.\nTambi\u00e9n se desarrolla el Gran Concurso de MARINERA, con la participaci\u00f3n de parejas concursantes de diferentes ciudades; la presentaci\u00f3n de las parejas ganadoras se hace el d\u00eda de 25 de Junio. En la Monumental Plaza de Toros &quot;Jorge Piedra Lozada&quot;, para recibir el aplauso del respetable.\nOtras de las actividades que da realce a la feria en Honor al Santo Patr\u00f3n es el &quot;CONCURSO DE CABALLOS DE PASO&quot;; compitiendo los mejores criadores de la Regi\u00f3n, festividad que se complementa con: peleas de gallos, quema de fuegos artificiales, presencia de las mejores Bandas de M\u00fasicos de la Regi\u00f3n y re\u00f1idas competencias deportivas.\nLa \u00faltima Semana de Junio de cada a\u00f1o, puede considerarse como la SEMANA TURISTICA DE CUTERVO\n\n\n\nver el siguiente video:\n\n\" \/><input name=\"lang\" type=\"hidden\" value=\"es\" \/><input name=\"gn\" type=\"hidden\" value=\"ml\" \/><input type=\"hidden\" id=\"interface\" name=\"interface\" value=\"full\" \/>\n\t\t\t<div style=\"text-align:left;\">\n\t\t\t\n\t\t\t\t<input style=\"float:left;\" type=\"image\" width=\"40\" height=\"40\" src=\"http:\/\/blog.espol.edu.ec\/cutervo\/wp-content\/plugins\/vozme\/img\/megaphone40x40w.gif\" alt=\"Escucha este post\" onclick=\"window.open('', '6c7916e91273c9214ad40e7bf9799c4a', 'width=600,height=370,scrollbars=yes,location=yes,menubar=yes,resizable=yes,status=yes,toolbar=yes');\">\n\t\t\t\t<div style=\"margin-left:48px; text-align:left;\"><a style=\"font-size:12px;\" href=\"javascript:void(0);\" onclick=\"window.open('', '6c7916e91273c9214ad40e7bf9799c4a', 'width=600,height=370,scrollbars=yes,location=yes,menubar=yes,resizable=yes,status=yes,toolbar=yes'); document.getElementById('vozme_form_6c7916e91273c9214ad40e7bf9799c4a').submit();\">Escucha<br\/>este post<\/a><\/div>\n\t\t\t<\/div><\/form>","protected":false},"excerpt":{"rendered":"<p>(Del 24 al 30 de junio) La m\u00e1s importante fiesta costumbrista de la ciudad se desarrolla en honor al santo San Juan Bautista, \u00e9sta es una fiesta costumbrista que fue implantada en la \u00e9poca colonial, se realiza la segunda quincena del mes de Junio de cada a\u00f1o, desarroll\u00e1ndose diversas actividades, de la cual resalta la [&hellip;]<\/p>\n","protected":false},"author":10730,"featured_media":0,"parent":0,"menu_order":0,"comment_status":"closed","ping_status":"closed","template":"","meta":{"footnotes":""},"class_list":["post-158","page","type-page","status-publish","hentry"],"_links":{"self":[{"href":"https:\/\/blog.espol.edu.ec\/cutervo\/wp-json\/wp\/v2\/pages\/158","targetHints":{"allow":["GET"]}}],"collection":[{"href":"https:\/\/blog.espol.edu.ec\/cutervo\/wp-json\/wp\/v2\/pages"}],"about":[{"href":"https:\/\/blog.espol.edu.ec\/cutervo\/wp-json\/wp\/v2\/types\/page"}],"author":[{"embeddable":true,"href":"https:\/\/blog.espol.edu.ec\/cutervo\/wp-json\/wp\/v2\/users\/10730"}],"replies":[{"embeddable":true,"href":"https:\/\/blog.espol.edu.ec\/cutervo\/wp-json\/wp\/v2\/comments?post=158"}],"version-history":[{"count":1,"href":"https:\/\/blog.espol.edu.ec\/cutervo\/wp-json\/wp\/v2\/pages\/158\/revisions"}],"predecessor-version":[{"id":160,"href":"https:\/\/blog.espol.edu.ec\/cutervo\/wp-json\/wp\/v2\/pages\/158\/revisions\/160"}],"wp:attachment":[{"href":"https:\/\/blog.espol.edu.ec\/cutervo\/wp-json\/wp\/v2\/media?parent=158"}],"curies":[{"name":"wp","href":"https:\/\/api.w.org\/{rel}","templated":true}]}}