{"id":161,"date":"2016-11-15T02:23:07","date_gmt":"2016-11-15T02:23:07","guid":{"rendered":"http:\/\/blog.espol.edu.ec\/cutervo\/?page_id=161"},"modified":"2016-11-15T02:23:07","modified_gmt":"2016-11-15T02:23:07","slug":"festividad-y-feria-de-la-virgen-de-la-asuncion","status":"publish","type":"page","link":"https:\/\/blog.espol.edu.ec\/cutervo\/festividad-y-feria-de-la-virgen-de-la-asuncion\/","title":{"rendered":"Festividad y Feria de la Virgen de la Asunci\u00f3n"},"content":{"rendered":"<p><img decoding=\"async\" class=\"aligncenter\" src=\"http:\/\/2.bp.blogspot.com\/-KdPr8sAWcaQ\/Vc6QdMYDHuI\/AAAAAAAAo9E\/Bu474AshKhI\/s1600\/virgen-asuncion-cutervo.jpg\" alt=\"virgen de la asuncion\" \/><\/p>\n<p>La veneraci\u00f3n a la Virgen de la Asunci\u00f3n en Cutervo, tiene sus or\u00edgenes en los primeros a\u00f1os de evangelizaci\u00f3n de estas tierras, casi desde su fundaci\u00f3n (10 de octubre de 1562).<\/p>\n<p>El reverendo padre Jos\u00e9 Carceller Galindo decidi\u00f3 darle mayor esplendor al culto. El primer inventario de la cofrad\u00eda verificado el 17 de febrero del a\u00f1o 1687, se le entregaron al primer mayordomo de la Virgen, Juan de Cubas. Cuatro mantos o vestidos, una corona de plata y varias alhajas.<\/p>\n<p>En Cutervo se celebra la festividad de la Virgen de la Asunci\u00f3n cada 15 de agosto, y se desarrollan una serie de actividades programadas por las Hermandades responsables de la conducci\u00f3n de las mismas como procesiones, quema de fuegos artificiales, actividades deportivas, etc.<\/p>\n<p>Desde los inicios del siglo XX hasta la d\u00e9cada del 40, la Feria de Agosto en Cutervo adquiri\u00f3 su mayor apogeo al adquirir renombre Regional y Nacional. En esas \u00e9pocas, Cutervo era el paso obligado de los habitantes de la Amazon\u00eda en su camino hacia la Costa.<\/p>\n<p>Las ferias en honor a la Sant\u00edsima Virgen de la Asunci\u00f3n, en el presente mantiene su importancia tradicional, ya que acuden a ella devotos y comerciantes de los pueblos vecinos adem\u00e1s de los coterr\u00e1neos residentes en otros lugares, quienes visitan Cutervo a disfrutar de las actividades programadas.<\/p>\n<p>https:\/\/youtu.be\/50HZJ2jSMWU<\/p>\n<p>&nbsp;<\/p>\n<form id=\"vozme_form_15cc32062c5fc0c4f4a027930135b117\" method=\"post\" name=\"vozme_form_15cc32062c5fc0c4f4a027930135b117\" target=\"15cc32062c5fc0c4f4a027930135b117\" action=\"http:\/\/vozme.com\/text2voice.php\"><input name=\"text\" type=\"hidden\" value=\"Festividad y Feria de la Virgen de la Asunci\u00f3n. \nLa veneraci\u00f3n a la Virgen de la Asunci\u00f3n en Cutervo, tiene sus or\u00edgenes en los primeros a\u00f1os de evangelizaci\u00f3n de estas tierras, casi desde su fundaci\u00f3n (10 de octubre de 1562).\nEl reverendo padre Jos\u00e9 Carceller Galindo decidi\u00f3 darle mayor esplendor al culto. El primer inventario de la cofrad\u00eda verificado el 17 de febrero del a\u00f1o 1687, se le entregaron al primer mayordomo de la Virgen, Juan de Cubas. Cuatro mantos o vestidos, una corona de plata y varias alhajas.\nEn Cutervo se celebra la festividad de la Virgen de la Asunci\u00f3n cada 15 de agosto, y se desarrollan una serie de actividades programadas por las Hermandades responsables de la conducci\u00f3n de las mismas como procesiones, quema de fuegos artificiales, actividades deportivas, etc.\nDesde los inicios del siglo XX hasta la d\u00e9cada del 40, la Feria de Agosto en Cutervo adquiri\u00f3 su mayor apogeo al adquirir renombre Regional y Nacional. En esas \u00e9pocas, Cutervo era el paso obligado de los habitantes de la Amazon\u00eda en su camino hacia la Costa.\nLas ferias en honor a la Sant\u00edsima Virgen de la Asunci\u00f3n, en el presente mantiene su importancia tradicional, ya que acuden a ella devotos y comerciantes de los pueblos vecinos adem\u00e1s de los coterr\u00e1neos residentes en otros lugares, quienes visitan Cutervo a disfrutar de las actividades programadas.\nhttps:\/\/youtu.be\/50HZJ2jSMWU\n&nbsp;\n\" \/><input name=\"lang\" type=\"hidden\" value=\"es\" \/><input name=\"gn\" type=\"hidden\" value=\"ml\" \/><input type=\"hidden\" id=\"interface\" name=\"interface\" value=\"full\" \/>\n\t\t\t<div style=\"text-align:left;\">\n\t\t\t\n\t\t\t\t<input style=\"float:left;\" type=\"image\" width=\"40\" height=\"40\" src=\"http:\/\/blog.espol.edu.ec\/cutervo\/wp-content\/plugins\/vozme\/img\/megaphone40x40w.gif\" alt=\"Escucha este post\" onclick=\"window.open('', '15cc32062c5fc0c4f4a027930135b117', 'width=600,height=370,scrollbars=yes,location=yes,menubar=yes,resizable=yes,status=yes,toolbar=yes');\">\n\t\t\t\t<div style=\"margin-left:48px; text-align:left;\"><a style=\"font-size:12px;\" href=\"javascript:void(0);\" onclick=\"window.open('', '15cc32062c5fc0c4f4a027930135b117', 'width=600,height=370,scrollbars=yes,location=yes,menubar=yes,resizable=yes,status=yes,toolbar=yes'); document.getElementById('vozme_form_15cc32062c5fc0c4f4a027930135b117').submit();\">Escucha<br\/>este post<\/a><\/div>\n\t\t\t<\/div><\/form>","protected":false},"excerpt":{"rendered":"<p>La veneraci\u00f3n a la Virgen de la Asunci\u00f3n en Cutervo, tiene sus or\u00edgenes en los primeros a\u00f1os de evangelizaci\u00f3n de estas tierras, casi desde su fundaci\u00f3n (10 de octubre de 1562). El reverendo padre Jos\u00e9 Carceller Galindo decidi\u00f3 darle mayor esplendor al culto. El primer inventario de la cofrad\u00eda verificado el 17 de febrero del [&hellip;]<\/p>\n","protected":false},"author":10730,"featured_media":0,"parent":0,"menu_order":0,"comment_status":"closed","ping_status":"closed","template":"","meta":{"footnotes":""},"class_list":["post-161","page","type-page","status-publish","hentry"],"_links":{"self":[{"href":"https:\/\/blog.espol.edu.ec\/cutervo\/wp-json\/wp\/v2\/pages\/161","targetHints":{"allow":["GET"]}}],"collection":[{"href":"https:\/\/blog.espol.edu.ec\/cutervo\/wp-json\/wp\/v2\/pages"}],"about":[{"href":"https:\/\/blog.espol.edu.ec\/cutervo\/wp-json\/wp\/v2\/types\/page"}],"author":[{"embeddable":true,"href":"https:\/\/blog.espol.edu.ec\/cutervo\/wp-json\/wp\/v2\/users\/10730"}],"replies":[{"embeddable":true,"href":"https:\/\/blog.espol.edu.ec\/cutervo\/wp-json\/wp\/v2\/comments?post=161"}],"version-history":[{"count":1,"href":"https:\/\/blog.espol.edu.ec\/cutervo\/wp-json\/wp\/v2\/pages\/161\/revisions"}],"predecessor-version":[{"id":163,"href":"https:\/\/blog.espol.edu.ec\/cutervo\/wp-json\/wp\/v2\/pages\/161\/revisions\/163"}],"wp:attachment":[{"href":"https:\/\/blog.espol.edu.ec\/cutervo\/wp-json\/wp\/v2\/media?parent=161"}],"curies":[{"name":"wp","href":"https:\/\/api.w.org\/{rel}","templated":true}]}}