{"id":164,"date":"2016-11-15T02:24:11","date_gmt":"2016-11-15T02:24:11","guid":{"rendered":"http:\/\/blog.espol.edu.ec\/cutervo\/?page_id=164"},"modified":"2016-11-15T02:26:29","modified_gmt":"2016-11-15T02:26:29","slug":"gran-feria-taurina-de-cutervo","status":"publish","type":"page","link":"https:\/\/blog.espol.edu.ec\/cutervo\/gran-feria-taurina-de-cutervo\/","title":{"rendered":"GRAN FERIA TAURINA DE  CUTERVO"},"content":{"rendered":"<div class=\"estilo9\">La Feria de la Tauromaquia es el plato fuerte de la Festividad en honor al Santo Patr\u00f3n \"SAN JUAN BAUTISTA\", se desarrolla entre los d\u00edas 24 al 30 de Junio de cada a\u00f1o, siendo una de las principales ferias taurinas en el Per\u00fa, se presentan en ella los mejores Diestros Nacionales e Internacionales, lidiando a toros de las mejores Ganader\u00edas del Pa\u00eds. El P\u00fablico que se da cita a la MONUMENTAL PLAZA DE TOROS \"Jorge Piedra Lozada\", aparte de colmarla, es conocedor del arte taurino brindando con su aplauso las magnificas faenas (pases, lances, ver\u00f3nicas, capotazos. Etc.) y reprueba con silbidos las acciones no acorde con la lidia de los toros.<\/div>\n<div class=\"estilo9\">La MONUMENTAL PLAZA DE TOROS \"Jorge Piedra Lozada\", se convierte en reto y honor para el matador Peruano, para alcanzar el preciado \"BANDER\u00cdN DE ORO DE SAN JUAN BAUTISTA\", la Monumental Plaza de Toros, es de similar calidad a otras plazas de toros Internacionales, participan en ella todos los Sectores de la Sociedad Cutervina adem\u00e1s visitantes de otras ciudades y Pa\u00edses.<\/div>\n<div class=\"estilo9\"><\/div>\n<div class=\"estilo9\"><img decoding=\"async\" class=\"aligncenter\" src=\"http:\/\/2.bp.blogspot.com\/-eGt7UV7WPyc\/T9U1n-T7PFI\/AAAAAAAAABE\/qUMS6RalKAA\/s1600\/lll.jpg\" \/><\/div>\n<div class=\"estilo9\"><img decoding=\"async\" class=\"aligncenter\" src=\"http:\/\/4.bp.blogspot.com\/-BZWAFekUarg\/T9U1r-taJGI\/AAAAAAAAABM\/qcu37qr6YVo\/s1600\/555.jpg\" \/><\/div>\n<div class=\"estilo9\">\n<a href=\"https:\/\/youtu.be\/zkLC8Hrg1Js\">https:\/\/youtu.be\/zkLC8Hrg1Js<\/a><\/p>\n<\/div>\n<form id=\"vozme_form_9143976df3600f831d23a3c9b1d86849\" method=\"post\" name=\"vozme_form_9143976df3600f831d23a3c9b1d86849\" target=\"9143976df3600f831d23a3c9b1d86849\" action=\"http:\/\/vozme.com\/text2voice.php\"><input name=\"text\" type=\"hidden\" value=\"GRAN FERIA TAURINA DE  CUTERVO. La Feria de la Tauromaquia es el plato fuerte de la Festividad en honor al Santo Patr\u00f3n &quot;SAN JUAN BAUTISTA&quot;, se desarrolla entre los d\u00edas 24 al 30 de Junio de cada a\u00f1o, siendo una de las principales ferias taurinas en el Per\u00fa, se presentan en ella los mejores Diestros Nacionales e Internacionales, lidiando a toros de las mejores Ganader\u00edas del Pa\u00eds. El P\u00fablico que se da cita a la MONUMENTAL PLAZA DE TOROS &quot;Jorge Piedra Lozada&quot;, aparte de colmarla, es conocedor del arte taurino brindando con su aplauso las magnificas faenas (pases, lances, ver\u00f3nicas, capotazos. Etc.) y reprueba con silbidos las acciones no acorde con la lidia de los toros.\nLa MONUMENTAL PLAZA DE TOROS &quot;Jorge Piedra Lozada&quot;, se convierte en reto y honor para el matador Peruano, para alcanzar el preciado &quot;BANDER\u00cdN DE ORO DE SAN JUAN BAUTISTA&quot;, la Monumental Plaza de Toros, es de similar calidad a otras plazas de toros Internacionales, participan en ella todos los Sectores de la Sociedad Cutervina adem\u00e1s visitantes de otras ciudades y Pa\u00edses.\n\n\n\n\nhttps:\/\/youtu.be\/zkLC8Hrg1Js\n\n\" \/><input name=\"lang\" type=\"hidden\" value=\"es\" \/><input name=\"gn\" type=\"hidden\" value=\"ml\" \/><input type=\"hidden\" id=\"interface\" name=\"interface\" value=\"full\" \/>\n\t\t\t<div style=\"text-align:left;\">\n\t\t\t\n\t\t\t\t<input style=\"float:left;\" type=\"image\" width=\"40\" height=\"40\" src=\"http:\/\/blog.espol.edu.ec\/cutervo\/wp-content\/plugins\/vozme\/img\/megaphone40x40w.gif\" alt=\"Escucha este post\" onclick=\"window.open('', '9143976df3600f831d23a3c9b1d86849', 'width=600,height=370,scrollbars=yes,location=yes,menubar=yes,resizable=yes,status=yes,toolbar=yes');\">\n\t\t\t\t<div style=\"margin-left:48px; text-align:left;\"><a style=\"font-size:12px;\" href=\"javascript:void(0);\" onclick=\"window.open('', '9143976df3600f831d23a3c9b1d86849', 'width=600,height=370,scrollbars=yes,location=yes,menubar=yes,resizable=yes,status=yes,toolbar=yes'); document.getElementById('vozme_form_9143976df3600f831d23a3c9b1d86849').submit();\">Escucha<br\/>este post<\/a><\/div>\n\t\t\t<\/div><\/form>","protected":false},"excerpt":{"rendered":"<p>La Feria de la Tauromaquia es el plato fuerte de la Festividad en honor al Santo Patr\u00f3n \"SAN JUAN BAUTISTA\", se desarrolla entre los d\u00edas 24 al 30 de Junio de cada a\u00f1o, siendo una de las principales ferias taurinas en el Per\u00fa, se presentan en ella los mejores Diestros Nacionales e Internacionales, lidiando a [&hellip;]<\/p>\n","protected":false},"author":10730,"featured_media":0,"parent":0,"menu_order":0,"comment_status":"closed","ping_status":"closed","template":"","meta":{"footnotes":""},"class_list":["post-164","page","type-page","status-publish","hentry"],"_links":{"self":[{"href":"https:\/\/blog.espol.edu.ec\/cutervo\/wp-json\/wp\/v2\/pages\/164","targetHints":{"allow":["GET"]}}],"collection":[{"href":"https:\/\/blog.espol.edu.ec\/cutervo\/wp-json\/wp\/v2\/pages"}],"about":[{"href":"https:\/\/blog.espol.edu.ec\/cutervo\/wp-json\/wp\/v2\/types\/page"}],"author":[{"embeddable":true,"href":"https:\/\/blog.espol.edu.ec\/cutervo\/wp-json\/wp\/v2\/users\/10730"}],"replies":[{"embeddable":true,"href":"https:\/\/blog.espol.edu.ec\/cutervo\/wp-json\/wp\/v2\/comments?post=164"}],"version-history":[{"count":3,"href":"https:\/\/blog.espol.edu.ec\/cutervo\/wp-json\/wp\/v2\/pages\/164\/revisions"}],"predecessor-version":[{"id":168,"href":"https:\/\/blog.espol.edu.ec\/cutervo\/wp-json\/wp\/v2\/pages\/164\/revisions\/168"}],"wp:attachment":[{"href":"https:\/\/blog.espol.edu.ec\/cutervo\/wp-json\/wp\/v2\/media?parent=164"}],"curies":[{"name":"wp","href":"https:\/\/api.w.org\/{rel}","templated":true}]}}