{"id":184,"date":"2016-11-15T02:34:50","date_gmt":"2016-11-15T02:34:50","guid":{"rendered":"http:\/\/blog.espol.edu.ec\/cutervo\/?page_id=184"},"modified":"2016-11-15T02:34:50","modified_gmt":"2016-11-15T02:34:50","slug":"dulces","status":"publish","type":"page","link":"https:\/\/blog.espol.edu.ec\/cutervo\/dulces\/","title":{"rendered":"Dulces"},"content":{"rendered":"<ul>\n<li>Bu\u00f1uelos con miel (el bu\u00f1uelo es una tortilla preparada a base de racacha)<\/li>\n<li>Dulce de Chiuche con leche,<\/li>\n<li>Los rallados mestizos y alfe\u00f1iques, alfajores (vejeranos)<\/li>\n<\/ul>\n<p><img decoding=\"async\" class=\"aligncenter\" src=\"http:\/\/4.bp.blogspot.com\/-VfPQIUT-FcU\/UmbZ6kiPPnI\/AAAAAAAALcw\/NLirCUCGS4g\/s400\/bu%C3%B1uelos.jpg\" \/><\/p>\n<p><img decoding=\"async\" class=\"aligncenter\" src=\"http:\/\/0.tqn.com\/d\/comidaperuana\/1\/S\/Y\/D\/-\/-\/mazamorra-de-calabaza.JPG\" \/><\/p>\n<p><img decoding=\"async\" src=\"https:\/\/fbcdn-sphotos-e-a.akamaihd.net\/hphotos-ak-xpt1\/v\/t1.0-9\/14484968_1194360293920117_6857387525037607523_n.jpg?oh=baead144cf7af4f44f57204ef904b1bb&amp;oe=58BD2A6E&amp;__gda__=1489991150_74036ae67e615d386d87fe900ebb72fc\" \/><\/p>\n<form id=\"vozme_form_c961d5d3cf2369e4c6bbb15c5691b4de\" method=\"post\" name=\"vozme_form_c961d5d3cf2369e4c6bbb15c5691b4de\" target=\"c961d5d3cf2369e4c6bbb15c5691b4de\" action=\"http:\/\/vozme.com\/text2voice.php\"><input name=\"text\" type=\"hidden\" value=\"Dulces. \nBu\u00f1uelos con miel (el bu\u00f1uelo es una tortilla preparada a base de racacha)\nDulce de Chiuche con leche,\nLos rallados mestizos y alfe\u00f1iques, alfajores (vejeranos)\n\n\n\n\n\" \/><input name=\"lang\" type=\"hidden\" value=\"es\" \/><input name=\"gn\" type=\"hidden\" value=\"ml\" \/><input type=\"hidden\" id=\"interface\" name=\"interface\" value=\"full\" \/>\n\t\t\t<div style=\"text-align:left;\">\n\t\t\t\n\t\t\t\t<input style=\"float:left;\" type=\"image\" width=\"40\" height=\"40\" src=\"http:\/\/blog.espol.edu.ec\/cutervo\/wp-content\/plugins\/vozme\/img\/megaphone40x40w.gif\" alt=\"Escucha este post\" onclick=\"window.open('', 'c961d5d3cf2369e4c6bbb15c5691b4de', 'width=600,height=370,scrollbars=yes,location=yes,menubar=yes,resizable=yes,status=yes,toolbar=yes');\">\n\t\t\t\t<div style=\"margin-left:48px; text-align:left;\"><a style=\"font-size:12px;\" href=\"javascript:void(0);\" onclick=\"window.open('', 'c961d5d3cf2369e4c6bbb15c5691b4de', 'width=600,height=370,scrollbars=yes,location=yes,menubar=yes,resizable=yes,status=yes,toolbar=yes'); document.getElementById('vozme_form_c961d5d3cf2369e4c6bbb15c5691b4de').submit();\">Escucha<br\/>este post<\/a><\/div>\n\t\t\t<\/div><\/form>","protected":false},"excerpt":{"rendered":"<p>Bu\u00f1uelos con miel (el bu\u00f1uelo es una tortilla preparada a base de racacha) Dulce de Chiuche con leche, Los rallados mestizos y alfe\u00f1iques, alfajores (vejeranos) Escuchaeste post<\/p>\n","protected":false},"author":10730,"featured_media":0,"parent":0,"menu_order":0,"comment_status":"closed","ping_status":"closed","template":"","meta":{"footnotes":""},"class_list":["post-184","page","type-page","status-publish","hentry"],"_links":{"self":[{"href":"https:\/\/blog.espol.edu.ec\/cutervo\/wp-json\/wp\/v2\/pages\/184","targetHints":{"allow":["GET"]}}],"collection":[{"href":"https:\/\/blog.espol.edu.ec\/cutervo\/wp-json\/wp\/v2\/pages"}],"about":[{"href":"https:\/\/blog.espol.edu.ec\/cutervo\/wp-json\/wp\/v2\/types\/page"}],"author":[{"embeddable":true,"href":"https:\/\/blog.espol.edu.ec\/cutervo\/wp-json\/wp\/v2\/users\/10730"}],"replies":[{"embeddable":true,"href":"https:\/\/blog.espol.edu.ec\/cutervo\/wp-json\/wp\/v2\/comments?post=184"}],"version-history":[{"count":1,"href":"https:\/\/blog.espol.edu.ec\/cutervo\/wp-json\/wp\/v2\/pages\/184\/revisions"}],"predecessor-version":[{"id":186,"href":"https:\/\/blog.espol.edu.ec\/cutervo\/wp-json\/wp\/v2\/pages\/184\/revisions\/186"}],"wp:attachment":[{"href":"https:\/\/blog.espol.edu.ec\/cutervo\/wp-json\/wp\/v2\/media?parent=184"}],"curies":[{"name":"wp","href":"https:\/\/api.w.org\/{rel}","templated":true}]}}