{"id":34,"date":"2016-11-15T01:09:39","date_gmt":"2016-11-15T01:09:39","guid":{"rendered":"http:\/\/blog.espol.edu.ec\/cutervo\/?page_id=34"},"modified":"2016-11-15T01:09:39","modified_gmt":"2016-11-15T01:09:39","slug":"amenazas","status":"publish","type":"page","link":"https:\/\/blog.espol.edu.ec\/cutervo\/amenazas\/","title":{"rendered":"Amenazas"},"content":{"rendered":"<p>Lamentablemente la importante cantidad de vida silvestre animal y vegetal est\u00e1n desapareciendo por acci\u00f3n de los agricultores y ganaderos quienes invaden las \u00e1reas intangibles, talando \u00e1rboles para ampliar las fronteras agropecuarias, originando con ello alteraciones irreversibles, en el pasaje y la extensi\u00f3n de especies.<\/p>\n<form id=\"vozme_form_75a88d8405397703f924bb04eb0a0194\" method=\"post\" name=\"vozme_form_75a88d8405397703f924bb04eb0a0194\" target=\"75a88d8405397703f924bb04eb0a0194\" action=\"http:\/\/vozme.com\/text2voice.php\"><input name=\"text\" type=\"hidden\" value=\"Amenazas. Lamentablemente la importante cantidad de vida silvestre animal y vegetal est\u00e1n desapareciendo por acci\u00f3n de los agricultores y ganaderos quienes invaden las \u00e1reas intangibles, talando \u00e1rboles para ampliar las fronteras agropecuarias, originando con ello alteraciones irreversibles, en el pasaje y la extensi\u00f3n de especies.\n\" \/><input name=\"lang\" type=\"hidden\" value=\"es\" \/><input name=\"gn\" type=\"hidden\" value=\"ml\" \/><input type=\"hidden\" id=\"interface\" name=\"interface\" value=\"full\" \/>\n\t\t\t<div style=\"text-align:left;\">\n\t\t\t\n\t\t\t\t<input style=\"float:left;\" type=\"image\" width=\"40\" height=\"40\" src=\"http:\/\/blog.espol.edu.ec\/cutervo\/wp-content\/plugins\/vozme\/img\/megaphone40x40w.gif\" alt=\"Escucha este post\" onclick=\"window.open('', '75a88d8405397703f924bb04eb0a0194', 'width=600,height=370,scrollbars=yes,location=yes,menubar=yes,resizable=yes,status=yes,toolbar=yes');\">\n\t\t\t\t<div style=\"margin-left:48px; text-align:left;\"><a style=\"font-size:12px;\" href=\"javascript:void(0);\" onclick=\"window.open('', '75a88d8405397703f924bb04eb0a0194', 'width=600,height=370,scrollbars=yes,location=yes,menubar=yes,resizable=yes,status=yes,toolbar=yes'); document.getElementById('vozme_form_75a88d8405397703f924bb04eb0a0194').submit();\">Escucha<br\/>este post<\/a><\/div>\n\t\t\t<\/div><\/form>","protected":false},"excerpt":{"rendered":"<p>Lamentablemente la importante cantidad de vida silvestre animal y vegetal est\u00e1n desapareciendo por acci\u00f3n de los agricultores y ganaderos quienes invaden las \u00e1reas intangibles, talando \u00e1rboles para ampliar las fronteras agropecuarias, originando con ello alteraciones irreversibles, en el pasaje y la extensi\u00f3n de especies. Escuchaeste post<\/p>\n","protected":false},"author":10730,"featured_media":0,"parent":0,"menu_order":0,"comment_status":"closed","ping_status":"closed","template":"","meta":{"footnotes":""},"class_list":["post-34","page","type-page","status-publish","hentry"],"_links":{"self":[{"href":"https:\/\/blog.espol.edu.ec\/cutervo\/wp-json\/wp\/v2\/pages\/34","targetHints":{"allow":["GET"]}}],"collection":[{"href":"https:\/\/blog.espol.edu.ec\/cutervo\/wp-json\/wp\/v2\/pages"}],"about":[{"href":"https:\/\/blog.espol.edu.ec\/cutervo\/wp-json\/wp\/v2\/types\/page"}],"author":[{"embeddable":true,"href":"https:\/\/blog.espol.edu.ec\/cutervo\/wp-json\/wp\/v2\/users\/10730"}],"replies":[{"embeddable":true,"href":"https:\/\/blog.espol.edu.ec\/cutervo\/wp-json\/wp\/v2\/comments?post=34"}],"version-history":[{"count":1,"href":"https:\/\/blog.espol.edu.ec\/cutervo\/wp-json\/wp\/v2\/pages\/34\/revisions"}],"predecessor-version":[{"id":35,"href":"https:\/\/blog.espol.edu.ec\/cutervo\/wp-json\/wp\/v2\/pages\/34\/revisions\/35"}],"wp:attachment":[{"href":"https:\/\/blog.espol.edu.ec\/cutervo\/wp-json\/wp\/v2\/media?parent=34"}],"curies":[{"name":"wp","href":"https:\/\/api.w.org\/{rel}","templated":true}]}}