{"id":47,"date":"2016-11-15T01:18:05","date_gmt":"2016-11-15T01:18:05","guid":{"rendered":"http:\/\/blog.espol.edu.ec\/cutervo\/?page_id=47"},"modified":"2016-11-15T01:18:05","modified_gmt":"2016-11-15T01:18:05","slug":"cerro-ilucan","status":"publish","type":"page","link":"https:\/\/blog.espol.edu.ec\/cutervo\/cerro-ilucan\/","title":{"rendered":"CERRO ILUCAN"},"content":{"rendered":"<p>El Cerro Ilucan, se encuentra ubicado en direcci\u00f3n Noroeste de la ciudad de Cutervo, en la regi\u00f3n natural quechua con clima h\u00famedo y semifr\u00edo con cambios estacionales de precipitaciones en los meses de diciembre a abril; la zona en donde se encuentra ubicada, tiene una temperatura aproximada de 16\u00baC a 19\u00baC. Se encuentra localiza a 15 minutos de la ciudad de Cutervo, \u00e9sta elevaci\u00f3n geol\u00f3gica, tiene una altura aproximada de 1720 metros y tiene una base extensa con una cima de nivel empinado moderado, en la parte superior inmediata a la cima se puede observar, la existencia de un conjunto habitacional, con estructuras cuadrangulares hechas a base de piedra laja, colocadas en forma de hileras horizontales, unidad con una argamasa de arcilla y paja; estas estructuras se encuentran en forma de terrazas las cuales ocupan gran parte del terreno, la altura aproximada de la plataforma central, es de 1.20 metros de alto, con un ancho de 3.00 metros y un largo de 4.00 metros; hasta la actualidad no se tiene datos hist\u00f3ricos de investigaci\u00f3n arqueol\u00f3gica para la interpretaci\u00f3n de la cosmovisi\u00f3n hist\u00f3rica del lugar. Otros de los recursos tur\u00edsticos perif\u00e9ricos que abarca el Cerro Ilucan, es la presencia de una \u00e1rea extensa de arena blanca denominada por los pobladores como el \"Arenal\" con un di\u00e1metro aproximado de 8, 183 m2. Este recurso se encuentra emplazado en la parte media inferior del Cerro Ilucan, en este lugar se realizan actividades costumbristas durante el 29 de mayo de cada a\u00f1o. Cabe recalcar que por sus caracter\u00edstica de cabecera de cuenca el Cerro Ilucan provee de agua a la ciudad de Cutervo pues existe peque\u00f1os cuerpos de agua en donde el m\u00e1s representativo tiene un di\u00e1metro aproximado de 174 m2, con una profundidad no mayor a las 1.10 metros. En la parte inferior del Cerro Iluc\u00e1n se encuentra ubicada la construcci\u00f3n del mirador tur\u00edstico, en donde los visitantes pueden realizar actividades de recreaci\u00f3n y as\u00ed mismo observar desde aqu\u00ed la ciudad de Cutervo. En el lugar se puede percibir la presencia de vientos constantes que se desplazan de este a oeste. La zona se encuentra rodeada casi en su totalidad por hierbas arrosetadas, gram\u00edneas filiformes y arbustos enanos. Asimismo se puede observar abundancia de especies de orqu\u00eddeas como las Elleanthus capitatus, Odontoglossum hallii, Pleurothalis, Phaius tankervillae, Cyclopogon, entre otras. La morfolog\u00eda del terreno, se caracteriza por presentar pendientes irregulares con elevaciones moderadas y altas con suelos compactos.<\/p>\n<div id=\"attachment_169\" style=\"width: 310px\" class=\"wp-caption aligncenter\"><img loading=\"lazy\" decoding=\"async\" aria-describedby=\"caption-attachment-169\" class=\"wp-image-169 size-medium\" src=\"http:\/\/blog.espol.edu.ec\/frtoro\/files\/2016\/11\/14484645_1194356483920498_2265865161539485453_n-300x168.jpg\" alt=\"14484645_1194356483920498_2265865161539485453_n\" width=\"300\" height=\"168\" \/><p id=\"caption-attachment-169\" class=\"wp-caption-text\">Arenales del cerro Ilucan<\/p><\/div>\n<p><img decoding=\"async\" class=\"aligncenter\" src=\"http:\/\/mw2.google.com\/mw-panoramio\/photos\/medium\/43965906.jpg\" \/><\/p>\n<p><img decoding=\"async\" class=\"aligncenter\" src=\"http:\/\/mw2.google.com\/mw-panoramio\/photos\/medium\/25999088.jpg\" \/><\/p>\n<p>https:\/\/youtu.be\/YJ0I-cGuJAY<\/p>\n<p>https:\/\/youtu.be\/5nn3AwPN17c<\/p>\n<p>https:\/\/youtu.be\/_pZoVx567nQ<\/p>\n<form id=\"vozme_form_d6a94572ca071e0f3953f32ad1676104\" method=\"post\" name=\"vozme_form_d6a94572ca071e0f3953f32ad1676104\" target=\"d6a94572ca071e0f3953f32ad1676104\" action=\"http:\/\/vozme.com\/text2voice.php\"><input name=\"text\" type=\"hidden\" value=\"CERRO ILUCAN. El Cerro Ilucan, se encuentra ubicado en direcci\u00f3n Noroeste de la ciudad de Cutervo, en la regi\u00f3n natural quechua con clima h\u00famedo y semifr\u00edo con cambios estacionales de precipitaciones en los meses de diciembre a abril; la zona en donde se encuentra ubicada, tiene una temperatura aproximada de 16\u00baC a 19\u00baC. Se encuentra localiza a 15 minutos de la ciudad de Cutervo, \u00e9sta elevaci\u00f3n geol\u00f3gica, tiene una altura aproximada de 1720 metros y tiene una base extensa con una cima de nivel empinado moderado, en la parte superior inmediata a la cima se puede observar, la existencia de un conjunto habitacional, con estructuras cuadrangulares hechas a base de piedra laja, colocadas en forma de hileras horizontales, unidad con una argamasa de arcilla y paja; estas estructuras se encuentran en forma de terrazas las cuales ocupan gran parte del terreno, la altura aproximada de la plataforma central, es de 1.20 metros de alto, con un ancho de 3.00 metros y un largo de 4.00 metros; hasta la actualidad no se tiene datos hist\u00f3ricos de investigaci\u00f3n arqueol\u00f3gica para la interpretaci\u00f3n de la cosmovisi\u00f3n hist\u00f3rica del lugar. Otros de los recursos tur\u00edsticos perif\u00e9ricos que abarca el Cerro Ilucan, es la presencia de una \u00e1rea extensa de arena blanca denominada por los pobladores como el &quot;Arenal&quot; con un di\u00e1metro aproximado de 8, 183 m2. Este recurso se encuentra emplazado en la parte media inferior del Cerro Ilucan, en este lugar se realizan actividades costumbristas durante el 29 de mayo de cada a\u00f1o. Cabe recalcar que por sus caracter\u00edstica de cabecera de cuenca el Cerro Ilucan provee de agua a la ciudad de Cutervo pues existe peque\u00f1os cuerpos de agua en donde el m\u00e1s representativo tiene un di\u00e1metro aproximado de 174 m2, con una profundidad no mayor a las 1.10 metros. En la parte inferior del Cerro Iluc\u00e1n se encuentra ubicada la construcci\u00f3n del mirador tur\u00edstico, en donde los visitantes pueden realizar actividades de recreaci\u00f3n y as\u00ed mismo observar desde aqu\u00ed la ciudad de Cutervo. En el lugar se puede percibir la presencia de vientos constantes que se desplazan de este a oeste. La zona se encuentra rodeada casi en su totalidad por hierbas arrosetadas, gram\u00edneas filiformes y arbustos enanos. Asimismo se puede observar abundancia de especies de orqu\u00eddeas como las Elleanthus capitatus, Odontoglossum hallii, Pleurothalis, Phaius tankervillae, Cyclopogon, entre otras. La morfolog\u00eda del terreno, se caracteriza por presentar pendientes irregulares con elevaciones moderadas y altas con suelos compactos.\n[caption id=&quot;attachment_169&quot; align=&quot;aligncenter&quot; width=&quot;300&quot;] Arenales del cerro Ilucan[\/caption]\n\n\nhttps:\/\/youtu.be\/YJ0I-cGuJAY\nhttps:\/\/youtu.be\/5nn3AwPN17c\nhttps:\/\/youtu.be\/_pZoVx567nQ\n\" \/><input name=\"lang\" type=\"hidden\" value=\"es\" \/><input name=\"gn\" type=\"hidden\" value=\"ml\" \/><input type=\"hidden\" id=\"interface\" name=\"interface\" value=\"full\" \/>\n\t\t\t<div style=\"text-align:left;\">\n\t\t\t\n\t\t\t\t<input style=\"float:left;\" type=\"image\" width=\"40\" height=\"40\" src=\"http:\/\/blog.espol.edu.ec\/cutervo\/wp-content\/plugins\/vozme\/img\/megaphone40x40w.gif\" alt=\"Escucha este post\" onclick=\"window.open('', 'd6a94572ca071e0f3953f32ad1676104', 'width=600,height=370,scrollbars=yes,location=yes,menubar=yes,resizable=yes,status=yes,toolbar=yes');\">\n\t\t\t\t<div style=\"margin-left:48px; text-align:left;\"><a style=\"font-size:12px;\" href=\"javascript:void(0);\" onclick=\"window.open('', 'd6a94572ca071e0f3953f32ad1676104', 'width=600,height=370,scrollbars=yes,location=yes,menubar=yes,resizable=yes,status=yes,toolbar=yes'); document.getElementById('vozme_form_d6a94572ca071e0f3953f32ad1676104').submit();\">Escucha<br\/>este post<\/a><\/div>\n\t\t\t<\/div><\/form>","protected":false},"excerpt":{"rendered":"<p>El Cerro Ilucan, se encuentra ubicado en direcci\u00f3n Noroeste de la ciudad de Cutervo, en la regi\u00f3n natural quechua con clima h\u00famedo y semifr\u00edo con cambios estacionales de precipitaciones en los meses de diciembre a abril; la zona en donde se encuentra ubicada, tiene una temperatura aproximada de 16\u00baC a 19\u00baC. Se encuentra localiza a [&hellip;]<\/p>\n","protected":false},"author":10730,"featured_media":0,"parent":0,"menu_order":0,"comment_status":"closed","ping_status":"closed","template":"","meta":{"footnotes":""},"class_list":["post-47","page","type-page","status-publish","hentry"],"_links":{"self":[{"href":"https:\/\/blog.espol.edu.ec\/cutervo\/wp-json\/wp\/v2\/pages\/47","targetHints":{"allow":["GET"]}}],"collection":[{"href":"https:\/\/blog.espol.edu.ec\/cutervo\/wp-json\/wp\/v2\/pages"}],"about":[{"href":"https:\/\/blog.espol.edu.ec\/cutervo\/wp-json\/wp\/v2\/types\/page"}],"author":[{"embeddable":true,"href":"https:\/\/blog.espol.edu.ec\/cutervo\/wp-json\/wp\/v2\/users\/10730"}],"replies":[{"embeddable":true,"href":"https:\/\/blog.espol.edu.ec\/cutervo\/wp-json\/wp\/v2\/comments?post=47"}],"version-history":[{"count":1,"href":"https:\/\/blog.espol.edu.ec\/cutervo\/wp-json\/wp\/v2\/pages\/47\/revisions"}],"predecessor-version":[{"id":48,"href":"https:\/\/blog.espol.edu.ec\/cutervo\/wp-json\/wp\/v2\/pages\/47\/revisions\/48"}],"wp:attachment":[{"href":"https:\/\/blog.espol.edu.ec\/cutervo\/wp-json\/wp\/v2\/media?parent=47"}],"curies":[{"name":"wp","href":"https:\/\/api.w.org\/{rel}","templated":true}]}}