{"id":51,"date":"2016-11-15T01:19:36","date_gmt":"2016-11-15T01:19:36","guid":{"rendered":"http:\/\/blog.espol.edu.ec\/cutervo\/?page_id=51"},"modified":"2016-11-15T01:19:36","modified_gmt":"2016-11-15T01:19:36","slug":"cuevas-de-ambulco","status":"publish","type":"page","link":"https:\/\/blog.espol.edu.ec\/cutervo\/cuevas-de-ambulco\/","title":{"rendered":"Cuevas de Ambulco"},"content":{"rendered":"<p>Denominadas con el nombre de Iglesias por los habitantes del lugar. La m\u00e1s peque\u00f1a tiene una altura que oscila entre los 6 y 8 m. y un ancho promedio entre los tres y nueve metros. En la cavidad interna se presentan bloques de piedra calc\u00e1rea, habi\u00e9ndose formado estalactitas y estalagmitas, as\u00ed como mantos y columnas de figuras caprichosas y de incomparable belleza debido a la uni\u00f3n de las anteriores.<\/p>\n<form id=\"vozme_form_ce30f9758f4bc67b48491d0e601a6340\" method=\"post\" name=\"vozme_form_ce30f9758f4bc67b48491d0e601a6340\" target=\"ce30f9758f4bc67b48491d0e601a6340\" action=\"http:\/\/vozme.com\/text2voice.php\"><input name=\"text\" type=\"hidden\" value=\"Cuevas de Ambulco. Denominadas con el nombre de Iglesias por los habitantes del lugar. La m\u00e1s peque\u00f1a tiene una altura que oscila entre los 6 y 8 m. y un ancho promedio entre los tres y nueve metros. En la cavidad interna se presentan bloques de piedra calc\u00e1rea, habi\u00e9ndose formado estalactitas y estalagmitas, as\u00ed como mantos y columnas de figuras caprichosas y de incomparable belleza debido a la uni\u00f3n de las anteriores.\n\" \/><input name=\"lang\" type=\"hidden\" value=\"es\" \/><input name=\"gn\" type=\"hidden\" value=\"ml\" \/><input type=\"hidden\" id=\"interface\" name=\"interface\" value=\"full\" \/>\n\t\t\t<div style=\"text-align:left;\">\n\t\t\t\n\t\t\t\t<input style=\"float:left;\" type=\"image\" width=\"40\" height=\"40\" src=\"http:\/\/blog.espol.edu.ec\/cutervo\/wp-content\/plugins\/vozme\/img\/megaphone40x40w.gif\" alt=\"Escucha este post\" onclick=\"window.open('', 'ce30f9758f4bc67b48491d0e601a6340', 'width=600,height=370,scrollbars=yes,location=yes,menubar=yes,resizable=yes,status=yes,toolbar=yes');\">\n\t\t\t\t<div style=\"margin-left:48px; text-align:left;\"><a style=\"font-size:12px;\" href=\"javascript:void(0);\" onclick=\"window.open('', 'ce30f9758f4bc67b48491d0e601a6340', 'width=600,height=370,scrollbars=yes,location=yes,menubar=yes,resizable=yes,status=yes,toolbar=yes'); document.getElementById('vozme_form_ce30f9758f4bc67b48491d0e601a6340').submit();\">Escucha<br\/>este post<\/a><\/div>\n\t\t\t<\/div><\/form>","protected":false},"excerpt":{"rendered":"<p>Denominadas con el nombre de Iglesias por los habitantes del lugar. La m\u00e1s peque\u00f1a tiene una altura que oscila entre los 6 y 8 m. y un ancho promedio entre los tres y nueve metros. En la cavidad interna se presentan bloques de piedra calc\u00e1rea, habi\u00e9ndose formado estalactitas y estalagmitas, as\u00ed como mantos y columnas [&hellip;]<\/p>\n","protected":false},"author":10730,"featured_media":0,"parent":0,"menu_order":0,"comment_status":"closed","ping_status":"closed","template":"","meta":{"footnotes":""},"class_list":["post-51","page","type-page","status-publish","hentry"],"_links":{"self":[{"href":"https:\/\/blog.espol.edu.ec\/cutervo\/wp-json\/wp\/v2\/pages\/51","targetHints":{"allow":["GET"]}}],"collection":[{"href":"https:\/\/blog.espol.edu.ec\/cutervo\/wp-json\/wp\/v2\/pages"}],"about":[{"href":"https:\/\/blog.espol.edu.ec\/cutervo\/wp-json\/wp\/v2\/types\/page"}],"author":[{"embeddable":true,"href":"https:\/\/blog.espol.edu.ec\/cutervo\/wp-json\/wp\/v2\/users\/10730"}],"replies":[{"embeddable":true,"href":"https:\/\/blog.espol.edu.ec\/cutervo\/wp-json\/wp\/v2\/comments?post=51"}],"version-history":[{"count":1,"href":"https:\/\/blog.espol.edu.ec\/cutervo\/wp-json\/wp\/v2\/pages\/51\/revisions"}],"predecessor-version":[{"id":52,"href":"https:\/\/blog.espol.edu.ec\/cutervo\/wp-json\/wp\/v2\/pages\/51\/revisions\/52"}],"wp:attachment":[{"href":"https:\/\/blog.espol.edu.ec\/cutervo\/wp-json\/wp\/v2\/media?parent=51"}],"curies":[{"name":"wp","href":"https:\/\/api.w.org\/{rel}","templated":true}]}}