{"id":53,"date":"2016-11-15T01:20:32","date_gmt":"2016-11-15T01:20:32","guid":{"rendered":"http:\/\/blog.espol.edu.ec\/cutervo\/?page_id=53"},"modified":"2016-11-15T03:34:03","modified_gmt":"2016-11-15T03:34:03","slug":"cuevas-de-huichud","status":"publish","type":"page","link":"https:\/\/blog.espol.edu.ec\/cutervo\/cuevas-de-huichud\/","title":{"rendered":"Cuevas de Huichud"},"content":{"rendered":"<p>La primera gruta tiene un aproximado de 250 m. de extensi\u00f3n y 18 m. de altura, luego nos conduce por un callej\u00f3n o pasajes de diferentes metros de altura, las concreciones\u00a0 calc\u00e1neos han permitido formar a figuras caprichosas de estalactitas, sobresaliendo las formas puntiagudas dando la impresi\u00f3n de la uni\u00f3n de la superficie con el cielo de la gruta, adem\u00e1s encontramos restos cer\u00e1micos que sirvi\u00f3 para el desarrollo de alguna manifestaci\u00f3n cultural.En la gruta de menor tama\u00f1o las estalactitas y estalagmitas se caracterizan por tener un grosor m\u00e1s pronunciado en esta caverna se aprecia una bifurcaci\u00f3n en forma de V formando unos callejones libres.<\/p>\n<p><img decoding=\"async\" class=\"aligncenter\" src=\"http:\/\/3.bp.blogspot.com\/-Y8mV-EurKcM\/T9YY7j-QN_I\/AAAAAAAAADo\/7FbX9s1MqUs\/s1600\/areas_cutervo_02.jpg\" \/><\/p>\n<form id=\"vozme_form_50ea18aef0bdcaadfb65f8c1705049cd\" method=\"post\" name=\"vozme_form_50ea18aef0bdcaadfb65f8c1705049cd\" target=\"50ea18aef0bdcaadfb65f8c1705049cd\" action=\"http:\/\/vozme.com\/text2voice.php\"><input name=\"text\" type=\"hidden\" value=\"Cuevas de Huichud. La primera gruta tiene un aproximado de 250 m. de extensi\u00f3n y 18 m. de altura, luego nos conduce por un callej\u00f3n o pasajes de diferentes metros de altura, las concreciones\u00a0 calc\u00e1neos han permitido formar a figuras caprichosas de estalactitas, sobresaliendo las formas puntiagudas dando la impresi\u00f3n de la uni\u00f3n de la superficie con el cielo de la gruta, adem\u00e1s encontramos restos cer\u00e1micos que sirvi\u00f3 para el desarrollo de alguna manifestaci\u00f3n cultural.En la gruta de menor tama\u00f1o las estalactitas y estalagmitas se caracterizan por tener un grosor m\u00e1s pronunciado en esta caverna se aprecia una bifurcaci\u00f3n en forma de V formando unos callejones libres.\n\n\" \/><input name=\"lang\" type=\"hidden\" value=\"es\" \/><input name=\"gn\" type=\"hidden\" value=\"ml\" \/><input type=\"hidden\" id=\"interface\" name=\"interface\" value=\"full\" \/>\n\t\t\t<div style=\"text-align:left;\">\n\t\t\t\n\t\t\t\t<input style=\"float:left;\" type=\"image\" width=\"40\" height=\"40\" src=\"http:\/\/blog.espol.edu.ec\/cutervo\/wp-content\/plugins\/vozme\/img\/megaphone40x40w.gif\" alt=\"Escucha este post\" onclick=\"window.open('', '50ea18aef0bdcaadfb65f8c1705049cd', 'width=600,height=370,scrollbars=yes,location=yes,menubar=yes,resizable=yes,status=yes,toolbar=yes');\">\n\t\t\t\t<div style=\"margin-left:48px; text-align:left;\"><a style=\"font-size:12px;\" href=\"javascript:void(0);\" onclick=\"window.open('', '50ea18aef0bdcaadfb65f8c1705049cd', 'width=600,height=370,scrollbars=yes,location=yes,menubar=yes,resizable=yes,status=yes,toolbar=yes'); document.getElementById('vozme_form_50ea18aef0bdcaadfb65f8c1705049cd').submit();\">Escucha<br\/>este post<\/a><\/div>\n\t\t\t<\/div><\/form>","protected":false},"excerpt":{"rendered":"<p>La primera gruta tiene un aproximado de 250 m. de extensi\u00f3n y 18 m. de altura, luego nos conduce por un callej\u00f3n o pasajes de diferentes metros de altura, las concreciones\u00a0 calc\u00e1neos han permitido formar a figuras caprichosas de estalactitas, sobresaliendo las formas puntiagudas dando la impresi\u00f3n de la uni\u00f3n de la superficie con el [&hellip;]<\/p>\n","protected":false},"author":10730,"featured_media":0,"parent":0,"menu_order":0,"comment_status":"closed","ping_status":"closed","template":"","meta":{"footnotes":""},"class_list":["post-53","page","type-page","status-publish","hentry"],"_links":{"self":[{"href":"https:\/\/blog.espol.edu.ec\/cutervo\/wp-json\/wp\/v2\/pages\/53","targetHints":{"allow":["GET"]}}],"collection":[{"href":"https:\/\/blog.espol.edu.ec\/cutervo\/wp-json\/wp\/v2\/pages"}],"about":[{"href":"https:\/\/blog.espol.edu.ec\/cutervo\/wp-json\/wp\/v2\/types\/page"}],"author":[{"embeddable":true,"href":"https:\/\/blog.espol.edu.ec\/cutervo\/wp-json\/wp\/v2\/users\/10730"}],"replies":[{"embeddable":true,"href":"https:\/\/blog.espol.edu.ec\/cutervo\/wp-json\/wp\/v2\/comments?post=53"}],"version-history":[{"count":3,"href":"https:\/\/blog.espol.edu.ec\/cutervo\/wp-json\/wp\/v2\/pages\/53\/revisions"}],"predecessor-version":[{"id":206,"href":"https:\/\/blog.espol.edu.ec\/cutervo\/wp-json\/wp\/v2\/pages\/53\/revisions\/206"}],"wp:attachment":[{"href":"https:\/\/blog.espol.edu.ec\/cutervo\/wp-json\/wp\/v2\/media?parent=53"}],"curies":[{"name":"wp","href":"https:\/\/api.w.org\/{rel}","templated":true}]}}