{"id":55,"date":"2016-11-15T01:21:29","date_gmt":"2016-11-15T01:21:29","guid":{"rendered":"http:\/\/blog.espol.edu.ec\/cutervo\/?page_id=55"},"modified":"2016-11-15T01:21:29","modified_gmt":"2016-11-15T01:21:29","slug":"cuevas-de-rodiopampa","status":"publish","type":"page","link":"https:\/\/blog.espol.edu.ec\/cutervo\/cuevas-de-rodiopampa\/","title":{"rendered":"Cuevas de Rodiopampa"},"content":{"rendered":"<p>Llamada tambi\u00e9n Gruta de Catache. Se abre en el fondo de una colina mediante una boca de dos metros de ancho por 0.80 m. de alto. Consta de una sola galer\u00eda descendente que llega a alcanzar 20 metros de ancho por tres de altura y doscientos metros de recorrido. En esta amplia sala existen numerosos f\u00f3siles principalmente de tipo \u00f3strea. A lo largo de la cavidad, las aguas subterr\u00e1neas han excavado un profundo cauce en donde se presentan marmitas gigantes.<\/p>\n<form id=\"vozme_form_e5d46c62171641e350245db88dff9511\" method=\"post\" name=\"vozme_form_e5d46c62171641e350245db88dff9511\" target=\"e5d46c62171641e350245db88dff9511\" action=\"http:\/\/vozme.com\/text2voice.php\"><input name=\"text\" type=\"hidden\" value=\"Cuevas de Rodiopampa. Llamada tambi\u00e9n Gruta de Catache. Se abre en el fondo de una colina mediante una boca de dos metros de ancho por 0.80 m. de alto. Consta de una sola galer\u00eda descendente que llega a alcanzar 20 metros de ancho por tres de altura y doscientos metros de recorrido. En esta amplia sala existen numerosos f\u00f3siles principalmente de tipo \u00f3strea. A lo largo de la cavidad, las aguas subterr\u00e1neas han excavado un profundo cauce en donde se presentan marmitas gigantes.\n\" \/><input name=\"lang\" type=\"hidden\" value=\"es\" \/><input name=\"gn\" type=\"hidden\" value=\"ml\" \/><input type=\"hidden\" id=\"interface\" name=\"interface\" value=\"full\" \/>\n\t\t\t<div style=\"text-align:left;\">\n\t\t\t\n\t\t\t\t<input style=\"float:left;\" type=\"image\" width=\"40\" height=\"40\" src=\"http:\/\/blog.espol.edu.ec\/cutervo\/wp-content\/plugins\/vozme\/img\/megaphone40x40w.gif\" alt=\"Escucha este post\" onclick=\"window.open('', 'e5d46c62171641e350245db88dff9511', 'width=600,height=370,scrollbars=yes,location=yes,menubar=yes,resizable=yes,status=yes,toolbar=yes');\">\n\t\t\t\t<div style=\"margin-left:48px; text-align:left;\"><a style=\"font-size:12px;\" href=\"javascript:void(0);\" onclick=\"window.open('', 'e5d46c62171641e350245db88dff9511', 'width=600,height=370,scrollbars=yes,location=yes,menubar=yes,resizable=yes,status=yes,toolbar=yes'); document.getElementById('vozme_form_e5d46c62171641e350245db88dff9511').submit();\">Escucha<br\/>este post<\/a><\/div>\n\t\t\t<\/div><\/form>","protected":false},"excerpt":{"rendered":"<p>Llamada tambi\u00e9n Gruta de Catache. Se abre en el fondo de una colina mediante una boca de dos metros de ancho por 0.80 m. de alto. Consta de una sola galer\u00eda descendente que llega a alcanzar 20 metros de ancho por tres de altura y doscientos metros de recorrido. En esta amplia sala existen numerosos [&hellip;]<\/p>\n","protected":false},"author":10730,"featured_media":0,"parent":0,"menu_order":0,"comment_status":"closed","ping_status":"closed","template":"","meta":{"footnotes":""},"class_list":["post-55","page","type-page","status-publish","hentry"],"_links":{"self":[{"href":"https:\/\/blog.espol.edu.ec\/cutervo\/wp-json\/wp\/v2\/pages\/55","targetHints":{"allow":["GET"]}}],"collection":[{"href":"https:\/\/blog.espol.edu.ec\/cutervo\/wp-json\/wp\/v2\/pages"}],"about":[{"href":"https:\/\/blog.espol.edu.ec\/cutervo\/wp-json\/wp\/v2\/types\/page"}],"author":[{"embeddable":true,"href":"https:\/\/blog.espol.edu.ec\/cutervo\/wp-json\/wp\/v2\/users\/10730"}],"replies":[{"embeddable":true,"href":"https:\/\/blog.espol.edu.ec\/cutervo\/wp-json\/wp\/v2\/comments?post=55"}],"version-history":[{"count":1,"href":"https:\/\/blog.espol.edu.ec\/cutervo\/wp-json\/wp\/v2\/pages\/55\/revisions"}],"predecessor-version":[{"id":56,"href":"https:\/\/blog.espol.edu.ec\/cutervo\/wp-json\/wp\/v2\/pages\/55\/revisions\/56"}],"wp:attachment":[{"href":"https:\/\/blog.espol.edu.ec\/cutervo\/wp-json\/wp\/v2\/media?parent=55"}],"curies":[{"name":"wp","href":"https:\/\/api.w.org\/{rel}","templated":true}]}}