{"id":67,"date":"2016-11-15T01:25:59","date_gmt":"2016-11-15T01:25:59","guid":{"rendered":"http:\/\/blog.espol.edu.ec\/cutervo\/?page_id=67"},"modified":"2016-11-15T01:26:10","modified_gmt":"2016-11-15T01:26:10","slug":"torres-de-rejopampa","status":"publish","type":"page","link":"https:\/\/blog.espol.edu.ec\/cutervo\/torres-de-rejopampa\/","title":{"rendered":"Torres de Rejopampa"},"content":{"rendered":"<p>Estas Torres se pueden apreciar en la Comunidad de Rejopampa, varias de ellas se encuentran semidestruidas, una de ellas destaca por estar en mejor estado y por ser \u00fanica en su g\u00e9nero. Tiene tres pisos y est\u00e1 hecha en piedra y madera. Por falta de investigaci\u00f3n no se sabe con exactitud la funci\u00f3n de estas construcciones, posiblemente serv\u00edan como depositarios de los antiguos Gobernantes como tambos o lugares de descanso, tambi\u00e9n pudieron ser como torres de vigilancia u observaci\u00f3n.<\/p>\n<p><img loading=\"lazy\" decoding=\"async\" class=\"aligncenter\" src=\"http:\/\/www.cajamarca-sucesos.com\/cutervo\/torre_rejopampa.jpg\" width=\"236\" height=\"331\" \/><\/p>\n<form id=\"vozme_form_a647851f954e0f100afe7a4db2048eb4\" method=\"post\" name=\"vozme_form_a647851f954e0f100afe7a4db2048eb4\" target=\"a647851f954e0f100afe7a4db2048eb4\" action=\"http:\/\/vozme.com\/text2voice.php\"><input name=\"text\" type=\"hidden\" value=\"Torres de Rejopampa. Estas Torres se pueden apreciar en la Comunidad de Rejopampa, varias de ellas se encuentran semidestruidas, una de ellas destaca por estar en mejor estado y por ser \u00fanica en su g\u00e9nero. Tiene tres pisos y est\u00e1 hecha en piedra y madera. Por falta de investigaci\u00f3n no se sabe con exactitud la funci\u00f3n de estas construcciones, posiblemente serv\u00edan como depositarios de los antiguos Gobernantes como tambos o lugares de descanso, tambi\u00e9n pudieron ser como torres de vigilancia u observaci\u00f3n.\n\n\" \/><input name=\"lang\" type=\"hidden\" value=\"es\" \/><input name=\"gn\" type=\"hidden\" value=\"ml\" \/><input type=\"hidden\" id=\"interface\" name=\"interface\" value=\"full\" \/>\n\t\t\t<div style=\"text-align:left;\">\n\t\t\t\n\t\t\t\t<input style=\"float:left;\" type=\"image\" width=\"40\" height=\"40\" src=\"http:\/\/blog.espol.edu.ec\/cutervo\/wp-content\/plugins\/vozme\/img\/megaphone40x40w.gif\" alt=\"Escucha este post\" onclick=\"window.open('', 'a647851f954e0f100afe7a4db2048eb4', 'width=600,height=370,scrollbars=yes,location=yes,menubar=yes,resizable=yes,status=yes,toolbar=yes');\">\n\t\t\t\t<div style=\"margin-left:48px; text-align:left;\"><a style=\"font-size:12px;\" href=\"javascript:void(0);\" onclick=\"window.open('', 'a647851f954e0f100afe7a4db2048eb4', 'width=600,height=370,scrollbars=yes,location=yes,menubar=yes,resizable=yes,status=yes,toolbar=yes'); document.getElementById('vozme_form_a647851f954e0f100afe7a4db2048eb4').submit();\">Escucha<br\/>este post<\/a><\/div>\n\t\t\t<\/div><\/form>","protected":false},"excerpt":{"rendered":"<p>Estas Torres se pueden apreciar en la Comunidad de Rejopampa, varias de ellas se encuentran semidestruidas, una de ellas destaca por estar en mejor estado y por ser \u00fanica en su g\u00e9nero. Tiene tres pisos y est\u00e1 hecha en piedra y madera. Por falta de investigaci\u00f3n no se sabe con exactitud la funci\u00f3n de estas [&hellip;]<\/p>\n","protected":false},"author":10730,"featured_media":0,"parent":0,"menu_order":0,"comment_status":"closed","ping_status":"closed","template":"","meta":{"footnotes":""},"class_list":["post-67","page","type-page","status-publish","hentry"],"_links":{"self":[{"href":"https:\/\/blog.espol.edu.ec\/cutervo\/wp-json\/wp\/v2\/pages\/67","targetHints":{"allow":["GET"]}}],"collection":[{"href":"https:\/\/blog.espol.edu.ec\/cutervo\/wp-json\/wp\/v2\/pages"}],"about":[{"href":"https:\/\/blog.espol.edu.ec\/cutervo\/wp-json\/wp\/v2\/types\/page"}],"author":[{"embeddable":true,"href":"https:\/\/blog.espol.edu.ec\/cutervo\/wp-json\/wp\/v2\/users\/10730"}],"replies":[{"embeddable":true,"href":"https:\/\/blog.espol.edu.ec\/cutervo\/wp-json\/wp\/v2\/comments?post=67"}],"version-history":[{"count":2,"href":"https:\/\/blog.espol.edu.ec\/cutervo\/wp-json\/wp\/v2\/pages\/67\/revisions"}],"predecessor-version":[{"id":69,"href":"https:\/\/blog.espol.edu.ec\/cutervo\/wp-json\/wp\/v2\/pages\/67\/revisions\/69"}],"wp:attachment":[{"href":"https:\/\/blog.espol.edu.ec\/cutervo\/wp-json\/wp\/v2\/media?parent=67"}],"curies":[{"name":"wp","href":"https:\/\/api.w.org\/{rel}","templated":true}]}}