{"id":70,"date":"2016-11-15T01:26:53","date_gmt":"2016-11-15T01:26:53","guid":{"rendered":"http:\/\/blog.espol.edu.ec\/cutervo\/?page_id=70"},"modified":"2016-11-15T01:26:53","modified_gmt":"2016-11-15T01:26:53","slug":"torres-de-llipa","status":"publish","type":"page","link":"https:\/\/blog.espol.edu.ec\/cutervo\/torres-de-llipa\/","title":{"rendered":"Torres de Llipa"},"content":{"rendered":"<p>En la comunidad de Tapo entre los l\u00edmites de Cutervo y el distrito de S\u00f3cota se encuentran importantes restos arqueol\u00f3gicos, como testimonio del desarrollo cultural de cutervo: son las Torres de Llipa construcciones que se asemejan a las chullpas de Puno \u00a0(influencia tiahuanuquense), son llamada torre blanca y torre colorada. \u00a0La m\u00e1s conservada mide 4.9 m. De alto por 2.45 m. de ancho en su base, la otra es de menor altura y m\u00e1s ancha, construida por piedras planas y rectangulares, posiblemente eran lugares de vigilancia, adoraci\u00f3n, tambos o lugares de refugio, en la base de la torre menos conservada se encuentra un dibujo de forma animal, tiene una influencia Chav\u00edn ya que esta figura es un felino.\u00a0Llegar a este lugar es un poco complicado ya que recomendamos al turista agenciarse de alimentos y \u00fatiles para pernoctar y para realizar una caminata de 2.00 hrs. existe una trocha carrozable hasta la comunidad de Llipa.<\/p>\n<p>Luego se realizara una caminata hasta dichas torres, despu\u00e9s de visitar las torres caminaremos hasta el lugar del cerro colorado donde existen unas pictograf\u00edas, con m\u00e1s de 200 im\u00e1genes de car\u00e1cter animal, religioso y geom\u00e9trico. Despu\u00e9s de visitar estas im\u00e1genes regresaremos a la planicie para pernoctar, se recomienda la compa\u00f1\u00eda de un gu\u00eda.<\/p>\n<p><img decoding=\"async\" class=\"aligncenter\" src=\"http:\/\/www.cajamarca-sucesos.com\/cutervo\/torre_llipa.jpg\" \/><\/p>\n<form id=\"vozme_form_f3c08a716126337d50808f01faa20083\" method=\"post\" name=\"vozme_form_f3c08a716126337d50808f01faa20083\" target=\"f3c08a716126337d50808f01faa20083\" action=\"http:\/\/vozme.com\/text2voice.php\"><input name=\"text\" type=\"hidden\" value=\"Torres de Llipa. En la comunidad de Tapo entre los l\u00edmites de Cutervo y el distrito de S\u00f3cota se encuentran importantes restos arqueol\u00f3gicos, como testimonio del desarrollo cultural de cutervo: son las Torres de Llipa construcciones que se asemejan a las chullpas de Puno \u00a0(influencia tiahuanuquense), son llamada torre blanca y torre colorada. \u00a0La m\u00e1s conservada mide 4.9 m. De alto por 2.45 m. de ancho en su base, la otra es de menor altura y m\u00e1s ancha, construida por piedras planas y rectangulares, posiblemente eran lugares de vigilancia, adoraci\u00f3n, tambos o lugares de refugio, en la base de la torre menos conservada se encuentra un dibujo de forma animal, tiene una influencia Chav\u00edn ya que esta figura es un felino.\u00a0Llegar a este lugar es un poco complicado ya que recomendamos al turista agenciarse de alimentos y \u00fatiles para pernoctar y para realizar una caminata de 2.00 hrs. existe una trocha carrozable hasta la comunidad de Llipa.\nLuego se realizara una caminata hasta dichas torres, despu\u00e9s de visitar las torres caminaremos hasta el lugar del cerro colorado donde existen unas pictograf\u00edas, con m\u00e1s de 200 im\u00e1genes de car\u00e1cter animal, religioso y geom\u00e9trico. Despu\u00e9s de visitar estas im\u00e1genes regresaremos a la planicie para pernoctar, se recomienda la compa\u00f1\u00eda de un gu\u00eda.\n\n\" \/><input name=\"lang\" type=\"hidden\" value=\"es\" \/><input name=\"gn\" type=\"hidden\" value=\"ml\" \/><input type=\"hidden\" id=\"interface\" name=\"interface\" value=\"full\" \/>\n\t\t\t<div style=\"text-align:left;\">\n\t\t\t\n\t\t\t\t<input style=\"float:left;\" type=\"image\" width=\"40\" height=\"40\" src=\"http:\/\/blog.espol.edu.ec\/cutervo\/wp-content\/plugins\/vozme\/img\/megaphone40x40w.gif\" alt=\"Escucha este post\" onclick=\"window.open('', 'f3c08a716126337d50808f01faa20083', 'width=600,height=370,scrollbars=yes,location=yes,menubar=yes,resizable=yes,status=yes,toolbar=yes');\">\n\t\t\t\t<div style=\"margin-left:48px; text-align:left;\"><a style=\"font-size:12px;\" href=\"javascript:void(0);\" onclick=\"window.open('', 'f3c08a716126337d50808f01faa20083', 'width=600,height=370,scrollbars=yes,location=yes,menubar=yes,resizable=yes,status=yes,toolbar=yes'); document.getElementById('vozme_form_f3c08a716126337d50808f01faa20083').submit();\">Escucha<br\/>este post<\/a><\/div>\n\t\t\t<\/div><\/form>","protected":false},"excerpt":{"rendered":"<p>En la comunidad de Tapo entre los l\u00edmites de Cutervo y el distrito de S\u00f3cota se encuentran importantes restos arqueol\u00f3gicos, como testimonio del desarrollo cultural de cutervo: son las Torres de Llipa construcciones que se asemejan a las chullpas de Puno \u00a0(influencia tiahuanuquense), son llamada torre blanca y torre colorada. \u00a0La m\u00e1s conservada mide 4.9 [&hellip;]<\/p>\n","protected":false},"author":10730,"featured_media":0,"parent":0,"menu_order":0,"comment_status":"closed","ping_status":"closed","template":"","meta":{"footnotes":""},"class_list":["post-70","page","type-page","status-publish","hentry"],"_links":{"self":[{"href":"https:\/\/blog.espol.edu.ec\/cutervo\/wp-json\/wp\/v2\/pages\/70","targetHints":{"allow":["GET"]}}],"collection":[{"href":"https:\/\/blog.espol.edu.ec\/cutervo\/wp-json\/wp\/v2\/pages"}],"about":[{"href":"https:\/\/blog.espol.edu.ec\/cutervo\/wp-json\/wp\/v2\/types\/page"}],"author":[{"embeddable":true,"href":"https:\/\/blog.espol.edu.ec\/cutervo\/wp-json\/wp\/v2\/users\/10730"}],"replies":[{"embeddable":true,"href":"https:\/\/blog.espol.edu.ec\/cutervo\/wp-json\/wp\/v2\/comments?post=70"}],"version-history":[{"count":1,"href":"https:\/\/blog.espol.edu.ec\/cutervo\/wp-json\/wp\/v2\/pages\/70\/revisions"}],"predecessor-version":[{"id":71,"href":"https:\/\/blog.espol.edu.ec\/cutervo\/wp-json\/wp\/v2\/pages\/70\/revisions\/71"}],"wp:attachment":[{"href":"https:\/\/blog.espol.edu.ec\/cutervo\/wp-json\/wp\/v2\/media?parent=70"}],"curies":[{"name":"wp","href":"https:\/\/api.w.org\/{rel}","templated":true}]}}