{"id":92,"date":"2016-11-15T01:44:32","date_gmt":"2016-11-15T01:44:32","guid":{"rendered":"http:\/\/blog.espol.edu.ec\/cutervo\/?page_id=92"},"modified":"2016-11-15T01:44:32","modified_gmt":"2016-11-15T01:44:32","slug":"ubicacion-2","status":"publish","type":"page","link":"https:\/\/blog.espol.edu.ec\/cutervo\/ubicacion-2\/","title":{"rendered":"Ubicaci\u00f3n"},"content":{"rendered":"<p>La provincia de Cutervo se encuentra ubicada en la parte central del espacio geogr\u00e1fico del Departamento de Cajamarca, en la Cadena central del sector de los <a class=\"mw-redirect\" title=\"Andes peruanos\" href=\"https:\/\/es.wikipedia.org\/wiki\/Andes_peruanos\">Andes Norte\u00f1os del Per\u00fa<\/a>. Sus coordenadas son: entre los 5\u00ba 40\u00b4 39\u201d en su extremo septentrional, formado por la confluencia de los r\u00edos <a class=\"new\" title=\"R\u00edo Chamaya (a\u00fan no redactado)\" href=\"https:\/\/es.wikipedia.org\/w\/index.php?title=R%C3%ADo_Chamaya&amp;action=edit&amp;redlink=1\">Chamaya<\/a> y <a title=\"R\u00edo Mara\u00f1\u00f3n\" href=\"https:\/\/es.wikipedia.org\/wiki\/R%C3%ADo_Mara%C3%B1%C3%B3n\">Mara\u00f1\u00f3n<\/a>, en la Jayua, a orillas del <a class=\"new\" title=\"R\u00edo Chotano (a\u00fan no redactado)\" href=\"https:\/\/es.wikipedia.org\/w\/index.php?title=R%C3%ADo_Chotano&amp;action=edit&amp;redlink=1\">r\u00edo Chotano<\/a>, <a title=\"Distrito de Cutervo\" href=\"https:\/\/es.wikipedia.org\/wiki\/Distrito_de_Cutervo\">distrito de Cutervo<\/a>. Latitud Oeste: Entre los meridianos 78\u00ba 10` 36\u201d, en sus extremos occidentales, en el cerro Capit\u00e1n del <a title=\"Distrito de Querocotillo\" href=\"https:\/\/es.wikipedia.org\/wiki\/Distrito_de_Querocotillo\">distrito de Querocotillo<\/a>.<\/p>\n<p>Tiene una extensi\u00f3n superficial de 3 028.46 km\u00b2 que representa el 0,2% de la superficie total del pa\u00eds.<\/p>\n<p><img decoding=\"async\" src=\"https:\/\/upload.wikimedia.org\/wikipedia\/commons\/thumb\/a\/a3\/Location_of_the_province_Chota_in_Cajamarca.svg\/250px-Location_of_the_province_Chota_in_Cajamarca.svg.png\" alt=\"Resultado de imagen para ubicacion cutervo\" \/><\/p>\n<p><img decoding=\"async\" src=\"https:\/\/sersosanviator.files.wordpress.com\/2011\/11\/mapa-provincial-cutervo.png?w=640&amp;h=452\" \/><\/p>\n<form id=\"vozme_form_6c52b9384def63968b464b8bff4181cd\" method=\"post\" name=\"vozme_form_6c52b9384def63968b464b8bff4181cd\" target=\"6c52b9384def63968b464b8bff4181cd\" action=\"http:\/\/vozme.com\/text2voice.php\"><input name=\"text\" type=\"hidden\" value=\"Ubicaci\u00f3n. La provincia de Cutervo se encuentra ubicada en la parte central del espacio geogr\u00e1fico del Departamento de Cajamarca, en la Cadena central del sector de los Andes Norte\u00f1os del Per\u00fa. Sus coordenadas son: entre los 5\u00ba 40\u00b4 39\u201d en su extremo septentrional, formado por la confluencia de los r\u00edos Chamaya y Mara\u00f1\u00f3n, en la Jayua, a orillas del r\u00edo Chotano, distrito de Cutervo. Latitud Oeste: Entre los meridianos 78\u00ba 10` 36\u201d, en sus extremos occidentales, en el cerro Capit\u00e1n del distrito de Querocotillo.\nTiene una extensi\u00f3n superficial de 3 028.46 km\u00b2 que representa el 0,2% de la superficie total del pa\u00eds.\n\n\n\" \/><input name=\"lang\" type=\"hidden\" value=\"es\" \/><input name=\"gn\" type=\"hidden\" value=\"ml\" \/><input type=\"hidden\" id=\"interface\" name=\"interface\" value=\"full\" \/>\n\t\t\t<div style=\"text-align:left;\">\n\t\t\t\n\t\t\t\t<input style=\"float:left;\" type=\"image\" width=\"40\" height=\"40\" src=\"http:\/\/blog.espol.edu.ec\/cutervo\/wp-content\/plugins\/vozme\/img\/megaphone40x40w.gif\" alt=\"Escucha este post\" onclick=\"window.open('', '6c52b9384def63968b464b8bff4181cd', 'width=600,height=370,scrollbars=yes,location=yes,menubar=yes,resizable=yes,status=yes,toolbar=yes');\">\n\t\t\t\t<div style=\"margin-left:48px; text-align:left;\"><a style=\"font-size:12px;\" href=\"javascript:void(0);\" onclick=\"window.open('', '6c52b9384def63968b464b8bff4181cd', 'width=600,height=370,scrollbars=yes,location=yes,menubar=yes,resizable=yes,status=yes,toolbar=yes'); document.getElementById('vozme_form_6c52b9384def63968b464b8bff4181cd').submit();\">Escucha<br\/>este post<\/a><\/div>\n\t\t\t<\/div><\/form>","protected":false},"excerpt":{"rendered":"<p>La provincia de Cutervo se encuentra ubicada en la parte central del espacio geogr\u00e1fico del Departamento de Cajamarca, en la Cadena central del sector de los Andes Norte\u00f1os del Per\u00fa. Sus coordenadas son: entre los 5\u00ba 40\u00b4 39\u201d en su extremo septentrional, formado por la confluencia de los r\u00edos Chamaya y Mara\u00f1\u00f3n, en la Jayua, [&hellip;]<\/p>\n","protected":false},"author":10730,"featured_media":0,"parent":0,"menu_order":0,"comment_status":"closed","ping_status":"closed","template":"","meta":{"footnotes":""},"class_list":["post-92","page","type-page","status-publish","hentry"],"_links":{"self":[{"href":"https:\/\/blog.espol.edu.ec\/cutervo\/wp-json\/wp\/v2\/pages\/92","targetHints":{"allow":["GET"]}}],"collection":[{"href":"https:\/\/blog.espol.edu.ec\/cutervo\/wp-json\/wp\/v2\/pages"}],"about":[{"href":"https:\/\/blog.espol.edu.ec\/cutervo\/wp-json\/wp\/v2\/types\/page"}],"author":[{"embeddable":true,"href":"https:\/\/blog.espol.edu.ec\/cutervo\/wp-json\/wp\/v2\/users\/10730"}],"replies":[{"embeddable":true,"href":"https:\/\/blog.espol.edu.ec\/cutervo\/wp-json\/wp\/v2\/comments?post=92"}],"version-history":[{"count":1,"href":"https:\/\/blog.espol.edu.ec\/cutervo\/wp-json\/wp\/v2\/pages\/92\/revisions"}],"predecessor-version":[{"id":94,"href":"https:\/\/blog.espol.edu.ec\/cutervo\/wp-json\/wp\/v2\/pages\/92\/revisions\/94"}],"wp:attachment":[{"href":"https:\/\/blog.espol.edu.ec\/cutervo\/wp-json\/wp\/v2\/media?parent=92"}],"curies":[{"name":"wp","href":"https:\/\/api.w.org\/{rel}","templated":true}]}}