{"id":99,"date":"2016-11-15T01:50:04","date_gmt":"2016-11-15T01:50:04","guid":{"rendered":"http:\/\/blog.espol.edu.ec\/cutervo\/?page_id=99"},"modified":"2016-11-15T01:50:04","modified_gmt":"2016-11-15T01:50:04","slug":"principales-atractivos","status":"publish","type":"page","link":"https:\/\/blog.espol.edu.ec\/cutervo\/principales-atractivos\/","title":{"rendered":"Principales Atractivos"},"content":{"rendered":"<p>Los atractivos principales son la Cueva de los Gu\u00e1charos, y el Pez Bagre de las Cavernas existentes en los riachuelos subterr\u00e1neos. Adem\u00e1s el parque alberga abundante riqueza de flora y fauna silvestre dispersa en bosques enanos, pajonales y bosques de neblina.<\/p>\n<p><img loading=\"lazy\" decoding=\"async\" class=\"alignnone size-medium wp-image-100\" src=\"http:\/\/blog.espol.edu.ec\/frtoro\/files\/2016\/11\/grutaguaicharosPNCutervo1-300x225.jpg\" alt=\"grutaguaicharospncutervo1\" width=\"300\" height=\"225\" \/>\u00a0 \u00a0<img loading=\"lazy\" decoding=\"async\" class=\"alignnone size-medium wp-image-28\" src=\"http:\/\/blog.espol.edu.ec\/frtoro\/files\/2016\/11\/14469574_1194358677253612_2257904657226827892_n-300x168.jpg\" alt=\"14469574_1194358677253612_2257904657226827892_n\" width=\"300\" height=\"168\" \/><\/p>\n<form id=\"vozme_form_66d98cad34edbd93f3b6cb2a11f48c15\" method=\"post\" name=\"vozme_form_66d98cad34edbd93f3b6cb2a11f48c15\" target=\"66d98cad34edbd93f3b6cb2a11f48c15\" action=\"http:\/\/vozme.com\/text2voice.php\"><input name=\"text\" type=\"hidden\" value=\"Principales Atractivos. Los atractivos principales son la Cueva de los Gu\u00e1charos, y el Pez Bagre de las Cavernas existentes en los riachuelos subterr\u00e1neos. Adem\u00e1s el parque alberga abundante riqueza de flora y fauna silvestre dispersa en bosques enanos, pajonales y bosques de neblina.\n\u00a0 \u00a0\n\" \/><input name=\"lang\" type=\"hidden\" value=\"es\" \/><input name=\"gn\" type=\"hidden\" value=\"ml\" \/><input type=\"hidden\" id=\"interface\" name=\"interface\" value=\"full\" \/>\n\t\t\t<div style=\"text-align:left;\">\n\t\t\t\n\t\t\t\t<input style=\"float:left;\" type=\"image\" width=\"40\" height=\"40\" src=\"http:\/\/blog.espol.edu.ec\/cutervo\/wp-content\/plugins\/vozme\/img\/megaphone40x40w.gif\" alt=\"Escucha este post\" onclick=\"window.open('', '66d98cad34edbd93f3b6cb2a11f48c15', 'width=600,height=370,scrollbars=yes,location=yes,menubar=yes,resizable=yes,status=yes,toolbar=yes');\">\n\t\t\t\t<div style=\"margin-left:48px; text-align:left;\"><a style=\"font-size:12px;\" href=\"javascript:void(0);\" onclick=\"window.open('', '66d98cad34edbd93f3b6cb2a11f48c15', 'width=600,height=370,scrollbars=yes,location=yes,menubar=yes,resizable=yes,status=yes,toolbar=yes'); document.getElementById('vozme_form_66d98cad34edbd93f3b6cb2a11f48c15').submit();\">Escucha<br\/>este post<\/a><\/div>\n\t\t\t<\/div><\/form>","protected":false},"excerpt":{"rendered":"<p>Los atractivos principales son la Cueva de los Gu\u00e1charos, y el Pez Bagre de las Cavernas existentes en los riachuelos subterr\u00e1neos. Adem\u00e1s el parque alberga abundante riqueza de flora y fauna silvestre dispersa en bosques enanos, pajonales y bosques de neblina. \u00a0 \u00a0 Escuchaeste post<\/p>\n","protected":false},"author":10730,"featured_media":0,"parent":0,"menu_order":0,"comment_status":"closed","ping_status":"closed","template":"","meta":{"footnotes":""},"class_list":["post-99","page","type-page","status-publish","hentry"],"_links":{"self":[{"href":"https:\/\/blog.espol.edu.ec\/cutervo\/wp-json\/wp\/v2\/pages\/99","targetHints":{"allow":["GET"]}}],"collection":[{"href":"https:\/\/blog.espol.edu.ec\/cutervo\/wp-json\/wp\/v2\/pages"}],"about":[{"href":"https:\/\/blog.espol.edu.ec\/cutervo\/wp-json\/wp\/v2\/types\/page"}],"author":[{"embeddable":true,"href":"https:\/\/blog.espol.edu.ec\/cutervo\/wp-json\/wp\/v2\/users\/10730"}],"replies":[{"embeddable":true,"href":"https:\/\/blog.espol.edu.ec\/cutervo\/wp-json\/wp\/v2\/comments?post=99"}],"version-history":[{"count":1,"href":"https:\/\/blog.espol.edu.ec\/cutervo\/wp-json\/wp\/v2\/pages\/99\/revisions"}],"predecessor-version":[{"id":101,"href":"https:\/\/blog.espol.edu.ec\/cutervo\/wp-json\/wp\/v2\/pages\/99\/revisions\/101"}],"wp:attachment":[{"href":"https:\/\/blog.espol.edu.ec\/cutervo\/wp-json\/wp\/v2\/media?parent=99"}],"curies":[{"name":"wp","href":"https:\/\/api.w.org\/{rel}","templated":true}]}}