{"id":2,"date":"2011-06-28T03:30:14","date_gmt":"2011-06-28T03:30:14","guid":{"rendered":""},"modified":"2011-06-28T16:27:14","modified_gmt":"2011-06-28T16:27:14","slug":"about","status":"publish","type":"page","link":"https:\/\/blog.espol.edu.ec\/cvaccaro\/about\/","title":{"rendered":"\u266a\u266bVideos\u266b\u266a"},"content":{"rendered":"<p><strong>- Juan Fernando Velazco <\/strong><\/p>\n<p>Juan Fernando Velasco nacio en la ciudad de Quito, en Ecuador. Nacio la  manana de un 17 de enero de 1972. Actualmente con toda una carrera  musical completa en su pasado esta casado y con una hija llamada Camila.<\/p>\n<p>Empezo con la musica desde muy pequeno, pero al ver que la carrera  musical en su pais era muy poco probable de tener exito se decidio  estudiar Economia. Mientras tanto en la Universidad Juan Fernando  continuaba con su musica que tanto amaba. Fue por eso que poco tiempo  despues de entrar abandono los estudios en la Universidad Catolica de  Quito.<\/p>\n<p>Fue ahi que poco a poco adquirio la fama que lo transformo a lo que es hoy en dia, un icono de la musica ecuatoriana.<\/p>\n<p>Hoy en dia con 34 a\u00f1os se encuentra dedicandose a su familia mientras  que al mismo tiempo continua trabajando en su pasion de vida, la musica.<\/p>\n<p><object classid=\"clsid:d27cdb6e-ae6d-11cf-96b8-444553540000\" width=\"425\" height=\"349\"><param name=\"allowFullScreen\" value=\"true\" \/><param name=\"allowscriptaccess\" value=\"always\" \/><param name=\"src\" value=\"http:\/\/www.youtube.com\/v\/zaGv7-8nZoQ?version=3&amp;hl=es_ES\" \/><param name=\"allowfullscreen\" value=\"true\" \/><embed type=\"application\/x-shockwave-flash\" width=\"425\" height=\"349\" src=\"http:\/\/www.youtube.com\/v\/zaGv7-8nZoQ?version=3&amp;hl=es_ES\" allowscriptaccess=\"always\" allowfullscreen=\"true\"><\/embed><\/object><\/p>\n<p><object classid=\"clsid:d27cdb6e-ae6d-11cf-96b8-444553540000\" width=\"425\" height=\"349\"><param name=\"allowFullScreen\" value=\"true\" \/><param name=\"allowscriptaccess\" value=\"always\" \/><param name=\"src\" value=\"http:\/\/www.youtube.com\/v\/6jo9O0jcX1A?version=3&amp;hl=es_ES\" \/><param name=\"allowfullscreen\" value=\"true\" \/><embed type=\"application\/x-shockwave-flash\" width=\"425\" height=\"349\" src=\"http:\/\/www.youtube.com\/v\/6jo9O0jcX1A?version=3&amp;hl=es_ES\" allowscriptaccess=\"always\" allowfullscreen=\"true\"><\/embed><\/object><\/p>\n<p><strong>- Fausto Mi\u00f1o <\/strong><\/p>\n<p>Fausto Mi\u00f1o (Ambato, 8 de junio de 1980) es un cantante, compositor y actor ecuatoriano. En el a\u00f1o 2006 comienza su carrera profesional lanzando su primer \u00e1lbum titulado <em>SerraCoste\u00f1o<\/em> en Ecuador. En el mes de agosto de 2007 lanz\u00f3 bajo la discogr\u00e1fica Universal Music Group su primer \u00e1lbum internacional titulado <em>Yo soy<\/em>. Convirti\u00e9ndose en el primer artista ecuatoriano que firma con una discogr\u00e1fica multinacional. El \u00e1lbum ha sido publicado en Ecuador y recientemente en Espa\u00f1a. Entre 2006 y 2007 comienzan a publicarse sus primeros sencillos; <em>Baila mi Vida<\/em>, <em>Sometimes Ok<\/em> y <em>Ud. Es Hermosa<\/em> que lo ubican en los primeros lugares y llegan a constituirse como \u00e9xitos a nivel nacional. En este tramo de su carrera recibi\u00f3 Disco de Oro, Disco de Platino y Disco Doble Platino por las ventas del \u00e1lbum <em>Yo Soy<\/em>, adem\u00e1s de haber recibido m\u00e1s de 60 premios otorgados por los medios ecuatorianos e instituciones gubernamentales y privadas del Ecuador.<\/p>\n<p><object classid=\"clsid:d27cdb6e-ae6d-11cf-96b8-444553540000\" width=\"425\" height=\"349\"><param name=\"allowFullScreen\" value=\"true\" \/><param name=\"allowscriptaccess\" value=\"always\" \/><param name=\"src\" value=\"http:\/\/www.youtube.com\/v\/Bxye-m2reBs?version=3&amp;hl=es_ES\" \/><param name=\"allowfullscreen\" value=\"true\" \/><embed type=\"application\/x-shockwave-flash\" width=\"425\" height=\"349\" src=\"http:\/\/www.youtube.com\/v\/Bxye-m2reBs?version=3&amp;hl=es_ES\" allowscriptaccess=\"always\" allowfullscreen=\"true\"><\/embed><\/object><\/p>\n<p><object classid=\"clsid:d27cdb6e-ae6d-11cf-96b8-444553540000\" width=\"425\" height=\"349\"><param name=\"allowFullScreen\" value=\"true\" \/><param name=\"allowscriptaccess\" value=\"always\" \/><param name=\"src\" value=\"http:\/\/www.youtube.com\/v\/n2-iLKUqOuw?version=3&amp;hl=es_ES\" \/><param name=\"allowfullscreen\" value=\"true\" \/><embed type=\"application\/x-shockwave-flash\" width=\"425\" height=\"349\" src=\"http:\/\/www.youtube.com\/v\/n2-iLKUqOuw?version=3&amp;hl=es_ES\" allowscriptaccess=\"always\" allowfullscreen=\"true\"><\/embed><\/object><\/p>\n","protected":false},"excerpt":{"rendered":"<p>- Juan Fernando Velazco Juan Fernando Velasco nacio en la ciudad de Quito, en Ecuador. Nacio la manana de un 17 de enero de 1972. Actualmente con toda una carrera musical completa en su pasado esta casado y con una hija llamada Camila. Empezo con la musica desde muy pequeno, pero al ver que la [&hellip;]<\/p>\n","protected":false},"author":6580,"featured_media":0,"parent":0,"menu_order":0,"comment_status":"open","ping_status":"open","template":"","meta":{"footnotes":""},"class_list":["post-2","page","type-page","status-publish","hentry"],"_links":{"self":[{"href":"https:\/\/blog.espol.edu.ec\/cvaccaro\/wp-json\/wp\/v2\/pages\/2","targetHints":{"allow":["GET"]}}],"collection":[{"href":"https:\/\/blog.espol.edu.ec\/cvaccaro\/wp-json\/wp\/v2\/pages"}],"about":[{"href":"https:\/\/blog.espol.edu.ec\/cvaccaro\/wp-json\/wp\/v2\/types\/page"}],"author":[{"embeddable":true,"href":"https:\/\/blog.espol.edu.ec\/cvaccaro\/wp-json\/wp\/v2\/users\/6580"}],"replies":[{"embeddable":true,"href":"https:\/\/blog.espol.edu.ec\/cvaccaro\/wp-json\/wp\/v2\/comments?post=2"}],"version-history":[{"count":19,"href":"https:\/\/blog.espol.edu.ec\/cvaccaro\/wp-json\/wp\/v2\/pages\/2\/revisions"}],"predecessor-version":[{"id":79,"href":"https:\/\/blog.espol.edu.ec\/cvaccaro\/wp-json\/wp\/v2\/pages\/2\/revisions\/79"}],"wp:attachment":[{"href":"https:\/\/blog.espol.edu.ec\/cvaccaro\/wp-json\/wp\/v2\/media?parent=2"}],"curies":[{"name":"wp","href":"https:\/\/api.w.org\/{rel}","templated":true}]}}