{"id":28,"date":"2011-06-28T15:16:40","date_gmt":"2011-06-28T15:16:40","guid":{"rendered":"http:\/\/blog.espol.edu.ec\/cvaccaro\/?page_id=28"},"modified":"2011-06-28T16:27:31","modified_gmt":"2011-06-28T16:27:31","slug":"pelis-de-ecuador","status":"publish","type":"page","link":"https:\/\/blog.espol.edu.ec\/cvaccaro\/pelis-de-ecuador\/","title":{"rendered":"Pelis"},"content":{"rendered":"<h1><span style=\"color: #333333\"><em><strong>A tus espaldas<\/strong><\/em><\/span><\/h1>\n<h3><span style=\"color: #333333\"><strong>SINOPSIS<\/strong><\/span><\/h3>\n<p>La estatua de la Virgen que corona \u201cEl Panecillo\u201d, loma que divide a Quito en dos, mira y sonr\u00ede<br \/>\nal norte de la ciudad, donde vive la gente m\u00e1s acomodada; en el sur, donde est\u00e1n la mayor\u00eda<br \/>\nde sus habitantes, los m\u00e1s pobres, solamente ven su espaldas.<br \/>\n\u201cA tus espaldas\u201d es la historia de Jorge Chicaiza Cisneros (Jordi), un joven que trabaja en un<br \/>\nbanco de Quito y cuya principal preocupaci\u00f3n en la vida es olvidar y ocultar su origen humilde<br \/>\nen los barrios pobres del sur de la ciudad y su realidad racial mestiza.<br \/>\nLa capacidad econ\u00f3mica, que le confiere su calidad de hijo de emigrante, le permite cambiar su<br \/>\nnombre por Jordi Lamotta Cisneros, de igual manera cambia su lugar de residencia y de<br \/>\nactividades. Es un fan\u00e1tico de la ropa de marca, la farra y gasta todo su moderado sueldo en<br \/>\narreglar un auto tunning. Todo esto con el fin de impresionar a la clase media del norte de la<br \/>\nciudad y ganarse su aceptaci\u00f3n, a\u00fan as\u00ed, sabe que nunca entrar\u00e1 totalmente en los altos<br \/>\nc\u00edrculos sociales por ser un mestizo sin linaje.<br \/>\nEn este contexto conoce por coincidencia a Greta, una colombiana que ha venido a buscarse la<br \/>\nvida en el Ecuador y mantiene una relaci\u00f3n secreta con el sobrino del due\u00f1o del banco en el<br \/>\nque trabaja Jordi, Luis Alberto Granada de la Roca, un mediocre ingeniero de marketing que<br \/>\nesconde tras el trabajo que le asigna su t\u00edo, una serie de negocios sucios.<br \/>\nJordi, Greta, Luis Alberto, un extra\u00f1o abogado, el Banco Progresista y la Virgen del Panecillo,<br \/>\nentrelazaran casualmente sus vidas en busca de dinero, poder y aceptaci\u00f3n; en el proceso,<br \/>\ndescubrir\u00e1n varias realidades ocultas y otras aceptadas con resignaci\u00f3n por la sociedad<\/p>\n<p><object classid=\"clsid:d27cdb6e-ae6d-11cf-96b8-444553540000\" width=\"560\" height=\"349\"><param name=\"allowFullScreen\" value=\"true\" \/><param name=\"allowscriptaccess\" value=\"always\" \/><param name=\"src\" value=\"http:\/\/www.youtube.com\/v\/TN8kiZReubc?version=3&amp;hl=es_ES\" \/><param name=\"allowfullscreen\" value=\"true\" \/><embed type=\"application\/x-shockwave-flash\" width=\"560\" height=\"349\" src=\"http:\/\/www.youtube.com\/v\/TN8kiZReubc?version=3&amp;hl=es_ES\" allowscriptaccess=\"always\" allowfullscreen=\"true\"><\/embed><\/object><\/p>\n<h1><em><strong><span style=\"color: #333333\">Prometeo deportado<\/span><\/strong><\/em><\/h1>\n<h3><em><strong><span style=\"color: #333333\">SINOPSIS<\/span><\/strong><\/em><\/h3>\n<p>En  alg\u00fan aeropuerto de la UNION EUROPEA se escucha el arribo de un avi\u00f3n.   Los  \u201cMiembros de la Uni\u00f3n Europea\u201d pasan sin problemas, mientras los  \u201cOtros\u201d, en  una fila distinta, esperan. En medio de quejas y reclamos,  un grupo de ECUATORIANOS es detenido. Guardias de migraci\u00f3n los escoltan  por largos y fr\u00edos corredores hacia un destino incierto.<\/p>\n<p>Todos ocultan algo, como PROMETEO, un joven con las manos  encadenadas como delincuente y un ba\u00fal de magia como equipaje. \u00c9l afirma  ser solo un mago escapista y AFRODITA, una chica que disfraza su  identidad con el color artificial de sus ojos y su cabello.<br \/>\nLos vuelos de regreso al Ecuador son pocos, los ecuatorianos tienen  que ser encerrados dentro de una SALA DE ESPERA que poco a poco se  empieza a llenar de m\u00e1s ecuatorianos. Irremediablemente se termina  reproduciendo dentro del encierro todo un pa\u00eds: el ECUADOR.<br \/>\nCon el pasar del tiempo y la llegada de m\u00e1s ecuatorianos, las  condiciones de vida se deterioran, hasta l\u00edmites inhumanos. Los m\u00e1s  fuertes se apoderan de los pocos bienes que los otros traen consigo. No  existe salida posible. En medio del desconcierto  buscan dentro de la  sala atestada de gente, un lugar donde refugiarse. Prometeo y Afrodita  construyen algo de ilusi\u00f3n, algo de magia y otro lugar parece ser  posible.<\/p>\n<p><object classid=\"clsid:d27cdb6e-ae6d-11cf-96b8-444553540000\" width=\"560\" height=\"349\"><param name=\"allowFullScreen\" value=\"true\" \/><param name=\"allowscriptaccess\" value=\"always\" \/><param name=\"src\" value=\"http:\/\/www.youtube.com\/v\/Ewm5NJW_TjU?version=3&amp;hl=es_ES\" \/><param name=\"allowfullscreen\" value=\"true\" \/><embed type=\"application\/x-shockwave-flash\" width=\"560\" height=\"349\" src=\"http:\/\/www.youtube.com\/v\/Ewm5NJW_TjU?version=3&amp;hl=es_ES\" allowscriptaccess=\"always\" allowfullscreen=\"true\"><\/embed><\/object><\/p>\n<p><object classid=\"clsid:d27cdb6e-ae6d-11cf-96b8-444553540000\" width=\"560\" height=\"349\"><param name=\"allowFullScreen\" value=\"true\" \/><param name=\"allowscriptaccess\" value=\"always\" \/><param name=\"src\" value=\"http:\/\/www.youtube.com\/v\/oHs43nq6z4Y?version=3&amp;hl=es_ES\" \/><param name=\"allowfullscreen\" value=\"true\" \/><embed type=\"application\/x-shockwave-flash\" width=\"560\" height=\"349\" src=\"http:\/\/www.youtube.com\/v\/oHs43nq6z4Y?version=3&amp;hl=es_ES\" allowscriptaccess=\"always\" allowfullscreen=\"true\"><\/embed><\/object><\/p>\n","protected":false},"excerpt":{"rendered":"<p>A tus espaldas SINOPSIS La estatua de la Virgen que corona \u201cEl Panecillo\u201d, loma que divide a Quito en dos, mira y sonr\u00ede al norte de la ciudad, donde vive la gente m\u00e1s acomodada; en el sur, donde est\u00e1n la mayor\u00eda de sus habitantes, los m\u00e1s pobres, solamente ven su espaldas. \u201cA tus espaldas\u201d es [&hellip;]<\/p>\n","protected":false},"author":6580,"featured_media":0,"parent":0,"menu_order":0,"comment_status":"open","ping_status":"open","template":"","meta":{"footnotes":""},"class_list":["post-28","page","type-page","status-publish","hentry"],"_links":{"self":[{"href":"https:\/\/blog.espol.edu.ec\/cvaccaro\/wp-json\/wp\/v2\/pages\/28","targetHints":{"allow":["GET"]}}],"collection":[{"href":"https:\/\/blog.espol.edu.ec\/cvaccaro\/wp-json\/wp\/v2\/pages"}],"about":[{"href":"https:\/\/blog.espol.edu.ec\/cvaccaro\/wp-json\/wp\/v2\/types\/page"}],"author":[{"embeddable":true,"href":"https:\/\/blog.espol.edu.ec\/cvaccaro\/wp-json\/wp\/v2\/users\/6580"}],"replies":[{"embeddable":true,"href":"https:\/\/blog.espol.edu.ec\/cvaccaro\/wp-json\/wp\/v2\/comments?post=28"}],"version-history":[{"count":17,"href":"https:\/\/blog.espol.edu.ec\/cvaccaro\/wp-json\/wp\/v2\/pages\/28\/revisions"}],"predecessor-version":[{"id":80,"href":"https:\/\/blog.espol.edu.ec\/cvaccaro\/wp-json\/wp\/v2\/pages\/28\/revisions\/80"}],"wp:attachment":[{"href":"https:\/\/blog.espol.edu.ec\/cvaccaro\/wp-json\/wp\/v2\/media?parent=28"}],"curies":[{"name":"wp","href":"https:\/\/api.w.org\/{rel}","templated":true}]}}