{"id":45,"date":"2011-06-28T15:38:03","date_gmt":"2011-06-28T15:38:03","guid":{"rendered":"http:\/\/blog.espol.edu.ec\/cvaccaro\/?page_id=45"},"modified":"2011-06-28T16:12:06","modified_gmt":"2011-06-28T16:12:06","slug":"galapagos","status":"publish","type":"page","link":"https:\/\/blog.espol.edu.ec\/cvaccaro\/galapagos\/","title":{"rendered":"Gal\u00e1pagos"},"content":{"rendered":"<p>Las <strong>Islas Gal\u00e1pagos<\/strong>constituyen un archipi\u00e9lago del oc\u00e9ano Pac\u00edfico ubicado a 972 km de la costa de Ecuador.  Est\u00e1 conformado por 13 grandes islas volc\u00e1nicas, 6 islas m\u00e1s peque\u00f1as y  107 rocas e islotes, distribuidas alrededor de la l\u00ednea del ecuador terrestre.Administrativamente, las islas constituyen una provincia de Ecuador, cuya capital es Puerto Baquerizo Moreno El 12 de febrero de 1832, bajo la presidencia de Juan Jos\u00e9 Flores, las islas Gal\u00e1pagos fueron anexadas a Ecuador. Desde el 18 de febrero de 1973 constituyen una provincia de este pa\u00eds.Se  estima que la formaci\u00f3n de la primera isla tuvo lugar hace m\u00e1s de 5  millones de a\u00f1os, como resultado de la actividad tect\u00f3nica. Las islas  m\u00e1s recientes, llamadas Isabela y Fernandina, est\u00e1n todav\u00eda en proceso  de formaci\u00f3n, habi\u00e9ndose registrado la erupci\u00f3n volc\u00e1nica m\u00e1s reciente  en 2009.<\/p>\n<p><img loading=\"lazy\" decoding=\"async\" class=\"alignnone\" title=\"galapagos\" src=\"http:\/\/upload.wikimedia.org\/wikipedia\/commons\/thumb\/b\/b1\/Galapagos-satellite-2002.jpg\/280px-Galapagos-satellite-2002.jpg\" alt=\"\" width=\"280\" height=\"210\" \/><\/p>\n<h2><em><strong>Solitario GEORGE<\/strong><\/em><\/h2>\n<p>Se llama \u2018Solitario George\u2019,  y es, probablemente, uno de los animales con un futuro m\u00e1s triste del  mundo. Es el \u00fanico ejemplar de su raza, las tortugas Gal\u00e1pagos de la  Isla Pinta, donde fue descubierto en 1971.<\/p>\n<p><strong>En sus 70 a\u00f1os de vida, no ha conocido hembra con la que aparearse<\/strong>,  y sus \u00faltimas esperanzas estaban puestas en alg\u00fan milagro de la  ciencia\u2026 que parece haber sucedido. Unos cient\u00edficos estadounidenses han  descubierto que tiene un primo lejano, lo que abre el abanico de  hembras con las que podr\u00eda aparearse.<\/p>\n<p><img loading=\"lazy\" decoding=\"async\" title=\"george\" src=\"http:\/\/solitariogeorge.files.wordpress.com\/2009\/05\/4.jpg?w=500&amp;h=375\" alt=\"\" width=\"500\" height=\"375\" \/><\/p>\n<h1><em><strong>FAUNA<\/strong><\/em><\/h1>\n<p><span style=\"font-family: Arial,Helvetica,sans-serif;color: #000000;font-size: x-small\"><strong><span style=\"color: #000099;font-size: small\">Las            Fragatas<\/span> (Fregatidae): A estos sinverg\u00fcenzas no les gusta            mucho pescar, mejor prefieren distraer a los piqueros y otras aves para            robarse su caza. Durante el cortejo resultan a\u00fan m\u00e1s espectaculares:            el macho infla una capa de piel roja debajo del pico y parece un gran            globo rojo con impresionante colorido. <\/strong><\/span><\/p>\n<p><span style=\"font-family: Arial,Helvetica,sans-serif;color: #000000;font-size: x-small\"><strong><img loading=\"lazy\" decoding=\"async\" class=\"alignnone\" title=\"fragatas\" src=\"http:\/\/www.galapaguide.com\/pajaro.jpg\" alt=\"\" width=\"252\" height=\"170\" \/><\/strong><\/span><\/p>\n<p><span style=\"font-family: Arial,Helvetica,sans-serif;color: #000000;font-size: x-small\"><strong><span style=\"color: #000099;font-size: small\">P<\/span><span style=\"color: #0000ff;font-size: small\">ing\u00fcinos <\/span>(Spheniscidae): Este es el \u00fanico ping\u00fcino de las            aguas ecuatoriales (aguas c\u00e1lidas), y tambi\u00e9n el que habita            m\u00e1s al Norte, ya que el resto se encuentran en el hemisferio            Sur. Las mayores concentraciones de ping\u00fcinos se encuentran en            las islas Isabela y Fernandina, pero si tienes suerte podr\u00edas            alcanzar a ver una colonia peque\u00f1a en Bartolom\u00e9. <\/strong><\/span><\/p>\n<p><span style=\"font-family: Arial,Helvetica,sans-serif;color: #000000;font-size: x-small\"><strong><img loading=\"lazy\" decoding=\"async\" class=\"alignnone\" title=\"ping\u00fcinos\" src=\"http:\/\/www.espontaneas.com\/image\/a41a33a21d11a680202b506e3efaf7b6\/size_2\" alt=\"\" width=\"250\" height=\"180\" \/><\/strong><\/span><\/p>\n<p><span style=\"font-family: Arial,Helvetica,sans-serif;color: #000000;font-size: x-small\"><strong><span style=\"color: #000099;font-size: small\">Piqueros<\/span> (Sulidae): de patas azules, de paras rojas y enmascarados, los piqueros            se encuentran en la mayor\u00eda de las islas del archipi\u00e9lago,            siendo los de patas azules y los enmascarados los m\u00e1s comunes.            Estos incre\u00edbles buzos se sumergen a profundidades de 8 metros            para atrapar sus presas. Uno de nuestros recuerdos favoritos de las            Gal\u00e1pagos sucedi\u00f3 mientras buce\u00e1bamos con esn\u00f3rkel,            cuando un piquero se sumergi\u00f3 en el agua a menos de tres metros            de nosotros para atrapar un pez. Son coloridos, interesantes y divertidos            de observar (especialmente durante el cortejo).<\/strong><\/span><\/p>\n<p><span style=\"font-family: Arial,Helvetica,sans-serif;color: #000000;font-size: x-small\"><strong><span style=\"color: #000099;font-size: small\"><img loading=\"lazy\" decoding=\"async\" class=\"alignnone\" title=\"piqueros\" src=\"http:\/\/t2.gstatic.com\/images?q=tbn:ANd9GcQ7-eBMMMsvAJUP0IUGxvFgL0HlBDw19sHC2sji-67OoEZYMucv\" alt=\"\" width=\"259\" height=\"194\" \/><\/span><\/strong><\/span><\/p>\n<h1><em><strong><em><strong>FLORA<\/strong><\/em><\/strong><\/em><\/h1>\n<p><img loading=\"lazy\" decoding=\"async\" class=\"alignnone\" title=\"flor1\" src=\"http:\/\/kantoborgy.com\/leonardo_salvador_vivar_ayora\/galapagos\/lsva_flor_de_la_manana_2.jpg\" alt=\"\" width=\"300\" height=\"217\" \/><\/p>\n<p><sup>Flor de la Ma\u00f1ana. Ipomoea Pes Caprae. Nativa de Gal\u00e1pagos es una especie rastrera<\/sup><\/p>\n<p><img loading=\"lazy\" decoding=\"async\" class=\"alignnone\" title=\"flor2\" src=\"http:\/\/kantoborgy.com\/leonardo_salvador_vivar_ayora\/galapagos\/lsva_muyuyo.jpg\" alt=\"\" width=\"328\" height=\"241\" \/><\/p>\n<p><sup>Muyuyo. Cordia Lutea. Arbol de hasta 8m de altura, Flores dulces.<\/sup><\/p>\n<p><img loading=\"lazy\" decoding=\"async\" class=\"alignnone\" title=\"flor3\" src=\"http:\/\/kantoborgy.com\/leonardo_salvador_vivar_ayora\/galapagos\/lsva_sesuvium.jpg\" alt=\"\" width=\"328\" height=\"270\" \/><\/p>\n<p><sup>Sesuvium Portulacastrum. Especie Nativa, es rastrera en suelo arenoso y rocoso.<\/sup><\/p>\n","protected":false},"excerpt":{"rendered":"<p>Las Islas Gal\u00e1pagosconstituyen un archipi\u00e9lago del oc\u00e9ano Pac\u00edfico ubicado a 972 km de la costa de Ecuador. Est\u00e1 conformado por 13 grandes islas volc\u00e1nicas, 6 islas m\u00e1s peque\u00f1as y 107 rocas e islotes, distribuidas alrededor de la l\u00ednea del ecuador terrestre.Administrativamente, las islas constituyen una provincia de Ecuador, cuya capital es Puerto Baquerizo Moreno El [&hellip;]<\/p>\n","protected":false},"author":6580,"featured_media":0,"parent":0,"menu_order":0,"comment_status":"open","ping_status":"open","template":"","meta":{"footnotes":""},"class_list":["post-45","page","type-page","status-publish","hentry"],"_links":{"self":[{"href":"https:\/\/blog.espol.edu.ec\/cvaccaro\/wp-json\/wp\/v2\/pages\/45","targetHints":{"allow":["GET"]}}],"collection":[{"href":"https:\/\/blog.espol.edu.ec\/cvaccaro\/wp-json\/wp\/v2\/pages"}],"about":[{"href":"https:\/\/blog.espol.edu.ec\/cvaccaro\/wp-json\/wp\/v2\/types\/page"}],"author":[{"embeddable":true,"href":"https:\/\/blog.espol.edu.ec\/cvaccaro\/wp-json\/wp\/v2\/users\/6580"}],"replies":[{"embeddable":true,"href":"https:\/\/blog.espol.edu.ec\/cvaccaro\/wp-json\/wp\/v2\/comments?post=45"}],"version-history":[{"count":24,"href":"https:\/\/blog.espol.edu.ec\/cvaccaro\/wp-json\/wp\/v2\/pages\/45\/revisions"}],"predecessor-version":[{"id":69,"href":"https:\/\/blog.espol.edu.ec\/cvaccaro\/wp-json\/wp\/v2\/pages\/45\/revisions\/69"}],"wp:attachment":[{"href":"https:\/\/blog.espol.edu.ec\/cvaccaro\/wp-json\/wp\/v2\/media?parent=45"}],"curies":[{"name":"wp","href":"https:\/\/api.w.org\/{rel}","templated":true}]}}