{"id":20,"date":"2016-11-26T06:26:53","date_gmt":"2016-11-26T11:26:53","guid":{"rendered":"http:\/\/blog.espol.edu.ec\/cvillafu\/?page_id=20"},"modified":"2016-11-28T19:25:29","modified_gmt":"2016-11-29T00:25:29","slug":"ayuda-de-resolucion","status":"publish","type":"page","link":"https:\/\/blog.espol.edu.ec\/cvillafu\/ayuda-de-resolucion\/","title":{"rendered":"Ayuda de Resolucion"},"content":{"rendered":"<p>Pueden enviar sus ejercicios por este medio y se les ayudara con una breve explicaci\u00f3n de el m\u00e9todo a realizar en dicha operaci\u00f3n.<\/p>\n","protected":false},"excerpt":{"rendered":"<p>Pueden enviar sus ejercicios por este medio y se les ayudara con una breve explicaci\u00f3n de el m\u00e9todo a realizar en dicha operaci\u00f3n.<\/p>\n","protected":false},"author":10801,"featured_media":0,"parent":0,"menu_order":2,"comment_status":"open","ping_status":"closed","template":"","meta":{"footnotes":""},"class_list":["post-20","page","type-page","status-publish","hentry"],"_links":{"self":[{"href":"https:\/\/blog.espol.edu.ec\/cvillafu\/wp-json\/wp\/v2\/pages\/20","targetHints":{"allow":["GET"]}}],"collection":[{"href":"https:\/\/blog.espol.edu.ec\/cvillafu\/wp-json\/wp\/v2\/pages"}],"about":[{"href":"https:\/\/blog.espol.edu.ec\/cvillafu\/wp-json\/wp\/v2\/types\/page"}],"author":[{"embeddable":true,"href":"https:\/\/blog.espol.edu.ec\/cvillafu\/wp-json\/wp\/v2\/users\/10801"}],"replies":[{"embeddable":true,"href":"https:\/\/blog.espol.edu.ec\/cvillafu\/wp-json\/wp\/v2\/comments?post=20"}],"version-history":[{"count":1,"href":"https:\/\/blog.espol.edu.ec\/cvillafu\/wp-json\/wp\/v2\/pages\/20\/revisions"}],"predecessor-version":[{"id":21,"href":"https:\/\/blog.espol.edu.ec\/cvillafu\/wp-json\/wp\/v2\/pages\/20\/revisions\/21"}],"wp:attachment":[{"href":"https:\/\/blog.espol.edu.ec\/cvillafu\/wp-json\/wp\/v2\/media?parent=20"}],"curies":[{"name":"wp","href":"https:\/\/api.w.org\/{rel}","templated":true}]}}