{"id":76,"date":"2010-06-16T13:35:03","date_gmt":"2010-06-16T13:35:03","guid":{"rendered":"http:\/\/blog.espol.edu.ec\/cxreyes\/?page_id=76"},"modified":"2010-06-16T13:35:42","modified_gmt":"2010-06-16T13:35:42","slug":"slideshare","status":"publish","type":"page","link":"https:\/\/blog.espol.edu.ec\/cxreyes\/slideshare\/","title":{"rendered":"\"SlideShare\""},"content":{"rendered":"<p>\u00a0<\/p>\n<div id=\"__ss_5316\" style=\"width: 425px\"><strong><a title=\"Web 2.0\" href=\"http:\/\/www.slideshare.net\/satyajeet_02\/web-20-5316\">Web 2.0<\/a><\/strong><object classid=\"clsid:d27cdb6e-ae6d-11cf-96b8-444553540000\" width=\"425\" height=\"355\"><param name=\"allowFullScreen\" value=\"true\" \/><param name=\"allowScriptAccess\" value=\"always\" \/><param name=\"src\" value=\"http:\/\/static.slidesharecdn.com\/swf\/ssplayer2.swf?doc=web-20-5316-25603&amp;stripped_title=web-20-5316\" \/><param name=\"name\" value=\"__sse5316\" \/><param name=\"allowfullscreen\" value=\"true\" \/><embed id=\"__sse5316\" type=\"application\/x-shockwave-flash\" width=\"425\" height=\"355\" src=\"http:\/\/static.slidesharecdn.com\/swf\/ssplayer2.swf?doc=web-20-5316-25603&amp;stripped_title=web-20-5316\" allowscriptaccess=\"always\" allowfullscreen=\"true\"><\/embed><\/object><\/div>\n<div style=\"padding: 5px 0 12px\">View more <a href=\"http:\/\/www.slideshare.net\/\">presentations<\/a> from <a href=\"http:\/\/www.slideshare.net\/satyajeet_02\">Satyajeet Singh<\/a>.<\/div>\n<p>En la <a title=\"Web\" href=\"http:\/\/es.wikipedia.org\/wiki\/Web\">web<\/a> podemos tener todo tipo de acceso a cualquier aechivo, como ya son conocidos los videos y fotografias.Ahora tambi\u00e9n se han incorporado los documentos, hojas de c\u00e1lculo y el <a title=\"Correo electr\u00f3nico\" href=\"http:\/\/es.wikipedia.org\/wiki\/Correo_electr%C3%B3nico\">correo electr\u00f3nico<\/a>, para que se pueda acceder a todo ello desde cualquier ordenador<\/p>\n<p>Denomin\u00e1ndose 'El <a title=\"YouTube\" href=\"http:\/\/es.wikipedia.org\/wiki\/YouTube\">YouTube<\/a> para Powerpoint'. <a title=\"SlideShare (a\u00fan no redactado)\" href=\"http:\/\/es.wikipedia.org\/w\/index.php?title=SlideShare&amp;action=edit&amp;redlink=1\">SlideShare<\/a> es una aplicaci\u00f3n web donde se pueden almacenar presentaciones de diapositivas. Al igual que en <a title=\"YouTube\" href=\"http:\/\/es.wikipedia.org\/wiki\/YouTube\">YouTube<\/a>, las presentaciones hay que crearlas en el propio ordenador utilizando el programa Microsoft Powerpoint, <a title=\"OpenOffice.org\" href=\"http:\/\/es.wikipedia.org\/wiki\/OpenOffice.org\">OpenOffice.org<\/a> o cualquier programa compatible con los formatos <a title=\".PPT (a\u00fan no redactado)\" href=\"http:\/\/es.wikipedia.org\/w\/index.php?title=.PPT&amp;action=edit&amp;redlink=1\">.PPT<\/a>, <a title=\".PPS (a\u00fan no redactado)\" href=\"http:\/\/es.wikipedia.org\/w\/index.php?title=.PPS&amp;action=edit&amp;redlink=1\">.PPS<\/a> u <a title=\".ODP (a\u00fan no redactado)\" href=\"http:\/\/es.wikipedia.org\/w\/index.php?title=.ODP&amp;action=edit&amp;redlink=1\">.ODP<\/a>.<\/p>\n<p>Cuando el usuario sube la presentaci\u00f3n a <a title=\"SlideShare (a\u00fan no redactado)\" href=\"http:\/\/es.wikipedia.org\/w\/index.php?title=SlideShare&amp;action=edit&amp;redlink=1\">SlideShare<\/a>, el sistema la convierte en '<a title=\"Flash\" href=\"http:\/\/es.wikipedia.org\/wiki\/Flash\">Flash<\/a>'. Esto quiere decir que se puede ver desde cualquier ordenador, simplemente abriendo una <a title=\"P\u00e1gina web\" href=\"http:\/\/es.wikipedia.org\/wiki\/P%C3%A1gina_web\">p\u00e1gina web<\/a>.<\/p>\n<p><a title=\"SlideShare (a\u00fan no redactado)\" href=\"http:\/\/es.wikipedia.org\/w\/index.php?title=SlideShare&amp;action=edit&amp;redlink=1\">SlideShare<\/a> hace m\u00e1s f\u00e1cil compartir una presentaci\u00f3n de trabajo con otros colegas, o incluso dar una conferencia sin necesidad de cargar con la presentaci\u00f3n, simplemente accediendo a ella desde una conexi\u00f3n a <a title=\"Internet\" href=\"http:\/\/es.wikipedia.org\/wiki\/Internet\">Internet<\/a> cualquiera.<\/p>\n","protected":false},"excerpt":{"rendered":"<p>\u00a0 Web 2.0 View more presentations from Satyajeet Singh. En la web podemos tener todo tipo de acceso a cualquier aechivo, como ya son conocidos los videos y fotografias.Ahora tambi\u00e9n se han incorporado los documentos, hojas de c\u00e1lculo y el correo electr\u00f3nico, para que se pueda acceder a todo ello desde cualquier ordenador Denomin\u00e1ndose 'El [&hellip;]<\/p>\n","protected":false},"author":4172,"featured_media":0,"parent":0,"menu_order":0,"comment_status":"open","ping_status":"open","template":"","meta":{"footnotes":""},"class_list":["post-76","page","type-page","status-publish","hentry"],"_links":{"self":[{"href":"https:\/\/blog.espol.edu.ec\/cxreyes\/wp-json\/wp\/v2\/pages\/76","targetHints":{"allow":["GET"]}}],"collection":[{"href":"https:\/\/blog.espol.edu.ec\/cxreyes\/wp-json\/wp\/v2\/pages"}],"about":[{"href":"https:\/\/blog.espol.edu.ec\/cxreyes\/wp-json\/wp\/v2\/types\/page"}],"author":[{"embeddable":true,"href":"https:\/\/blog.espol.edu.ec\/cxreyes\/wp-json\/wp\/v2\/users\/4172"}],"replies":[{"embeddable":true,"href":"https:\/\/blog.espol.edu.ec\/cxreyes\/wp-json\/wp\/v2\/comments?post=76"}],"version-history":[{"count":4,"href":"https:\/\/blog.espol.edu.ec\/cxreyes\/wp-json\/wp\/v2\/pages\/76\/revisions"}],"predecessor-version":[{"id":80,"href":"https:\/\/blog.espol.edu.ec\/cxreyes\/wp-json\/wp\/v2\/pages\/76\/revisions\/80"}],"wp:attachment":[{"href":"https:\/\/blog.espol.edu.ec\/cxreyes\/wp-json\/wp\/v2\/media?parent=76"}],"curies":[{"name":"wp","href":"https:\/\/api.w.org\/{rel}","templated":true}]}}