{"id":1,"date":"2009-05-22T18:05:14","date_gmt":"2009-05-22T22:05:14","guid":{"rendered":""},"modified":"2009-07-03T00:05:23","modified_gmt":"2009-07-03T04:05:23","slug":"about","status":"publish","type":"page","link":"https:\/\/blog.espol.edu.ec\/cxvilla\/about\/","title":{"rendered":"BIOGRAFIA"},"content":{"rendered":"<p style=\"text-align: justify\">Ram\u00f3n \"Raymond\" Luis Ayala Rodr\u00edguez (n. San Juan, Puerto Rico, 3 de febrero de 1977), conocido art\u00edsticamente como Daddy Yankee, cantautor de <span class=\"mw-redirect\">reggaet\u00f3n<\/span>, actor, productor cinematogr\u00e1fico, locutor radial y empresario puertorrique\u00f1o. Uno de sus mayores logros es haber popularizado el reggaet\u00f3n en Am\u00e9rica Latina y diversos pa\u00edses de habla no-hispana. Su disco <em><span class=\"mw-redirect\">Barrio Fino<\/span><\/em> lo proyect\u00f3 a nivel internacional y le permiti\u00f3 ganar diversos premios como un premio Billboard de la M\u00fasica Latina en el a\u00f1o 2005<sup><span class=\"corchete-llamada\">[<\/span>3<span class=\"corchete-llamada\">]<\/span><\/sup> y un premio <span class=\"mw-redirect\">Grammy Latino<\/span> en el 2006.<\/p>\n<p style=\"text-align: justify\">\n<h3><span class=\"mw-headline\">Origen de su nombre art\u00edstico<\/span><\/h3>\n<p style=\"text-align: justify\">El nombre art\u00edstico de Raymond Ayala tiene el siguiente significado: Daddy por ser fan\u00e1tico del cantante Big Daddy Kane y porque en Puerto Rico ese t\u00e9rmino se usa como \"pap\u00e1\"; Yankee porque en Puerto Rico este t\u00e9rmino se utiliza para denotar algo grande y fuerte; adem\u00e1s, es fan\u00e1tico de los Yankees de Nueva York.<\/p>\n<p style=\"text-align: justify\">\n<h3><span class=\"mw-headline\">Sellos discogr\u00e1ficos<\/span><\/h3>\n<p style=\"text-align: justify\">Daddy Yankee estuvo al principio firmado bajo el sello de DJ Playero y su Dream Team. Despu\u00e9s pas\u00f3 a ser parte de Guatauba's Production de Manolo Guatauba, pero tras tener problemas con \u00e9ste, cre\u00f3 su primera disquera Los Cangris, Inc., junto a Nicky Jam. Al enemistarse ambos, la disolvieron. Fue entonces cuando Daddy Yankee cre\u00f3 El Cartel Records. Tambi\u00e9n actualmente est\u00e1 firmado bajo Interscope Records de Universal.<\/p>\n<p style=\"text-align: justify\">\n<h3><span class=\"mw-headline\">\u00c9xito<\/span><\/h3>\n<p style=\"text-align: justify\">Despu\u00e9s de cosechar una gran cantidad de premios y reconocimientos, Daddy Yankee se ha convertido en uno de los principales y m\u00e1s famosos artistas latinos del \u00e1mbito mundial y en el embajador y m\u00e1ximo exponente de su g\u00e9nero, muchas veces considerado el modelo a seguir en cuesti\u00f3n musical por sus hom\u00f3logos. DY se considera una persona humilde, prueba de esto es su comportamiento con los reporteros al estar siempre dispuesto a conceder una entrevista y a su car\u00e1cter asequible y bromista y una apariencia diferente a la de sus compa\u00f1eros al portar muy pocos Blin-Blin o prendas de extremo lujo frecuentemente usada por los raperos.<\/p>\n<p style=\"text-align: justify\">\n<h3><span class=\"mw-headline\">Sus proyectos de cine<\/span><\/h3>\n<p style=\"text-align: justify\">La experiencia que eh obtenido con el cine n\u00famero uno es la nueva faceta de la actuaci\u00f3n, obviamente soy novato en ella, pensaba dentro de m\u00ed que era m\u00e1s f\u00e1cil que la m\u00fasica, tengo que reconocer que no lo es, es mucho m\u00e1s dif\u00edcil. Lo que aprend\u00ed en la actuaci\u00f3n fue que uno tiene que desligarse de como es uno como persona y entrar a ser otro personaje, el cual no es f\u00e1cil.<\/p>\n<p style=\"text-align: justify\">En la m\u00fasica tu tienes la opci\u00f3n de cantar como tu te sientes y siempre dejar tu coraz\u00f3n plasmado en ella, en el cine no, en el cine tienes que ser otra persona no importa como te sientas en ese d\u00eda, que \u00e1nimo tengas, tienes que enfocarte en seguir llevando ese papel, es el gran reto que uno tiene en la actuaci\u00f3n.<\/p>\n<p style=\"text-align: justify\">Estamos pensando en hacer m\u00e1s cines, claro que s\u00ed, estamos trabajando en 2 sinopsis ahora mismo, en dos grandes proyectos para el 2009, esperemos con Dios por delante que se lleven acabo, pero s\u00ed, este es solo el comienzo de esta nueva faceta de Daddy Yankee dentro del mundo del entretenimiento el cual esperen m\u00e1s de m\u00ed<\/p>\n<p style=\"text-align: justify\">Yo soy amante al buen cine y buenos libretos en el cual yo me sienta identificado, sin ning\u00fan temor har\u00eda el papel de cualquier pel\u00edcula, ahora pues, como te dije, las dos sinopsis que estamos trabajando, son totalmente diferentes a Talento de barrio, le vamos a traer otro tipo de entretenimiento a la gente, con papeles e interpretaciones que nadie cree que yo act\u00fae, ese es el gran reto del cine que no te puedes amarrar solamente al concepto, lo que tienes que tener son las agallas para hacer todo tipo de personaje y eso es lo que vamos a hacer.<\/p>\n<p style=\"text-align: justify\">\n<h3 style=\"text-align: justify\"><span class=\"mw-headline\">Guerras liricales<\/span><\/h3>\n<p style=\"text-align: justify\">Tuvo rivalidad al principio de su carrera con Falo (su actual corista). Le tir\u00f3 en la canci\u00f3n Knockout de Guatauba The King of New York Vol. 1, lo cual enfureci\u00f3 a Falo y en un concierto, al finalizar, Falo esper\u00f3 a Daddy Yankee con su corillo y le dieron una golpiza. Daddy Yankee llam\u00f3 a su corillo y respondieron la golpiza justo en la puerta de su casa a Falo.<\/p>\n<p style=\"text-align: justify\">Tambi\u00e9n tuvo problemas con Tempo. Se tiraron varias veces, pero cuando Tempo fue encarcelado por tr\u00e1fico de drogas, Yankee sali\u00f3 en su defensa apoyando la campa\u00f1a Free Tempo. Actualmente son muy buenos amigos.<\/p>\n<p style=\"text-align: justify\">Otra rivalidad fue con Nicky Jam. Ellos eran grandes amigos y colaboraron musicalmente en muchas ocasiones aunque nunca fueron un d\u00fao oficial. En Santifica tus escapularios de Daddy Yankee de su disco Barrio Fino, culpa a Nicky Jam de drogarse haci\u00e9ndole quedar como un cobarde. Nicky Jam le contest\u00f3 en su versi\u00f3n de Lean Back donde le dec\u00eda que siempre que tiene un problema, llama al bobo de su hermano, quien es su manejador, Nomar.<\/p>\n<p style=\"text-align: justify\">Tuvo una rivalidad con Don Omar. Luny Tunes iban a grabar la canci\u00f3n \u00abMirame\u00bb para el \u00e1lbum Mas Flow 2. Primero llamaron a Don Omar, pero surgieron problemas con el debido a que alegadamente Luny insulto al Dj, Productor y amigo de Don Omar, Eliel. Don Omar sali\u00f3 en defensa de su amigo y decidi\u00f3 romper lazos profesionales con el d\u00fao de productores Luny Tunes. Esto ocasion\u00f3 que se cancelara la participaci\u00f3n de Don Omar en Mas Flow 2 y la canci\u00f3n que ten\u00eda prevista grabar para el disco \"M\u00edrame\" se le fue ofrecida a Daddy Yankee la cual acept\u00f3 interpretar y en ella le tira a Don Omar. Otra canci\u00f3n en la cual Don Omar ten\u00eda previsto una participaci\u00f3n era en \u00abMayor Que Yo\u00bb pero por los problemas antes mencionados fue sustituido por Tony Tun Tun.<\/p>\n<p style=\"text-align: justify\">\u00a0<\/p>\n<p style=\"text-align: justify\"><img loading=\"lazy\" decoding=\"async\" class=\"aligncenter size-full wp-image-87\" src=\"http:\/\/blog.espol.edu.ec\/cxvilla\/files\/2009\/05\/daddy-yankee-pose-1.jpg\" alt=\"Daddy Yankee\" width=\"301\" height=\"286\" \/><\/p>\n","protected":false},"excerpt":{"rendered":"<p>Ram\u00f3n \"Raymond\" Luis Ayala Rodr\u00edguez (n. San Juan, Puerto Rico, 3 de febrero de 1977), conocido art\u00edsticamente como Daddy Yankee, cantautor de reggaet\u00f3n, actor, productor cinematogr\u00e1fico, locutor radial y empresario puertorrique\u00f1o. Uno de sus mayores logros es haber popularizado el reggaet\u00f3n en Am\u00e9rica Latina y diversos pa\u00edses de habla no-hispana. Su disco Barrio Fino lo [&hellip;]<\/p>\n","protected":false},"author":1673,"featured_media":0,"parent":0,"menu_order":0,"comment_status":"open","ping_status":"open","template":"","meta":{"footnotes":""},"class_list":["post-1","page","type-page","status-publish","hentry"],"_links":{"self":[{"href":"https:\/\/blog.espol.edu.ec\/cxvilla\/wp-json\/wp\/v2\/pages\/1","targetHints":{"allow":["GET"]}}],"collection":[{"href":"https:\/\/blog.espol.edu.ec\/cxvilla\/wp-json\/wp\/v2\/pages"}],"about":[{"href":"https:\/\/blog.espol.edu.ec\/cxvilla\/wp-json\/wp\/v2\/types\/page"}],"author":[{"embeddable":true,"href":"https:\/\/blog.espol.edu.ec\/cxvilla\/wp-json\/wp\/v2\/users\/1673"}],"replies":[{"embeddable":true,"href":"https:\/\/blog.espol.edu.ec\/cxvilla\/wp-json\/wp\/v2\/comments?post=1"}],"version-history":[{"count":10,"href":"https:\/\/blog.espol.edu.ec\/cxvilla\/wp-json\/wp\/v2\/pages\/1\/revisions"}],"predecessor-version":[{"id":91,"href":"https:\/\/blog.espol.edu.ec\/cxvilla\/wp-json\/wp\/v2\/pages\/1\/revisions\/91"}],"wp:attachment":[{"href":"https:\/\/blog.espol.edu.ec\/cxvilla\/wp-json\/wp\/v2\/media?parent=1"}],"curies":[{"name":"wp","href":"https:\/\/api.w.org\/{rel}","templated":true}]}}