{"id":60,"date":"2009-07-02T22:38:53","date_gmt":"2009-07-03T02:38:53","guid":{"rendered":"http:\/\/blog.espol.edu.ec\/cxvilla\/?page_id=60"},"modified":"2009-07-03T00:17:32","modified_gmt":"2009-07-03T04:17:32","slug":"talento-de-barrio","status":"publish","type":"page","link":"https:\/\/blog.espol.edu.ec\/cxvilla\/talento-de-barrio\/","title":{"rendered":"TALENTO DE BARRIO"},"content":{"rendered":"<p style=\"text-align: justify\">Talento de barrio es una pel\u00edcula y su fecha de lanzamiento fue el 14 de agosto de 2008. El actor principal es el cantante puertorrique\u00f1o de <span class=\"mw-redirect\">reggaet\u00f3n<\/span>, Daddy Yankee. Est\u00e1 dirigida por Jos\u00e9 Iv\u00e1n Santiago y producida por George Rivera y \u00c1ngel M. Sanjurjo. Se film\u00f3 en el Residencial Gautier Ben\u00edtez, Caguas, Barrios de Puerto nuevo, Puerto Rico y en los Estados Unidos.<\/p>\n<p style=\"text-align: justify\">\n<h2 style=\"text-align: justify\"><span class=\"mw-headline\">Argumento<\/span><\/h2>\n<p style=\"text-align: justify\">Daddy Yankee act\u00faa como \u00c9dgar, o tambi\u00e9n llamado \"[Dinero]\". Un joven enfadado de los barrios bajos de Puerto Rico, que est\u00e1 enredado entre la brutalidad de su vecindad y el golpeado de su barrio. Sobre aquel camino \u00c9dgar encuentra la interrupci\u00f3n entre su pandilla, enamor\u00e1ndose de una muchacha a quien \u00c9dgar debe ocultarle su uni\u00f3n con su grupo de barrio. Pronto \u00c9dgar debe afrontar la pregunta: \u00bfMorir\u00eda \u00e9l como el \"Cangri\" de la pandilla o resucitar\u00eda \u00e9l como \"El Gran Jefe\" del Reggaet\u00f3n?<\/p>\n<p style=\"text-align: justify\">\n<table class=\"infobox_v2\" style=\"text-align: center;height: 320px\" border=\"0\" width=\"296\">\n<tbody>\n<tr>\n<td class=\"cabecera cine\" colspan=\"2\"><em><strong>Talento de barrio<\/strong><\/em><\/td>\n<\/tr>\n<tr>\n<td style=\"text-align: left;vertical-align: top\"><strong>T\u00edtulo<\/strong><\/td>\n<td>Talento de barrio<\/td>\n<\/tr>\n<tr>\n<th colspan=\"2\">Ficha t\u00e9cnica<\/th>\n<\/tr>\n<tr style=\"vertical-align: top\">\n<td style=\"text-align: left\"><strong>Direcci\u00f3n<\/strong><\/td>\n<td style=\"text-align: left\">Jos\u00e9 Iv\u00e1n Santiago<\/td>\n<\/tr>\n<tr style=\"vertical-align: top\">\n<td style=\"text-align: left\"><strong><span class=\"mw-redirect\">Producci\u00f3n<\/span><\/strong><\/td>\n<td style=\"text-align: left\">George Rivera<br \/>\n\u00c1ngel M. Sajurjo<\/td>\n<\/tr>\n<tr style=\"vertical-align: top\">\n<td style=\"text-align: left\"><strong>Gui\u00f3n<\/strong><\/td>\n<td style=\"text-align: left\">George Rivera<br \/>\n\u00c1ngel M. Sanjurjo<br \/>\n\u00c9dgar Sober\u00f3n Torchia<\/td>\n<\/tr>\n<tr style=\"vertical-align: top\">\n<td style=\"text-align: left\"><strong><span class=\"mw-redirect\">M\u00fasica<\/span><\/strong><\/td>\n<td style=\"text-align: left\">Sam FISH Fisher<\/td>\n<\/tr>\n<tr style=\"vertical-align: top\">\n<td style=\"text-align: left\"><strong>Escenograf\u00eda<\/strong><\/td>\n<td style=\"text-align: left\">Leslie Colombani Jr.<\/td>\n<\/tr>\n<tr style=\"vertical-align: top\">\n<td style=\"text-align: left\"><strong>Reparto<\/strong><\/td>\n<td style=\"text-align: left\">Daddy Yankee<br \/>\nYo-Seph<\/td>\n<\/tr>\n<tr>\n<th colspan=\"2\">Datos y cifras<\/th>\n<\/tr>\n<tr style=\"vertical-align: top\">\n<td style=\"text-align: left\"><strong>Pa\u00eds(es)<\/strong><\/td>\n<td style=\"text-align: left\">Puerto Rico<br \/>\nEstados Unidos<\/td>\n<\/tr>\n<tr>\n<td style=\"text-align: left\"><strong>A\u00f1o<\/strong><\/td>\n<td style=\"text-align: left\">2008<\/td>\n<\/tr>\n<tr>\n<td style=\"text-align: left\"><strong>G\u00e9nero<\/strong><\/td>\n<td style=\"text-align: left\">Drama<\/td>\n<\/tr>\n<tr>\n<th colspan=\"2\">Compa\u00f1\u00edas<\/th>\n<\/tr>\n<tr>\n<td style=\"text-align: left\"><strong>Presupuesto<\/strong><\/td>\n<td style=\"text-align: left\">$1.500.000<\/td>\n<\/tr>\n<\/tbody>\n<\/table>\n<p style=\"text-align: justify\">\u00a0<\/p>\n<p style=\"text-align: justify\"><img loading=\"lazy\" decoding=\"async\" class=\"alignnone size-full wp-image-83\" src=\"http:\/\/blog.espol.edu.ec\/cxvilla\/files\/2009\/07\/20081015_231_talento_de_barrio1.jpg\" alt=\"TDB\" width=\"301\" height=\"436\" srcset=\"https:\/\/blog.espol.edu.ec\/cxvilla\/files\/2009\/07\/20081015_231_talento_de_barrio1.jpg 301w, https:\/\/blog.espol.edu.ec\/cxvilla\/files\/2009\/07\/20081015_231_talento_de_barrio1-207x300.jpg 207w\" sizes=\"auto, (max-width: 301px) 100vw, 301px\" \/><a href=\"http:\/\/www.bandolerosmusic.com\/thumbs\/20081015_231_Talento_de_barrio.jpg\"><\/a><\/p>\n<p><object width=\"560\" height=\"340\"><param name=\"movie\" value=\"http:\/\/www.youtube.com\/v\/3WyckONLUuY&amp;hl=es&amp;fs=1&amp;color1=0x3a3a3a&amp;color2=0x999999\"><\/param><param name=\"allowFullScreen\" value=\"true\"><\/param><param name=\"allowscriptaccess\" value=\"always\"><\/param><embed src=\"http:\/\/www.youtube.com\/v\/3WyckONLUuY&amp;hl=es&amp;fs=1&amp;color1=0x3a3a3a&amp;color2=0x999999\" type=\"application\/x-shockwave-flash\" width=\"560\" height=\"340\"><\/embed><\/object><\/p>\n","protected":false},"excerpt":{"rendered":"<p>Talento de barrio es una pel\u00edcula y su fecha de lanzamiento fue el 14 de agosto de 2008. El actor principal es el cantante puertorrique\u00f1o de reggaet\u00f3n, Daddy Yankee. Est\u00e1 dirigida por Jos\u00e9 Iv\u00e1n Santiago y producida por George Rivera y \u00c1ngel M. Sanjurjo. Se film\u00f3 en el Residencial Gautier Ben\u00edtez, Caguas, Barrios de Puerto [&hellip;]<\/p>\n","protected":false},"author":1673,"featured_media":0,"parent":0,"menu_order":0,"comment_status":"open","ping_status":"open","template":"","meta":{"footnotes":""},"class_list":["post-60","page","type-page","status-publish","hentry"],"_links":{"self":[{"href":"https:\/\/blog.espol.edu.ec\/cxvilla\/wp-json\/wp\/v2\/pages\/60","targetHints":{"allow":["GET"]}}],"collection":[{"href":"https:\/\/blog.espol.edu.ec\/cxvilla\/wp-json\/wp\/v2\/pages"}],"about":[{"href":"https:\/\/blog.espol.edu.ec\/cxvilla\/wp-json\/wp\/v2\/types\/page"}],"author":[{"embeddable":true,"href":"https:\/\/blog.espol.edu.ec\/cxvilla\/wp-json\/wp\/v2\/users\/1673"}],"replies":[{"embeddable":true,"href":"https:\/\/blog.espol.edu.ec\/cxvilla\/wp-json\/wp\/v2\/comments?post=60"}],"version-history":[{"count":5,"href":"https:\/\/blog.espol.edu.ec\/cxvilla\/wp-json\/wp\/v2\/pages\/60\/revisions"}],"predecessor-version":[{"id":94,"href":"https:\/\/blog.espol.edu.ec\/cxvilla\/wp-json\/wp\/v2\/pages\/60\/revisions\/94"}],"wp:attachment":[{"href":"https:\/\/blog.espol.edu.ec\/cxvilla\/wp-json\/wp\/v2\/media?parent=60"}],"curies":[{"name":"wp","href":"https:\/\/api.w.org\/{rel}","templated":true}]}}