{"id":32,"date":"2013-11-25T06:35:10","date_gmt":"2013-11-25T06:35:10","guid":{"rendered":"http:\/\/blog.espol.edu.ec\/daaguirr\/?page_id=32"},"modified":"2013-11-25T06:45:59","modified_gmt":"2013-11-25T06:45:59","slug":"modelos-in-de-unas-navidenas","status":"publish","type":"page","link":"https:\/\/blog.espol.edu.ec\/daaguirr\/modelos-in-de-unas-navidenas\/","title":{"rendered":"modelos in de u\u00f1as navide\u00f1as"},"content":{"rendered":"<p><div id=\"attachment_36\" style=\"width: 233px\" class=\"wp-caption aligncenter\"><a href=\"http:\/\/blog.espol.edu.ec\/daaguirr\/files\/2013\/11\/images.jpg\"><img loading=\"lazy\" decoding=\"async\" aria-describedby=\"caption-attachment-36\" src=\"http:\/\/blog.espol.edu.ec\/daaguirr\/files\/2013\/11\/images.jpg\" alt=\"divertido mu\u00f1equito en tres parte de tu u\u00f1a\" width=\"223\" height=\"226\" class=\"size-full wp-image-36\" \/><\/a><p id=\"caption-attachment-36\" class=\"wp-caption-text\">divertido mu\u00f1equito en tres parte de tu u\u00f1a<\/p><\/div><div id=\"attachment_33\" style=\"width: 640px\" class=\"wp-caption aligncenter\"><a href=\"http:\/\/blog.espol.edu.ec\/daaguirr\/files\/2013\/11\/u\u00f1as-navide\u00f1as001.jpg\"><img loading=\"lazy\" decoding=\"async\" aria-describedby=\"caption-attachment-33\" src=\"http:\/\/blog.espol.edu.ec\/daaguirr\/files\/2013\/11\/u\u00f1as-navide\u00f1as001.jpg\" alt=\"facil y divertido modelo navide\u00f1o\" width=\"630\" height=\"473\" class=\"size-full wp-image-33\" srcset=\"https:\/\/blog.espol.edu.ec\/daaguirr\/files\/2013\/11\/u\u00f1as-navide\u00f1as001.jpg 630w, https:\/\/blog.espol.edu.ec\/daaguirr\/files\/2013\/11\/u\u00f1as-navide\u00f1as001-300x225.jpg 300w\" sizes=\"auto, (max-width: 630px) 100vw, 630px\" \/><\/a><p id=\"caption-attachment-33\" class=\"wp-caption-text\">facil y divertido modelo navide\u00f1o<\/p><\/div><div id=\"attachment_34\" style=\"width: 413px\" class=\"wp-caption aligncenter\"><a href=\"http:\/\/blog.espol.edu.ec\/daaguirr\/files\/2013\/11\/dise\u00f1o-de-u\u00f1as-navide\u00f1as-3.jpg\"><img loading=\"lazy\" decoding=\"async\" aria-describedby=\"caption-attachment-34\" src=\"http:\/\/blog.espol.edu.ec\/daaguirr\/files\/2013\/11\/dise\u00f1o-de-u\u00f1as-navide\u00f1as-3.jpg\" alt=\"decorado de tres colores con puntitos blanco\" width=\"403\" height=\"382\" class=\"size-full wp-image-34\" srcset=\"https:\/\/blog.espol.edu.ec\/daaguirr\/files\/2013\/11\/dise\u00f1o-de-u\u00f1as-navide\u00f1as-3.jpg 403w, https:\/\/blog.espol.edu.ec\/daaguirr\/files\/2013\/11\/dise\u00f1o-de-u\u00f1as-navide\u00f1as-3-300x284.jpg 300w\" sizes=\"auto, (max-width: 403px) 100vw, 403px\" \/><\/a><p id=\"caption-attachment-34\" class=\"wp-caption-text\">decorado de tres colores con puntitos blanco<\/p><\/div><\/p>\n","protected":false},"excerpt":{"rendered":"","protected":false},"author":8796,"featured_media":0,"parent":0,"menu_order":0,"comment_status":"open","ping_status":"open","template":"","meta":{"footnotes":""},"class_list":["post-32","page","type-page","status-publish","hentry"],"_links":{"self":[{"href":"https:\/\/blog.espol.edu.ec\/daaguirr\/wp-json\/wp\/v2\/pages\/32","targetHints":{"allow":["GET"]}}],"collection":[{"href":"https:\/\/blog.espol.edu.ec\/daaguirr\/wp-json\/wp\/v2\/pages"}],"about":[{"href":"https:\/\/blog.espol.edu.ec\/daaguirr\/wp-json\/wp\/v2\/types\/page"}],"author":[{"embeddable":true,"href":"https:\/\/blog.espol.edu.ec\/daaguirr\/wp-json\/wp\/v2\/users\/8796"}],"replies":[{"embeddable":true,"href":"https:\/\/blog.espol.edu.ec\/daaguirr\/wp-json\/wp\/v2\/comments?post=32"}],"version-history":[{"count":3,"href":"https:\/\/blog.espol.edu.ec\/daaguirr\/wp-json\/wp\/v2\/pages\/32\/revisions"}],"predecessor-version":[{"id":45,"href":"https:\/\/blog.espol.edu.ec\/daaguirr\/wp-json\/wp\/v2\/pages\/32\/revisions\/45"}],"wp:attachment":[{"href":"https:\/\/blog.espol.edu.ec\/daaguirr\/wp-json\/wp\/v2\/media?parent=32"}],"curies":[{"name":"wp","href":"https:\/\/api.w.org\/{rel}","templated":true}]}}