{"id":48,"date":"2013-11-25T06:53:31","date_gmt":"2013-11-25T06:53:31","guid":{"rendered":"http:\/\/blog.espol.edu.ec\/daaguirr\/?page_id=48"},"modified":"2013-11-25T06:53:31","modified_gmt":"2013-11-25T06:53:31","slug":"unas-de-gel","status":"publish","type":"page","link":"https:\/\/blog.espol.edu.ec\/daaguirr\/unas-de-gel\/","title":{"rendered":"u\u00f1as de gel"},"content":{"rendered":"<p>El cuidado de las u\u00f1as es fundamental si queremos brindar una buena imagen, y muchas veces el mayor problema es que no tenemos tiempo para cuidarlas a fondo como se debe y es all\u00ed en donde empiezan a da\u00f1arse, quebrarse y ensuciarse con mayor frecuencia. Para todo esto existe una soluci\u00f3n muy pr\u00e1ctica: las u\u00f1as de gel, este tipo de u\u00f1as no est\u00e1n hechas literalmente de gel, sino de acr\u00edlico y suelen reemplazar a las u\u00f1as tradicionales en especial cuando \u00e9stas est\u00e1n da\u00f1adas.<br \/>\nPrimero debemos comprar los materiales esenciales: pegamento para tips, tips (u\u00f1as de gel naturales, punta francesa o transparentes), esterilizador para u\u00f1as, acetona, polvo de porcelana, deshidratante para u\u00f1as, lima pulidora, gel fr\u00edo, mon\u00f3mero molecular, corta tipo y aceite para cut\u00edcula.<br \/>\nEl tip debe ser medido de acuerdo al tama\u00f1o de cada una de nuestra u\u00f1as, una vez que tengamos las medidas ya cortadas aplicaremos una gotita de pegamento y la pegaremos sobre la u\u00f1a natural.<a href=\"http:\/\/blog.espol.edu.ec\/daaguirr\/files\/2013\/11\/gel.jpg\"><img loading=\"lazy\" decoding=\"async\" src=\"http:\/\/blog.espol.edu.ec\/daaguirr\/files\/2013\/11\/gel.jpg\" alt=\"u\u00f1a de gel decorada estilo minnie\" width=\"480\" height=\"360\" class=\"aligncenter size-full wp-image-49\" srcset=\"https:\/\/blog.espol.edu.ec\/daaguirr\/files\/2013\/11\/gel.jpg 480w, https:\/\/blog.espol.edu.ec\/daaguirr\/files\/2013\/11\/gel-300x225.jpg 300w\" sizes=\"auto, (max-width: 480px) 100vw, 480px\" \/><\/a><\/p>\n","protected":false},"excerpt":{"rendered":"<p>El cuidado de las u\u00f1as es fundamental si queremos brindar una buena imagen, y muchas veces el mayor problema es que no tenemos tiempo para cuidarlas a fondo como se debe y es all\u00ed en donde empiezan a da\u00f1arse, quebrarse y ensuciarse con mayor frecuencia. Para todo esto existe una soluci\u00f3n muy pr\u00e1ctica: las u\u00f1as [&hellip;]<\/p>\n","protected":false},"author":8796,"featured_media":0,"parent":0,"menu_order":0,"comment_status":"open","ping_status":"open","template":"","meta":{"footnotes":""},"class_list":["post-48","page","type-page","status-publish","hentry"],"_links":{"self":[{"href":"https:\/\/blog.espol.edu.ec\/daaguirr\/wp-json\/wp\/v2\/pages\/48","targetHints":{"allow":["GET"]}}],"collection":[{"href":"https:\/\/blog.espol.edu.ec\/daaguirr\/wp-json\/wp\/v2\/pages"}],"about":[{"href":"https:\/\/blog.espol.edu.ec\/daaguirr\/wp-json\/wp\/v2\/types\/page"}],"author":[{"embeddable":true,"href":"https:\/\/blog.espol.edu.ec\/daaguirr\/wp-json\/wp\/v2\/users\/8796"}],"replies":[{"embeddable":true,"href":"https:\/\/blog.espol.edu.ec\/daaguirr\/wp-json\/wp\/v2\/comments?post=48"}],"version-history":[{"count":1,"href":"https:\/\/blog.espol.edu.ec\/daaguirr\/wp-json\/wp\/v2\/pages\/48\/revisions"}],"predecessor-version":[{"id":50,"href":"https:\/\/blog.espol.edu.ec\/daaguirr\/wp-json\/wp\/v2\/pages\/48\/revisions\/50"}],"wp:attachment":[{"href":"https:\/\/blog.espol.edu.ec\/daaguirr\/wp-json\/wp\/v2\/media?parent=48"}],"curies":[{"name":"wp","href":"https:\/\/api.w.org\/{rel}","templated":true}]}}