{"id":57,"date":"2013-11-25T07:03:36","date_gmt":"2013-11-25T07:03:36","guid":{"rendered":"http:\/\/blog.espol.edu.ec\/daaguirr\/?page_id=57"},"modified":"2013-11-25T07:03:36","modified_gmt":"2013-11-25T07:03:36","slug":"pinta-tus-unas-con-agua","status":"publish","type":"page","link":"https:\/\/blog.espol.edu.ec\/daaguirr\/pinta-tus-unas-con-agua\/","title":{"rendered":"pinta tus u\u00f1as con agua"},"content":{"rendered":"<p>Una t\u00e9cnica, para obtener fant\u00e1sticos dise\u00f1os en nuestras u\u00f1as, sin necesidad de ser muy precisas es pintar nuestras u\u00f1as con agua. La t\u00e9cnica consiste en poner unas gotas de esmalte sobre el agua, la reacci\u00f3n que provoca esto, es que el esmalte va a flotar, luego con un pincel, puedes darle la forma que quieras a tu dise\u00f1o, sumergir tu u\u00f1a e instant\u00e1neamente, el esmalte se fijara.<a href=\"http:\/\/blog.espol.edu.ec\/daaguirr\/files\/2013\/11\/002.jpg\"><img loading=\"lazy\" decoding=\"async\" src=\"http:\/\/blog.espol.edu.ec\/daaguirr\/files\/2013\/11\/002.jpg\" alt=\"diviertete haciendo estos lindos modelos\" width=\"500\" height=\"531\" class=\"aligncenter size-full wp-image-58\" srcset=\"https:\/\/blog.espol.edu.ec\/daaguirr\/files\/2013\/11\/002.jpg 500w, https:\/\/blog.espol.edu.ec\/daaguirr\/files\/2013\/11\/002-282x300.jpg 282w\" sizes=\"auto, (max-width: 500px) 100vw, 500px\" \/><\/a><\/p>\n","protected":false},"excerpt":{"rendered":"<p>Una t\u00e9cnica, para obtener fant\u00e1sticos dise\u00f1os en nuestras u\u00f1as, sin necesidad de ser muy precisas es pintar nuestras u\u00f1as con agua. La t\u00e9cnica consiste en poner unas gotas de esmalte sobre el agua, la reacci\u00f3n que provoca esto, es que el esmalte va a flotar, luego con un pincel, puedes darle la forma que quieras [&hellip;]<\/p>\n","protected":false},"author":8796,"featured_media":0,"parent":0,"menu_order":0,"comment_status":"open","ping_status":"open","template":"","meta":{"footnotes":""},"class_list":["post-57","page","type-page","status-publish","hentry"],"_links":{"self":[{"href":"https:\/\/blog.espol.edu.ec\/daaguirr\/wp-json\/wp\/v2\/pages\/57","targetHints":{"allow":["GET"]}}],"collection":[{"href":"https:\/\/blog.espol.edu.ec\/daaguirr\/wp-json\/wp\/v2\/pages"}],"about":[{"href":"https:\/\/blog.espol.edu.ec\/daaguirr\/wp-json\/wp\/v2\/types\/page"}],"author":[{"embeddable":true,"href":"https:\/\/blog.espol.edu.ec\/daaguirr\/wp-json\/wp\/v2\/users\/8796"}],"replies":[{"embeddable":true,"href":"https:\/\/blog.espol.edu.ec\/daaguirr\/wp-json\/wp\/v2\/comments?post=57"}],"version-history":[{"count":1,"href":"https:\/\/blog.espol.edu.ec\/daaguirr\/wp-json\/wp\/v2\/pages\/57\/revisions"}],"predecessor-version":[{"id":59,"href":"https:\/\/blog.espol.edu.ec\/daaguirr\/wp-json\/wp\/v2\/pages\/57\/revisions\/59"}],"wp:attachment":[{"href":"https:\/\/blog.espol.edu.ec\/daaguirr\/wp-json\/wp\/v2\/media?parent=57"}],"curies":[{"name":"wp","href":"https:\/\/api.w.org\/{rel}","templated":true}]}}