{"id":60,"date":"2013-11-25T07:07:47","date_gmt":"2013-11-25T07:07:47","guid":{"rendered":"http:\/\/blog.espol.edu.ec\/daaguirr\/?page_id=60"},"modified":"2013-11-25T07:07:47","modified_gmt":"2013-11-25T07:07:47","slug":"unas-con-efecto-magnetico","status":"publish","type":"page","link":"https:\/\/blog.espol.edu.ec\/daaguirr\/unas-con-efecto-magnetico\/","title":{"rendered":"u\u00f1as con efecto magnetico"},"content":{"rendered":"<p>Antes de comenzar debes hacerte con un esmalte magn\u00e9tico. Los hay de distintas marcas, aunque el efecto es similar en todos. Por ejemplo, puedes hacerte con esmaltes magn\u00e9ticos para decorar tus u\u00f1as de Nails Inc, de Kiko, de Golden Rose, de Pupa, Deliplus, etc.<a href=\"http:\/\/blog.espol.edu.ec\/daaguirr\/files\/2013\/11\/uas-de-efecto-magntico.png\"><img loading=\"lazy\" decoding=\"async\" src=\"http:\/\/blog.espol.edu.ec\/daaguirr\/files\/2013\/11\/uas-de-efecto-magntico.png\" alt=\"efecto magnetico\" width=\"718\" height=\"456\" class=\"aligncenter size-full wp-image-61\" srcset=\"https:\/\/blog.espol.edu.ec\/daaguirr\/files\/2013\/11\/uas-de-efecto-magntico.png 718w, https:\/\/blog.espol.edu.ec\/daaguirr\/files\/2013\/11\/uas-de-efecto-magntico-300x190.png 300w\" sizes=\"auto, (max-width: 718px) 100vw, 718px\" \/><\/a><br \/>\nPara empezar, aplica una capa protectora transparente para proteger las u\u00f1as y evitar as\u00ed que se puedan poner amarillas. Despu\u00e9s utiliza un esmalte espec\u00edfico de efecto magn\u00e9tico que viene acompa\u00f1ado por un peque\u00f1o im\u00e1n. Pinta de u\u00f1a en u\u00f1a y antes de que se seque cada u\u00f1a aproxima el im\u00e1n al esmalte, manteni\u00e9ndolo cerca durante unos segundos sin que llegue a tocar la superficie. La orientaci\u00f3n de las l\u00edneas en el esmalte depender\u00e1 de c\u00f3mo coloques el im\u00e1n. Tras esperar los segundos de rigor, retira y admira el resultado. Has de repetir el proceso con todas las u\u00f1as. Una vez se haya secado el esmalte es conveniente aplicar brillo sobre el dise\u00f1o para que as\u00ed el esmalte se mantenga durante m\u00e1s tiempo.<br \/>\n<a href=\"http:\/\/blog.espol.edu.ec\/daaguirr\/files\/2013\/11\/uas-de-efecto-magntico.jpeg\"><img loading=\"lazy\" decoding=\"async\" src=\"http:\/\/blog.espol.edu.ec\/daaguirr\/files\/2013\/11\/uas-de-efecto-magntico.jpeg\" alt=\"efecto magnetico\" width=\"788\" height=\"498\" class=\"aligncenter size-full wp-image-62\" srcset=\"https:\/\/blog.espol.edu.ec\/daaguirr\/files\/2013\/11\/uas-de-efecto-magntico.jpeg 788w, https:\/\/blog.espol.edu.ec\/daaguirr\/files\/2013\/11\/uas-de-efecto-magntico-300x189.jpeg 300w\" sizes=\"auto, (max-width: 788px) 100vw, 788px\" \/><\/a><\/p>\n","protected":false},"excerpt":{"rendered":"<p>Antes de comenzar debes hacerte con un esmalte magn\u00e9tico. Los hay de distintas marcas, aunque el efecto es similar en todos. Por ejemplo, puedes hacerte con esmaltes magn\u00e9ticos para decorar tus u\u00f1as de Nails Inc, de Kiko, de Golden Rose, de Pupa, Deliplus, etc. Para empezar, aplica una capa protectora transparente para proteger las u\u00f1as [&hellip;]<\/p>\n","protected":false},"author":8796,"featured_media":0,"parent":0,"menu_order":0,"comment_status":"open","ping_status":"open","template":"","meta":{"footnotes":""},"class_list":["post-60","page","type-page","status-publish","hentry"],"_links":{"self":[{"href":"https:\/\/blog.espol.edu.ec\/daaguirr\/wp-json\/wp\/v2\/pages\/60","targetHints":{"allow":["GET"]}}],"collection":[{"href":"https:\/\/blog.espol.edu.ec\/daaguirr\/wp-json\/wp\/v2\/pages"}],"about":[{"href":"https:\/\/blog.espol.edu.ec\/daaguirr\/wp-json\/wp\/v2\/types\/page"}],"author":[{"embeddable":true,"href":"https:\/\/blog.espol.edu.ec\/daaguirr\/wp-json\/wp\/v2\/users\/8796"}],"replies":[{"embeddable":true,"href":"https:\/\/blog.espol.edu.ec\/daaguirr\/wp-json\/wp\/v2\/comments?post=60"}],"version-history":[{"count":2,"href":"https:\/\/blog.espol.edu.ec\/daaguirr\/wp-json\/wp\/v2\/pages\/60\/revisions"}],"predecessor-version":[{"id":64,"href":"https:\/\/blog.espol.edu.ec\/daaguirr\/wp-json\/wp\/v2\/pages\/60\/revisions\/64"}],"wp:attachment":[{"href":"https:\/\/blog.espol.edu.ec\/daaguirr\/wp-json\/wp\/v2\/media?parent=60"}],"curies":[{"name":"wp","href":"https:\/\/api.w.org\/{rel}","templated":true}]}}