{"id":65,"date":"2013-11-25T07:18:27","date_gmt":"2013-11-25T07:18:27","guid":{"rendered":"http:\/\/blog.espol.edu.ec\/daaguirr\/?page_id=65"},"modified":"2013-11-25T07:18:27","modified_gmt":"2013-11-25T07:18:27","slug":"el-esmalte-que-cambia-de-color","status":"publish","type":"page","link":"https:\/\/blog.espol.edu.ec\/daaguirr\/el-esmalte-que-cambia-de-color\/","title":{"rendered":"el esmalte que cambia de color"},"content":{"rendered":"<p>Una muestra de esta inmejorable calidad y innovaci\u00f3n es la nueva edici\u00f3n limitada thermotwist. Thermotwist es una gama de esmaltes de u\u00f1as, que no te lo vas a creer: cambian con la luz de sol. \u00bfY c\u00f3mo es posible? Pues porque esta colecci\u00f3n de esmalte de u\u00f1as es sensible a los cambios de color de la luz solar. No importa si est\u00e1 nublado o soleado, puedes detecta el cambio de rayos UV, s\u00f3lo que en un d\u00eda nublado el cambio de color ser\u00e1 m\u00e1s lento. Lo mismo suceder\u00e1 cuando est\u00e9s en un lugar climatizado con iluminaci\u00f3n artificial. \u00bfNo te parece una maravilla? Con un s\u00f3lo esmalte tendr\u00e1s una multitud de colores en las puntas de tus dedos. Tus u\u00f1as no volver\u00e1n a ser aburridas ni ser\u00e1 necesario que cada vez que quieras cambiar de color te hagas la manicura, porque con un s\u00f3lo esmalte tendr\u00e1s una variedad de colores tan amplia como los diferentes tonos y matices de luz al que queden expuestas tus lindas manos.<a href=\"http:\/\/blog.espol.edu.ec\/daaguirr\/files\/2013\/11\/Thermo-Twist.png\"><img loading=\"lazy\" decoding=\"async\" src=\"http:\/\/blog.espol.edu.ec\/daaguirr\/files\/2013\/11\/Thermo-Twist.png\" alt=\"Thermo-Twist\" width=\"502\" height=\"414\" class=\"aligncenter size-full wp-image-66\" srcset=\"https:\/\/blog.espol.edu.ec\/daaguirr\/files\/2013\/11\/Thermo-Twist.png 502w, https:\/\/blog.espol.edu.ec\/daaguirr\/files\/2013\/11\/Thermo-Twist-300x247.png 300w\" sizes=\"auto, (max-width: 502px) 100vw, 502px\" \/><\/a><\/p>\n","protected":false},"excerpt":{"rendered":"<p>Una muestra de esta inmejorable calidad y innovaci\u00f3n es la nueva edici\u00f3n limitada thermotwist. Thermotwist es una gama de esmaltes de u\u00f1as, que no te lo vas a creer: cambian con la luz de sol. \u00bfY c\u00f3mo es posible? Pues porque esta colecci\u00f3n de esmalte de u\u00f1as es sensible a los cambios de color de [&hellip;]<\/p>\n","protected":false},"author":8796,"featured_media":0,"parent":0,"menu_order":0,"comment_status":"open","ping_status":"open","template":"","meta":{"footnotes":""},"class_list":["post-65","page","type-page","status-publish","hentry"],"_links":{"self":[{"href":"https:\/\/blog.espol.edu.ec\/daaguirr\/wp-json\/wp\/v2\/pages\/65","targetHints":{"allow":["GET"]}}],"collection":[{"href":"https:\/\/blog.espol.edu.ec\/daaguirr\/wp-json\/wp\/v2\/pages"}],"about":[{"href":"https:\/\/blog.espol.edu.ec\/daaguirr\/wp-json\/wp\/v2\/types\/page"}],"author":[{"embeddable":true,"href":"https:\/\/blog.espol.edu.ec\/daaguirr\/wp-json\/wp\/v2\/users\/8796"}],"replies":[{"embeddable":true,"href":"https:\/\/blog.espol.edu.ec\/daaguirr\/wp-json\/wp\/v2\/comments?post=65"}],"version-history":[{"count":1,"href":"https:\/\/blog.espol.edu.ec\/daaguirr\/wp-json\/wp\/v2\/pages\/65\/revisions"}],"predecessor-version":[{"id":67,"href":"https:\/\/blog.espol.edu.ec\/daaguirr\/wp-json\/wp\/v2\/pages\/65\/revisions\/67"}],"wp:attachment":[{"href":"https:\/\/blog.espol.edu.ec\/daaguirr\/wp-json\/wp\/v2\/media?parent=65"}],"curies":[{"name":"wp","href":"https:\/\/api.w.org\/{rel}","templated":true}]}}