{"id":30,"date":"2016-05-21T23:22:39","date_gmt":"2016-05-21T23:22:39","guid":{"rendered":"http:\/\/blog.espol.edu.ec\/daarias\/?page_id=30"},"modified":"2016-05-22T05:09:09","modified_gmt":"2016-05-22T05:09:09","slug":"sobre-el-autor","status":"publish","type":"page","link":"https:\/\/blog.espol.edu.ec\/daarias\/sobre-el-autor\/","title":{"rendered":"Sobre el Autor"},"content":{"rendered":"<p>Nombre: David Andr\u00e9s Arias Arcentales<\/p>\n<p>Nacionalidad: Ecuatoriano<\/p>\n<p>Nacimiento: 5 de febrero de 1996 (20 a\u00f1os), Machala, El Oro, Ecuador.<\/p>\n<p>Estatura: 1.60 m<\/p>\n<p>Estado Civil: Casado con Gladys Vivar.<\/p>\n<p>Profesi\u00f3n:<\/p>\n<ul>\n<li>Estudiante de la ESPOL<\/li>\n<li>Conductor Profesional<\/li>\n<\/ul>\n<p>Intereses:<\/p>\n<ul>\n<li>Autos<\/li>\n<li>Billar<\/li>\n<li>Deportes Extremos<\/li>\n<\/ul>\n<p>&nbsp;<\/p>\n<p>&nbsp;<\/p>\n<p>&nbsp;<\/p>\n","protected":false},"excerpt":{"rendered":"<p>Nombre: David Andr\u00e9s Arias Arcentales Nacionalidad: Ecuatoriano Nacimiento: 5 de febrero de 1996 (20 a\u00f1os), Machala, El Oro, Ecuador. Estatura: 1.60 m Estado Civil: Casado con Gladys Vivar. Profesi\u00f3n: Estudiante de la ESPOL Conductor Profesional Intereses: Autos Billar Deportes Extremos &nbsp; &nbsp; &nbsp;<\/p>\n","protected":false},"author":10265,"featured_media":0,"parent":0,"menu_order":0,"comment_status":"closed","ping_status":"closed","template":"","meta":{"footnotes":""},"class_list":["post-30","page","type-page","status-publish","hentry"],"_links":{"self":[{"href":"https:\/\/blog.espol.edu.ec\/daarias\/wp-json\/wp\/v2\/pages\/30","targetHints":{"allow":["GET"]}}],"collection":[{"href":"https:\/\/blog.espol.edu.ec\/daarias\/wp-json\/wp\/v2\/pages"}],"about":[{"href":"https:\/\/blog.espol.edu.ec\/daarias\/wp-json\/wp\/v2\/types\/page"}],"author":[{"embeddable":true,"href":"https:\/\/blog.espol.edu.ec\/daarias\/wp-json\/wp\/v2\/users\/10265"}],"replies":[{"embeddable":true,"href":"https:\/\/blog.espol.edu.ec\/daarias\/wp-json\/wp\/v2\/comments?post=30"}],"version-history":[{"count":4,"href":"https:\/\/blog.espol.edu.ec\/daarias\/wp-json\/wp\/v2\/pages\/30\/revisions"}],"predecessor-version":[{"id":61,"href":"https:\/\/blog.espol.edu.ec\/daarias\/wp-json\/wp\/v2\/pages\/30\/revisions\/61"}],"wp:attachment":[{"href":"https:\/\/blog.espol.edu.ec\/daarias\/wp-json\/wp\/v2\/media?parent=30"}],"curies":[{"name":"wp","href":"https:\/\/api.w.org\/{rel}","templated":true}]}}