{"id":190,"date":"2009-06-27T18:49:01","date_gmt":"2009-06-27T22:49:01","guid":{"rendered":"http:\/\/blog.espol.edu.ec\/daceli\/?page_id=190"},"modified":"2010-11-08T03:03:49","modified_gmt":"2010-11-08T07:03:49","slug":"cine","status":"publish","type":"page","link":"https:\/\/blog.espol.edu.ec\/daceli\/cine\/","title":{"rendered":"Cine"},"content":{"rendered":"<h3><span style=\"color: #ff0000\"><a>Acci\u00f3n<\/a><\/span><\/h3>\n<p><span style=\"color: #ff0000\">EL ENTIERRO<br \/>\n<\/span><\/p>\n<p><img decoding=\"async\" title=\"El entierro\" src=\"http:\/\/src.eluniverso.com\/data\/recursos\/imagenes\/el-entierro_96_141.jpg\" alt=\"http:\/\/src.eluniverso.com\/data\/recursos\/imagenes\/el-entierro_96_141.jpg\" \/><\/p>\n<div><a title=\"El entierro\" name=\"lknews\" href=\"http:\/\/www.eluniverso.com\/2010\/11\/04\/1\/1468\/322.html?p=1468&amp;m=2031\"><\/a><span style=\"color: #003366\">Seis amigos se juntan, despu\u00e9s de 20 a\u00f1os, en  el entierro de un amigo com\u00fan de la infancia. Un descubrimiento en la  casa del amigo fallecido, revela el mapa de una c\u00e1psula que enterraron  hace muchos a\u00f1os para un d\u00eda desenterrarla. <\/span><\/div>\n<div><span style=\"color: #003366\">Salas donde se proyecta:<\/span><\/div>\n<ul>\n<li><span style=\"color: #000000\"><a title=\"Cinemark - Mall del Sol\">Cinemark - Mall del Sol<\/a> 14:00 16:10 18:20 20:30 22:40<\/span><\/li>\n<li><span style=\"color: #000000\"><a title=\"Cinemark - Mall del Sur\">Cinemark - Mall del Sur<\/a> 13:10 15:30 17:40 19:50 22:00<\/span><\/li>\n<li><span style=\"color: #000000\"><a title=\"Supercines - 9 de Octubre\">Supercines - 9 de Octubre<\/a> 15:30 19:30<\/span><\/li>\n<li><span style=\"color: #000000\"><a title=\"Supercines - San Marino\">Supercines - San Marino<\/a> 15:10 17:10 19:10 21:10<\/span><\/li>\n<li><span style=\"color: #000000\"><a title=\"Supercines - Sur\">Supercines - Sur<\/a> 15:10 17:10 19:10 21:20 <\/span><\/li>\n<\/ul>\n<h3><span style=\"color: #ff0000\"><a>Drama<\/a><\/span><\/h3>\n<p><span style=\"color: #ff0000\">CARANCHO<br \/>\n<\/span><\/p>\n<p><img decoding=\"async\" title=\"Carancho\" src=\"http:\/\/www.eluniverso.com\/data\/recursos\/fotos\/carancho_96_141.jpg\" alt=\"http:\/\/src.eluniverso.com\/data\/recursos\/imagenes\/carancho_96_141.jpg\" \/><\/p>\n<div><a title=\"Carancho\" name=\"lknews\" href=\"http:\/\/www.eluniverso.com\/2010\/10\/26\/1\/1468\/317.html?p=1468&amp;m=2031\"><\/a><span style=\"color: #003366\">Las ocho mil personas que cada a\u00f1o mueren en  las autopistas de Argentina son un negocio suculento para los abogados  como Sosa (Ricardo Dar\u00edn), un hombre sin escr\u00fapulos que intenta sacar el  m\u00e1ximo provecho de las tragedias humanas.<\/span> <span style=\"color: #003366\"> <\/span><\/p>\n<p><span style=\"color: #003366\">Salas donde se proyecta:<\/span><span style=\"color: #003366\"><a title=\"Supercines - Ceibos\"><\/a><\/span><\/p>\n<ul>\n<li><span style=\"color: #000000\"><a title=\"Supercines - Ceibos\">Supercines - Ceibos<\/a> 16:00 18:20 20:40<\/span><\/li>\n<li><span style=\"color: #000000\"><a title=\"Supercines - Entre R\u00edos\">Supercines - Entre R\u00edos<\/a> 18:00 21:20<\/span><\/li>\n<li><span style=\"color: #000000\"><a title=\"Supercines - San Marino\">Supercines - San Marino<\/a> 17:20 22:00<\/span><\/li>\n<li><span style=\"color: #000000\"><a title=\"Supercines - Sur\">Supercines - Sur<\/a> 17:20 22:00<\/span><\/li>\n<\/ul>\n<\/div>\n<div>\n<h3><span style=\"color: #ff0000\"><a>Terror<\/a><\/span><\/h3>\n<p><span style=\"color: #ff0000\">EL REINO DE LA BESTIA<br \/>\n<\/span><\/p>\n<p><img decoding=\"async\" title=\"El reino de la bestia\" src=\"http:\/\/src.eluniverso.com\/data\/recursos\/imagenes\/minotauro_96_141.jpg\" alt=\"http:\/\/src.eluniverso.com\/data\/recursos\/imagenes\/minotauro_96_141.jpg\" \/><\/p>\n<div><a title=\"El reino de la bestia\" name=\"lknews\" href=\"http:\/\/www.eluniverso.com\/2010\/11\/04\/1\/1468\/321.html?p=1468&amp;m=2031\"><br \/>\n<\/a><\/p>\n<div><span style=\"color: #003366\">Cada cinco a\u00f1os, el peque\u00f1o pueblo costero en  el que habita Theo se enfrenta a la tragedia del secuestro de nueve  j\u00f3venes que son ofrendados al Minotauro; dios al que veneran los  despiadados soldados del Rey Deucali\u00f3n, y que habita en los cimientos de  un palacio lejano.<\/span> <span style=\"color: #003366\"> <\/span><\/div>\n<div><span style=\"color: #003366\">Salas donde se proyecta:<\/span><span style=\"color: #003366\"><a title=\"Cinemark - Mall del Sol\"><\/a><\/span><\/div>\n<ul>\n<li><span style=\"color: #000000\"><a title=\"Cinemark - Mall del Sol\">Cinemark - Mall del Sol<\/a> 14:50 17:00 19:10<\/span><\/li>\n<li><span style=\"color: #000000\"><a title=\"Cinemark - Mall del Sur\">Cinemark - Mall del Sur<\/a> 15:20 19:40 21:50<\/span><\/li>\n<li><span style=\"color: #000000\"><a title=\"Supercines - 9 de Octubre\">Supercines - 9 de Octubre<\/a> 13:30 17:30 21:30<\/span><\/li>\n<li><span style=\"color: #000000\"><a title=\"Supercines - Ceibos\">Supercines - Ceibos<\/a> 14:05 16:10 18:15 20:20 22:30<\/span><\/li>\n<li><span style=\"color: #000000\"><a title=\"Supercines - Entre R\u00edos\">Supercines - Entre R\u00edos<\/a> 17:30 22:00<\/span><\/li>\n<li><span style=\"color: #000000\"><a title=\"Supercines - San Marino\">Supercines - San Marino<\/a> 14:10 16:10 20:10 22:10<\/span><\/li>\n<li><span style=\"color: #000000\"><a title=\"Supercines - Sur\">Supercines - Sur<\/a> 14:10 18:30 20:50<\/span><\/li>\n<\/ul>\n<\/div>\n<\/div>\n","protected":false},"excerpt":{"rendered":"<p>Acci\u00f3n EL ENTIERRO Seis amigos se juntan, despu\u00e9s de 20 a\u00f1os, en el entierro de un amigo com\u00fan de la infancia. Un descubrimiento en la casa del amigo fallecido, revela el mapa de una c\u00e1psula que enterraron hace muchos a\u00f1os para un d\u00eda desenterrarla. Salas donde se proyecta: Cinemark - Mall del Sol 14:00 16:10 [&hellip;]<\/p>\n","protected":false},"author":1665,"featured_media":0,"parent":0,"menu_order":0,"comment_status":"open","ping_status":"open","template":"","meta":{"footnotes":""},"class_list":["post-190","page","type-page","status-publish","hentry"],"_links":{"self":[{"href":"https:\/\/blog.espol.edu.ec\/daceli\/wp-json\/wp\/v2\/pages\/190","targetHints":{"allow":["GET"]}}],"collection":[{"href":"https:\/\/blog.espol.edu.ec\/daceli\/wp-json\/wp\/v2\/pages"}],"about":[{"href":"https:\/\/blog.espol.edu.ec\/daceli\/wp-json\/wp\/v2\/types\/page"}],"author":[{"embeddable":true,"href":"https:\/\/blog.espol.edu.ec\/daceli\/wp-json\/wp\/v2\/users\/1665"}],"replies":[{"embeddable":true,"href":"https:\/\/blog.espol.edu.ec\/daceli\/wp-json\/wp\/v2\/comments?post=190"}],"version-history":[{"count":13,"href":"https:\/\/blog.espol.edu.ec\/daceli\/wp-json\/wp\/v2\/pages\/190\/revisions"}],"predecessor-version":[{"id":192,"href":"https:\/\/blog.espol.edu.ec\/daceli\/wp-json\/wp\/v2\/pages\/190\/revisions\/192"}],"wp:attachment":[{"href":"https:\/\/blog.espol.edu.ec\/daceli\/wp-json\/wp\/v2\/media?parent=190"}],"curies":[{"name":"wp","href":"https:\/\/api.w.org\/{rel}","templated":true}]}}