{"id":29,"date":"2009-05-29T17:39:30","date_gmt":"2009-05-29T21:39:30","guid":{"rendered":"http:\/\/blog.espol.edu.ec\/daceli\/?page_id=29"},"modified":"2010-11-08T03:05:17","modified_gmt":"2010-11-08T07:05:17","slug":"paralelo-03","status":"publish","type":"page","link":"https:\/\/blog.espol.edu.ec\/daceli\/paralelo-03\/","title":{"rendered":"Que es un blog"},"content":{"rendered":"<div id=\"__ss_827201\" style=\"width: 425px;text-align: left\"><a title=\"Blogs\" href=\"http:\/\/www.slideshare.net\/HugoAlfredo\/blogs-presentation-827201?type=powerpoint\">Blogs<\/a><object classid=\"clsid:d27cdb6e-ae6d-11cf-96b8-444553540000\" width=\"425\" height=\"355\"><param name=\"data\" value=\"http:\/\/static.slidesharecdn.com\/swf\/ssplayer2.swf?doc=blogs-2003-1228690264208897-9&amp;stripped_title=blogs-presentation-827201\" \/><param name=\"src\" value=\"http:\/\/static.slidesharecdn.com\/swf\/ssplayer2.swf?doc=blogs-2003-1228690264208897-9&amp;stripped_title=blogs-presentation-827201\" \/><embed type=\"application\/x-shockwave-flash\" width=\"425\" height=\"355\" src=\"http:\/\/static.slidesharecdn.com\/swf\/ssplayer2.swf?doc=blogs-2003-1228690264208897-9&amp;stripped_title=blogs-presentation-827201\"><\/embed><\/object><\/div>\n<div style=\"width: 425px;text-align: left\">\n<div style=\"font-size: 11px;font-family: tahoma,arial;height: 26px;padding-top: 2px\">View more <a href=\"http:\/\/www.slideshare.net\/\">OpenOffice presentations<\/a> from <a href=\"http:\/\/www.slideshare.net\/HugoAlfredo\">Alfredo Alvarez<\/a>.<\/div>\n<div style=\"font-size: 11px;font-family: tahoma,arial;height: 26px;padding-top: 2px\">\n<\/div>\n<\/div>\n<div id=\"__ss_1680006\" style=\"width: 425px;text-align: left\"><a title=\"blog\" href=\"http:\/\/www.slideshare.net\/dennysadrian\/blog-1680006\">b<\/a><\/p>\n<div style=\"font-size: 11px;font-family: tahoma,arial;height: 26px;padding-top: 2px\"><\/div>\n<\/div>\n<p>BLOGS TODAVIA RENTABLES<br \/>\nLas redes sociales son las triunfadoras del momento en internet. Sin embargo, existe un producto que se resiste a abandonar su trono, los blogs, que se est\u00e1n adaptando con avidez a las nuevas tendencias de la red (participaci\u00f3n, sincronizaci\u00f3n con otras p\u00e1ginas). Pero, adem\u00e1s, estos cuentan con una carta que les garantiza conservar parte del pastel del \u00e9xito: si bien las redes sociales apenas permiten recompensa econ\u00f3mica, miles de internautas tienen en sus diarios digitales una fuente de ingresos extra gracias a la publicidad.<\/p>\n","protected":false},"excerpt":{"rendered":"<p>Blogs View more OpenOffice presentations from Alfredo Alvarez. b BLOGS TODAVIA RENTABLES Las redes sociales son las triunfadoras del momento en internet. Sin embargo, existe un producto que se resiste a abandonar su trono, los blogs, que se est\u00e1n adaptando con avidez a las nuevas tendencias de la red (participaci\u00f3n, sincronizaci\u00f3n con otras p\u00e1ginas). Pero, [&hellip;]<\/p>\n","protected":false},"author":1665,"featured_media":0,"parent":0,"menu_order":0,"comment_status":"open","ping_status":"open","template":"","meta":{"footnotes":""},"class_list":["post-29","page","type-page","status-publish","hentry"],"_links":{"self":[{"href":"https:\/\/blog.espol.edu.ec\/daceli\/wp-json\/wp\/v2\/pages\/29","targetHints":{"allow":["GET"]}}],"collection":[{"href":"https:\/\/blog.espol.edu.ec\/daceli\/wp-json\/wp\/v2\/pages"}],"about":[{"href":"https:\/\/blog.espol.edu.ec\/daceli\/wp-json\/wp\/v2\/types\/page"}],"author":[{"embeddable":true,"href":"https:\/\/blog.espol.edu.ec\/daceli\/wp-json\/wp\/v2\/users\/1665"}],"replies":[{"embeddable":true,"href":"https:\/\/blog.espol.edu.ec\/daceli\/wp-json\/wp\/v2\/comments?post=29"}],"version-history":[{"count":12,"href":"https:\/\/blog.espol.edu.ec\/daceli\/wp-json\/wp\/v2\/pages\/29\/revisions"}],"predecessor-version":[{"id":303,"href":"https:\/\/blog.espol.edu.ec\/daceli\/wp-json\/wp\/v2\/pages\/29\/revisions\/303"}],"wp:attachment":[{"href":"https:\/\/blog.espol.edu.ec\/daceli\/wp-json\/wp\/v2\/media?parent=29"}],"curies":[{"name":"wp","href":"https:\/\/api.w.org\/{rel}","templated":true}]}}