{"id":2,"date":"2010-05-18T18:03:46","date_gmt":"2010-05-18T18:03:46","guid":{"rendered":""},"modified":"2010-06-14T22:21:39","modified_gmt":"2010-06-15T04:21:39","slug":"about","status":"publish","type":"page","link":"https:\/\/blog.espol.edu.ec\/daedleon\/about\/","title":{"rendered":"Scenes From My Memory"},"content":{"rendered":"<p><a href=\"http:\/\/blog.espol.edu.ec\/daedleon\/files\/2010\/05\/Imagen0232.jpg\"><img loading=\"lazy\" decoding=\"async\" class=\"alignleft size-medium wp-image-75\" title=\"Imagen0232\" src=\"http:\/\/blog.espol.edu.ec\/daedleon\/files\/2010\/05\/Imagen0232-225x300.jpg\" alt=\"\" width=\"225\" height=\"300\" srcset=\"https:\/\/blog.espol.edu.ec\/daedleon\/files\/2010\/05\/Imagen0232-225x300.jpg 225w, https:\/\/blog.espol.edu.ec\/daedleon\/files\/2010\/05\/Imagen0232-768x1024.jpg 768w, https:\/\/blog.espol.edu.ec\/daedleon\/files\/2010\/05\/Imagen0232.jpg 1200w\" sizes=\"auto, (max-width: 225px) 100vw, 225px\" \/><\/a><\/p>\n<p>Nombre:<br \/>\nDaniel Le\u00f3n<\/p>\n<p>Edad:<br \/>\n17<\/p>\n<p>Fecha de Nacimiento:<br \/>\nNoviembre 22<\/p>\n<p>Signo Zodiacal:<br \/>\nSagitario (Escorpio en a\u00f1o bisiesto :S)<\/p>\n<p>Pasatiempos:<br \/>\nM\u00fasica y m\u00e1s m\u00fasica. A veces me llaman para salir O.o<\/p>\n<p>Top 10 de Bandas favoritas:<br \/>\n 1.-) Cradle Of Filth<br \/>\n 2.-) In Flames<br \/>\n 3.-) Rhapsody Of Fire<br \/>\n 4.-) Eternal Tears Of Sorrow<br \/>\n 5.-) Children Of Bodom<br \/>\n 6.-) Symphony X<br \/>\n 7.-) Edguy\/Avantasia<br \/>\n 8.-) Nightwish<br \/>\n 9.-) Sonata Arctica<br \/>\n10.-) Kamelot<\/p>\n<p>Idolos en la M\u00fasica<br \/>\n1) Yngwie Malmsteen<br \/>\n2) John Petrucci<br \/>\n3) Alexi Laiho<br \/>\n4) Emppu Vuorinen<br \/>\n5) Kai Hansen<\/p>\n<p>Mejores 5 Albums para ti:<br \/>\n1) The Frozen Tears Of Angels - Rhapsody Of Fire<br \/>\n2) Shovel Headed Kill Machine - Exodus<br \/>\n3) Hellfire Club - Edguy<br \/>\n4) Godspeed On the Devil's Thunder - Cradle Of Filth<br \/>\n5) Somewhere Out in Space - Gamma Ray<\/p>\n<p>Correo:<br \/>\ndaedleon@espol.edu.ec<\/p>\n<p>Filosof\u00eda de vida:<br \/>\nNo vayas solo. Ayuda a los otros para ir al mismo ritmo.<\/p>\n<p>Lo m\u00e1s raro que han dicho de ti:<br \/>\nMe han dicho sat\u00e1nico cuando en realidad... si lo soy ^_^<\/p>\n","protected":false},"excerpt":{"rendered":"<p>Nombre: Daniel Le\u00f3n Edad: 17 Fecha de Nacimiento: Noviembre 22 Signo Zodiacal: Sagitario (Escorpio en a\u00f1o bisiesto :S) Pasatiempos: M\u00fasica y m\u00e1s m\u00fasica. A veces me llaman para salir O.o Top 10 de Bandas favoritas: 1.-) Cradle Of Filth 2.-) In Flames 3.-) Rhapsody Of Fire 4.-) Eternal Tears Of Sorrow 5.-) Children Of Bodom [&hellip;]<\/p>\n","protected":false},"author":3730,"featured_media":0,"parent":0,"menu_order":0,"comment_status":"open","ping_status":"open","template":"","meta":{"footnotes":""},"class_list":["post-2","page","type-page","status-publish","hentry"],"_links":{"self":[{"href":"https:\/\/blog.espol.edu.ec\/daedleon\/wp-json\/wp\/v2\/pages\/2","targetHints":{"allow":["GET"]}}],"collection":[{"href":"https:\/\/blog.espol.edu.ec\/daedleon\/wp-json\/wp\/v2\/pages"}],"about":[{"href":"https:\/\/blog.espol.edu.ec\/daedleon\/wp-json\/wp\/v2\/types\/page"}],"author":[{"embeddable":true,"href":"https:\/\/blog.espol.edu.ec\/daedleon\/wp-json\/wp\/v2\/users\/3730"}],"replies":[{"embeddable":true,"href":"https:\/\/blog.espol.edu.ec\/daedleon\/wp-json\/wp\/v2\/comments?post=2"}],"version-history":[{"count":3,"href":"https:\/\/blog.espol.edu.ec\/daedleon\/wp-json\/wp\/v2\/pages\/2\/revisions"}],"predecessor-version":[{"id":78,"href":"https:\/\/blog.espol.edu.ec\/daedleon\/wp-json\/wp\/v2\/pages\/2\/revisions\/78"}],"wp:attachment":[{"href":"https:\/\/blog.espol.edu.ec\/daedleon\/wp-json\/wp\/v2\/media?parent=2"}],"curies":[{"name":"wp","href":"https:\/\/api.w.org\/{rel}","templated":true}]}}