{"id":72,"date":"2014-06-01T12:57:39","date_gmt":"2014-06-01T17:57:39","guid":{"rendered":"http:\/\/blog.espol.edu.ec\/dajacho\/?page_id=72"},"modified":"2014-06-01T12:57:39","modified_gmt":"2014-06-01T17:57:39","slug":"informacion","status":"publish","type":"page","link":"https:\/\/blog.espol.edu.ec\/dajacho\/informacion\/","title":{"rendered":"Informaci\u00f3n"},"content":{"rendered":"<p style=\"text-align: justify\">En esta secci\u00f3n estan algunas de las mejores p\u00e1ginas para buscar cualquier dato relacionado al juego o a su historia. Adem\u00e1s se incluyen gu\u00edas de eventos y dem\u00e1s cosas que podr\u00edan ser \u00fatiles dentro del juego.<\/p>\n<ul>\n<li><a title=\"Gu\u00edas wow\" href=\"http:\/\/www.guiaswow.com\/\" target=\"_blank\">www.guiaswow.com<\/a><\/li>\n<li><a title=\"Wow oficial\" href=\"http:\/\/eu.battle.net\/wow\/es\/game\/guide\/\" target=\"_blank\">eu.battle.net\/wow\/es\/game\/guide\/<\/a><\/li>\n<li><a title=\"Todowow\" href=\"http:\/\/todowow.com\/\" target=\"_blank\">todowow.com<\/a><\/li>\n<li><a title=\"Gu\u00edas en venta\" href=\"http:\/\/www.killerguias.es\/guia\/world-of-warcraft\" target=\"_blank\">www.killerguias.es\/guia\/world-of-warcraft<\/a><\/li>\n<li><a title=\"Wowsfera\" href=\"http:\/\/www.wowsfera.com\/\" target=\"_blank\">www.wowsfera.com<\/a><\/li>\n<li><a title=\"Wikia\" href=\"http:\/\/es.world-of-warcraft.wikia.com\/wiki\/Portada\" target=\"_blank\">es.world-of-warcraft.wikia.com\/wiki\/Portada<\/a><\/li>\n<li><a title=\"Wowwiki\" href=\"http:\/\/www.wowwiki.com\/Portal:Main\" target=\"_blank\">www.wowwiki.com\/Portal:Main<\/a><\/li>\n<li><a title=\"Wowpedia\" href=\"http:\/\/es.wowpedia.org\/Portal:Main\" target=\"_blank\">es.wowpedia.org\/Portal:Main<\/a><\/li>\n<li><a title=\"Wowhead\" href=\"http:\/\/es.wowhead.com\/\" target=\"_blank\">es.wowhead.com<\/a><\/li>\n<li><a title=\"Wowflask\" href=\"http:\/\/wowflask.com\/\" target=\"_blank\">wowflask.com<\/a><\/li>\n<li><a title=\"Wow profesiones\" href=\"http:\/\/us.battle.net\/wow\/es\/profession\/\" target=\"_blank\">us.battle.net\/wow\/es\/profession<\/a><\/li>\n<\/ul>\n","protected":false},"excerpt":{"rendered":"<p>En esta secci\u00f3n estan algunas de las mejores p\u00e1ginas para buscar cualquier dato relacionado al juego o a su historia. Adem\u00e1s se incluyen gu\u00edas de eventos y dem\u00e1s cosas que podr\u00edan ser \u00fatiles dentro del juego. www.guiaswow.com eu.battle.net\/wow\/es\/game\/guide\/ todowow.com www.killerguias.es\/guia\/world-of-warcraft &hellip; <a href=\"https:\/\/blog.espol.edu.ec\/dajacho\/informacion\/\">Sigue leyendo <span class=\"meta-nav\">&rarr;<\/span><\/a><\/p>\n","protected":false},"author":9105,"featured_media":0,"parent":0,"menu_order":0,"comment_status":"open","ping_status":"open","template":"","meta":{"footnotes":""},"class_list":["post-72","page","type-page","status-publish","hentry"],"_links":{"self":[{"href":"https:\/\/blog.espol.edu.ec\/dajacho\/wp-json\/wp\/v2\/pages\/72","targetHints":{"allow":["GET"]}}],"collection":[{"href":"https:\/\/blog.espol.edu.ec\/dajacho\/wp-json\/wp\/v2\/pages"}],"about":[{"href":"https:\/\/blog.espol.edu.ec\/dajacho\/wp-json\/wp\/v2\/types\/page"}],"author":[{"embeddable":true,"href":"https:\/\/blog.espol.edu.ec\/dajacho\/wp-json\/wp\/v2\/users\/9105"}],"replies":[{"embeddable":true,"href":"https:\/\/blog.espol.edu.ec\/dajacho\/wp-json\/wp\/v2\/comments?post=72"}],"version-history":[{"count":1,"href":"https:\/\/blog.espol.edu.ec\/dajacho\/wp-json\/wp\/v2\/pages\/72\/revisions"}],"predecessor-version":[{"id":73,"href":"https:\/\/blog.espol.edu.ec\/dajacho\/wp-json\/wp\/v2\/pages\/72\/revisions\/73"}],"wp:attachment":[{"href":"https:\/\/blog.espol.edu.ec\/dajacho\/wp-json\/wp\/v2\/media?parent=72"}],"curies":[{"name":"wp","href":"https:\/\/api.w.org\/{rel}","templated":true}]}}