{"id":118,"date":"2013-06-07T02:54:17","date_gmt":"2013-06-07T02:54:17","guid":{"rendered":"http:\/\/blog.espol.edu.ec\/dajarama\/?page_id=118"},"modified":"2013-06-07T02:54:17","modified_gmt":"2013-06-07T02:54:17","slug":"%ed%95%9c%ea%b5%ad-%eb%ac%b8%ed%99%94cultura-coreanael-saludo-en-corea","status":"publish","type":"page","link":"https:\/\/blog.espol.edu.ec\/dajarama\/%ed%95%9c%ea%b5%ad-%eb%ac%b8%ed%99%94cultura-coreanael-saludo-en-corea\/","title":{"rendered":"\ud55c\uad6d \ubb38\ud654(cultura coreana):El saludo en Corea"},"content":{"rendered":"<p>\uc548\ub155\ud558\uc138\uc694<\/p>\n<p>En este instante hablare sobre el saludo ,la cortes\u00eda forma parte de la cultura coreana ,as\u00ed que en Corea lo mas importante es seguir las normas sociales a la hora de saludar.Los saludos var\u00edan seg\u00fan la edad y la posici\u00f3n \u00a0social de la persona .<\/p>\n<p>Existen tres tipos de saludos :<\/p>\n<p>LA GRAN REVERENCIA(\ud070 \ud65c)\u00a0:Se realiza cuando la persona que recibe el saludo es de mucho respeto para quien lo saluda .Este saludo se lleva a cabo en ceremonias de boda o de cultos ancestrales<\/p>\n<p>EL SALUDO DE INCLINACI\u00d3N:Este es el aludo mas com\u00fan , para este saludo es importante la relaci\u00f3n entre las dos partes que se saludan , y esto implica que ya se conoce con antelaci\u00f3n la posici\u00f3n social de la otra persona.<\/p>\n<p>EL APRET\u00d3N DE MANOS :Se lleva a cabo con una ligera inclinaci\u00f3n. Suelen hacerlo los adultos ,y esta es muy practicada en la vida social y en las actividades de negocio<a href=\"http:\/\/blog.espol.edu.ec\/dajarama\/files\/2013\/06\/la-gran-reverencia3.jpg\"><img loading=\"lazy\" decoding=\"async\" class=\"aligncenter size-medium wp-image-124\" src=\"http:\/\/blog.espol.edu.ec\/dajarama\/files\/2013\/06\/la-gran-reverencia3-300x219.jpg\" alt=\"\" width=\"300\" height=\"219\" srcset=\"https:\/\/blog.espol.edu.ec\/dajarama\/files\/2013\/06\/la-gran-reverencia3-300x219.jpg 300w, https:\/\/blog.espol.edu.ec\/dajarama\/files\/2013\/06\/la-gran-reverencia3.jpg 560w\" sizes=\"auto, (max-width: 300px) 100vw, 300px\" \/><\/a><\/p>\n<p><a href=\"http:\/\/blog.espol.edu.ec\/dajarama\/files\/2013\/06\/saludo-de-inclinacion1.jpg\"><img loading=\"lazy\" decoding=\"async\" class=\"aligncenter size-full wp-image-125\" src=\"http:\/\/blog.espol.edu.ec\/dajarama\/files\/2013\/06\/saludo-de-inclinacion1.jpg\" alt=\"\" width=\"238\" height=\"212\" \/><\/a><\/p>\n<p><a href=\"http:\/\/blog.espol.edu.ec\/dajarama\/files\/2013\/06\/saludo-de-manos1.jpg\"><img loading=\"lazy\" decoding=\"async\" class=\"aligncenter size-medium wp-image-126\" src=\"http:\/\/blog.espol.edu.ec\/dajarama\/files\/2013\/06\/saludo-de-manos1-266x300.jpg\" alt=\"\" width=\"266\" height=\"300\" srcset=\"https:\/\/blog.espol.edu.ec\/dajarama\/files\/2013\/06\/saludo-de-manos1-266x300.jpg 266w, https:\/\/blog.espol.edu.ec\/dajarama\/files\/2013\/06\/saludo-de-manos1.jpg 490w\" sizes=\"auto, (max-width: 266px) 100vw, 266px\" \/><\/a><\/p>\n","protected":false},"excerpt":{"rendered":"<p>\uc548\ub155\ud558\uc138\uc694 En este instante hablare sobre el saludo ,la cortes\u00eda forma parte de la cultura coreana ,as\u00ed que en Corea lo mas importante es seguir las normas sociales a la hora de saludar.Los saludos var\u00edan seg\u00fan la edad y la posici\u00f3n \u00a0social de la persona . Existen tres tipos de saludos : LA GRAN REVERENCIA(\ud070 [&hellip;]<\/p>\n","protected":false},"author":8579,"featured_media":0,"parent":0,"menu_order":0,"comment_status":"open","ping_status":"open","template":"","meta":{"footnotes":""},"class_list":["post-118","page","type-page","status-publish","hentry"],"_links":{"self":[{"href":"https:\/\/blog.espol.edu.ec\/dajarama\/wp-json\/wp\/v2\/pages\/118","targetHints":{"allow":["GET"]}}],"collection":[{"href":"https:\/\/blog.espol.edu.ec\/dajarama\/wp-json\/wp\/v2\/pages"}],"about":[{"href":"https:\/\/blog.espol.edu.ec\/dajarama\/wp-json\/wp\/v2\/types\/page"}],"author":[{"embeddable":true,"href":"https:\/\/blog.espol.edu.ec\/dajarama\/wp-json\/wp\/v2\/users\/8579"}],"replies":[{"embeddable":true,"href":"https:\/\/blog.espol.edu.ec\/dajarama\/wp-json\/wp\/v2\/comments?post=118"}],"version-history":[{"count":2,"href":"https:\/\/blog.espol.edu.ec\/dajarama\/wp-json\/wp\/v2\/pages\/118\/revisions"}],"predecessor-version":[{"id":129,"href":"https:\/\/blog.espol.edu.ec\/dajarama\/wp-json\/wp\/v2\/pages\/118\/revisions\/129"}],"wp:attachment":[{"href":"https:\/\/blog.espol.edu.ec\/dajarama\/wp-json\/wp\/v2\/media?parent=118"}],"curies":[{"name":"wp","href":"https:\/\/api.w.org\/{rel}","templated":true}]}}