{"id":5,"date":"2013-05-21T15:48:32","date_gmt":"2013-05-21T15:48:32","guid":{"rendered":"http:\/\/blog.espol.edu.ec\/dajarama\/?page_id=5"},"modified":"2013-06-06T19:11:45","modified_gmt":"2013-06-06T19:11:45","slug":"mi-primera-pagina","status":"publish","type":"page","link":"https:\/\/blog.espol.edu.ec\/dajarama\/mi-primera-pagina\/","title":{"rendered":"\uc11c\uc6b8 \uad00\uad11 \uc7a5\uc18c(lugares tur\u00edsticos en SEUL)"},"content":{"rendered":"<p>\uacbd\ubcf5\uad81(Gyeongbokgung<strong>)<\/strong><\/p>\n<p>Fue edificado por el monarca que fund\u00f3 la Dinast\u00eda Joseon,Lee Seong-Gye, en 1395\u00a0cuando traslad\u00f3 la sede de la capital de la era Goryeo\u00a0hacia<a title=\"SEUL\" href=\"http:\/\/es.wikipedia.org\/wiki\/Se%C3%BAl\" target=\"_blank\">\u00a0Se\u00fal<\/a>. Por estar situado en la parte norte de Se\u00fal, sol\u00eda ser llamada tambi\u00e9n \"Bukgwol\".<\/p>\n<p>El Palacio Gyeongbokgung tiene 5,4 millones de pies cuadrados de superficie dispuestos en la forma de un rect\u00e1ngulo.En el lado sur se halla la entrada principal Gwanghwamun. Al norte, Sinmumun; al este, Yeongchumun; y al oeste, Geonchunmun. Dentro del palacio se hallan las edificaciones de Jeongak tales como Geunjeongjeon, Gyotaejeon, Jagyeongjeon, Gyeonghoeru, y Hyangwonjeong.<\/p>\n<p>Asimismo, dentro de Gyeongbokgung hay una biblioteca, \u201cSujeongjeon\u201d, en donde los funcionarios ten\u00edan largas horas de lectura. Adem\u00e1s, en \u00e9l hay numerosas reliquias hist\u00f3ricas designadas como patrimonios culturales.Est\u00e1 rodeado por un atractivo barrio rebosante en arquitectura moderna y tradicional.<\/p>\n<p><a href=\"http:\/\/blog.espol.edu.ec\/dajarama\/files\/2013\/06\/300px-Seoul_Gyeongbok-gung-3.jpg\"><img loading=\"lazy\" decoding=\"async\" src=\"http:\/\/blog.espol.edu.ec\/dajarama\/files\/2013\/06\/300px-Seoul_Gyeongbok-gung-3.jpg\" alt=\"\" width=\"300\" height=\"218\" \/><\/a><\/p>\n","protected":false},"excerpt":{"rendered":"<p>\uacbd\ubcf5\uad81(Gyeongbokgung) Fue edificado por el monarca que fund\u00f3 la Dinast\u00eda Joseon,Lee Seong-Gye, en 1395\u00a0cuando traslad\u00f3 la sede de la capital de la era Goryeo\u00a0hacia\u00a0Se\u00fal. Por estar situado en la parte norte de Se\u00fal, sol\u00eda ser llamada tambi\u00e9n \"Bukgwol\". El Palacio Gyeongbokgung tiene 5,4 millones de pies cuadrados de superficie dispuestos en la forma de un [&hellip;]<\/p>\n","protected":false},"author":8579,"featured_media":0,"parent":0,"menu_order":0,"comment_status":"open","ping_status":"open","template":"","meta":{"footnotes":""},"class_list":["post-5","page","type-page","status-publish","hentry"],"_links":{"self":[{"href":"https:\/\/blog.espol.edu.ec\/dajarama\/wp-json\/wp\/v2\/pages\/5","targetHints":{"allow":["GET"]}}],"collection":[{"href":"https:\/\/blog.espol.edu.ec\/dajarama\/wp-json\/wp\/v2\/pages"}],"about":[{"href":"https:\/\/blog.espol.edu.ec\/dajarama\/wp-json\/wp\/v2\/types\/page"}],"author":[{"embeddable":true,"href":"https:\/\/blog.espol.edu.ec\/dajarama\/wp-json\/wp\/v2\/users\/8579"}],"replies":[{"embeddable":true,"href":"https:\/\/blog.espol.edu.ec\/dajarama\/wp-json\/wp\/v2\/comments?post=5"}],"version-history":[{"count":7,"href":"https:\/\/blog.espol.edu.ec\/dajarama\/wp-json\/wp\/v2\/pages\/5\/revisions"}],"predecessor-version":[{"id":75,"href":"https:\/\/blog.espol.edu.ec\/dajarama\/wp-json\/wp\/v2\/pages\/5\/revisions\/75"}],"wp:attachment":[{"href":"https:\/\/blog.espol.edu.ec\/dajarama\/wp-json\/wp\/v2\/media?parent=5"}],"curies":[{"name":"wp","href":"https:\/\/api.w.org\/{rel}","templated":true}]}}