{"id":100,"date":"2014-06-12T02:00:05","date_gmt":"2014-06-12T02:00:05","guid":{"rendered":"http:\/\/blog.espol.edu.ec\/dalialci\/?page_id=100"},"modified":"2014-06-12T02:05:44","modified_gmt":"2014-06-12T02:05:44","slug":"turismo-de-aventura","status":"publish","type":"page","link":"https:\/\/blog.espol.edu.ec\/dalialci\/turismo-de-aventura\/","title":{"rendered":"Turismo de Aventura"},"content":{"rendered":"<p>El <strong>'turismo de aventura'<\/strong>\u00a0implica la\u00a0exploraci\u00f3n\u00a0o el\u00a0viaje\u00a0a \u00e1reas remotas, donde el viajero puede esperar lo inesperado. El turismo de aventura est\u00e1 aumentando r\u00e1pidamente su popularidad ya que los turistas buscan vacaciones inusuales, diferentes de las t\u00edpicas vacaciones en la\u00a0playa.<\/p>\n<p>El turismo de aventura, es dirigido para todos los turistas, pero en especial para aquellos que les guste combinar sus actividades con el aire libre.<\/p>\n<p>Este tipo de turismo tambi\u00e9n se relaciona directamente con el\u00a0deporte de aventurao riesgo, donde la gente tiene por objetivo pasar momentos de adrenalina a costo de un porcentaje de riesgo.<\/p>\n<p>El turismo de aventura tiene como objetivo principal el fomento de las actividades de aventura en la naturaleza. Es el hecho de visitar o alojarse en zonas donde se pueden desarrollar los llamados deportes de aventura o turismo activo.<\/p>\n<p>La diferencia de turismo de aventura y deportes de aventura, estar\u00eda en que en la segunda actividad hace falta una preparaci\u00f3n m\u00ednima y un equipo apropiado, como lo es practicar\u00a0rappel,\u00a0escalada,\u00a0carreras de aventura\u00a0o\u00a0monta\u00f1ismo.<\/p>\n<p>El turismo aventura se diferencia del\u00a0deporte aventura, principalmente por que en esta \u00faltima no existe una relaci\u00f3n contractual de car\u00e1cter econ\u00f3mico, la cual es desarrollada por personas cuya relaci\u00f3n en la practica de la actividad es exclusivamente recreativa o deportiva (deportistas, grupos de amigos, familias) o acad\u00e9mica (escuelas de deportes, clubes deportivos, etc.), gener\u00e1ndose una relaci\u00f3n instructor- alumno. Las actividades de turismo aventura, si bien se derivan de la practica del deporte aventura ya sea por deportistas fuera de su lugar de residencia habitual o por personas que desean experimentar la practica de estos deportes en el medio natural pero debe existir una relaci\u00f3n econ\u00f3mica (prestador de servicios - cliente), lo que permite definir claramente las responsabilidades contractuales entre un prestador (tour operador, agencia de viajes, gu\u00eda de turismo) que ofrezca este servicio y un cliente (excursionista o turista) quien esta dispuesto a pagar por estos servicios. Las actividades desarrolladas en el medio natural son en muchas ocasiones las mismas (excursionismo o trekking, monta\u00f1ismo, descenso en balsa o rafting, etc), salvo aquellas que son exclusivamente con fines deportivos y de competici\u00f3n (campeonatos, rallies, etc.)<\/p>\n<p>El turismo de aventura puede clasificarse seg\u00fan su dificultad: baja, moderada o alta.<\/p>\n<p>En los viajes de turismo de aventura se encuentra impl\u00edcito el conocer lugares, su gente y su cultura de manera activa y participativa.<\/p>\n<p>Algunas formas de turismo de aventura:<\/p>\n<ul>\n<li>Cicloturismo,<\/li>\n<li>Turismo Rural,<\/li>\n<li>Senderismo,<\/li>\n<li>Trekking,<\/li>\n<li>Cabalgatas,<\/li>\n<li>Canotaje.<\/li>\n<li>Surf.<\/li>\n<\/ul>\n<p>En\u00a0Argentina, la ciudad de\u00a0San Carlos de Bariloche, a partir del a\u00f1o 2009 fue declarada como capital provincial del deporte de actividades de aventura. Incorporaci\u00f3n a la Ley N\u00ba 1905 Declaraciones de Inter\u00e9s Provincial, turismo, deporte y recreaci\u00f3n.\u00a0Luego en noviembre de 2012 el senado sancion\u00f3 la Ley que declara a Bariloche Capital Nacional del Turismo Aventura.<\/p>\n<p><a href=\"http:\/\/blog.espol.edu.ec\/dalialci\/files\/2014\/06\/F201208120935592056225680.jpg\"><img loading=\"lazy\" decoding=\"async\" class=\" wp-image-101 aligncenter\" src=\"http:\/\/blog.espol.edu.ec\/dalialci\/files\/2014\/06\/F201208120935592056225680-300x197.jpg\" alt=\"\u00a3\u00a8\u00c2\u00d7\u00b6\u00d8\u00b0\u00c2\u00d4\u00cb\u00bb\u00e1\u00a3\u00a9\u00a3\u00a84\u00a3\u00a9\u00c6\u00a4\u00bb\u00ae\u00cd\u00a7\u00a1\u00aa\u00a1\u00aa\u00d3\u00a2\u00b9\u00fa\u00d1\u00a1\u00ca\u00d6\u00b6\u00e1\u00b5\u00c3\u00c4\u00d0\u00d7\u00d3\u00b5\u00a5\u00c8\u00cb\u00c6\u00a4\u00cd\u00a7200\u00c3\u00d7\u00bd\u00f0\u00c5\u00c6\" width=\"315\" height=\"207\" srcset=\"https:\/\/blog.espol.edu.ec\/dalialci\/files\/2014\/06\/F201208120935592056225680-300x197.jpg 300w, https:\/\/blog.espol.edu.ec\/dalialci\/files\/2014\/06\/F201208120935592056225680.jpg 900w\" sizes=\"auto, (max-width: 315px) 100vw, 315px\" \/><\/a><\/p>\n","protected":false},"excerpt":{"rendered":"<p>El 'turismo de aventura'\u00a0implica la\u00a0exploraci\u00f3n\u00a0o el\u00a0viaje\u00a0a \u00e1reas remotas, donde el viajero puede esperar lo inesperado. El turismo de aventura est\u00e1 aumentando r\u00e1pidamente su popularidad ya que los turistas buscan vacaciones inusuales, diferentes de las t\u00edpicas vacaciones en la\u00a0playa. El turismo de aventura, es dirigido para todos los turistas, pero en especial para aquellos que les [&hellip;]<\/p>\n","protected":false},"author":9027,"featured_media":0,"parent":0,"menu_order":0,"comment_status":"open","ping_status":"open","template":"","meta":{"footnotes":""},"class_list":["post-100","page","type-page","status-publish","hentry"],"_links":{"self":[{"href":"https:\/\/blog.espol.edu.ec\/dalialci\/wp-json\/wp\/v2\/pages\/100","targetHints":{"allow":["GET"]}}],"collection":[{"href":"https:\/\/blog.espol.edu.ec\/dalialci\/wp-json\/wp\/v2\/pages"}],"about":[{"href":"https:\/\/blog.espol.edu.ec\/dalialci\/wp-json\/wp\/v2\/types\/page"}],"author":[{"embeddable":true,"href":"https:\/\/blog.espol.edu.ec\/dalialci\/wp-json\/wp\/v2\/users\/9027"}],"replies":[{"embeddable":true,"href":"https:\/\/blog.espol.edu.ec\/dalialci\/wp-json\/wp\/v2\/comments?post=100"}],"version-history":[{"count":3,"href":"https:\/\/blog.espol.edu.ec\/dalialci\/wp-json\/wp\/v2\/pages\/100\/revisions"}],"predecessor-version":[{"id":104,"href":"https:\/\/blog.espol.edu.ec\/dalialci\/wp-json\/wp\/v2\/pages\/100\/revisions\/104"}],"wp:attachment":[{"href":"https:\/\/blog.espol.edu.ec\/dalialci\/wp-json\/wp\/v2\/media?parent=100"}],"curies":[{"name":"wp","href":"https:\/\/api.w.org\/{rel}","templated":true}]}}