{"id":105,"date":"2014-06-12T02:18:10","date_gmt":"2014-06-12T02:18:10","guid":{"rendered":"http:\/\/blog.espol.edu.ec\/dalialci\/?page_id=105"},"modified":"2014-06-12T02:18:10","modified_gmt":"2014-06-12T02:18:10","slug":"deportes-extremos-mas-peligrosos","status":"publish","type":"page","link":"https:\/\/blog.espol.edu.ec\/dalialci\/deportes-extremos-mas-peligrosos\/","title":{"rendered":"Deportes Extremos m\u00e1s Peligrosos"},"content":{"rendered":"<p>A pesar de ser causantes de miles de muertes y accidentes en el mundo, cada vez son m\u00e1s las personas que deciden vivir este tipo de experiencias.<\/p>\n<p>Con informaci\u00f3n de Discovery, Lea Noticias y RPP, te presento el top de los 5 deportes extremos que han sido calificados como los m\u00e1s riesgosos y sobre los cu\u00e1les los expertos recomiendan tener precauci\u00f3n al practicar.<\/p>\n<p>&nbsp;<\/p>\n<p><strong>1.- Monta\u00f1ismo de altura<\/strong><\/p>\n<p>El monta\u00f1ismo de altura consiste en escalar elevaciones como el Monte Everest, el lugar m\u00e1s popular para practicar este deporte extremo. Se estima que 1 de cada 6 personas que suben a \u00e9l, fallece debido a hipotermia, neumon\u00eda o quemaduras en las c\u00f3rneas.<\/p>\n<p><a href=\"http:\/\/blog.espol.edu.ec\/dalialci\/files\/2014\/06\/Monta\u00f1ismo-de-altura.jpg\"><img loading=\"lazy\" decoding=\"async\" class=\" wp-image-106 aligncenter\" src=\"http:\/\/blog.espol.edu.ec\/dalialci\/files\/2014\/06\/Monta\u00f1ismo-de-altura-300x168.jpg\" alt=\"Monta\u00f1ismo-de-altura\" width=\"354\" height=\"198\" srcset=\"https:\/\/blog.espol.edu.ec\/dalialci\/files\/2014\/06\/Monta\u00f1ismo-de-altura-300x168.jpg 300w, https:\/\/blog.espol.edu.ec\/dalialci\/files\/2014\/06\/Monta\u00f1ismo-de-altura.jpg 770w\" sizes=\"auto, (max-width: 354px) 100vw, 354px\" \/><\/a><\/p>\n<p><strong>2.- Heliski<\/strong><\/p>\n<p>Heliski es el deporte que consiste en saltar desde un helic\u00f3ptero sobre grandes monta\u00f1as cubiertas de nieve, y aunque no lo creas, es uno de los deportes m\u00e1s costosos del mundo.<\/p>\n<p><a href=\"http:\/\/blog.espol.edu.ec\/dalialci\/files\/2014\/06\/ski_heli_sml.jpg\"><img loading=\"lazy\" decoding=\"async\" class=\"size-medium wp-image-107 aligncenter\" src=\"http:\/\/blog.espol.edu.ec\/dalialci\/files\/2014\/06\/ski_heli_sml-225x300.jpg\" alt=\"ski_heli_sml\" width=\"225\" height=\"300\" srcset=\"https:\/\/blog.espol.edu.ec\/dalialci\/files\/2014\/06\/ski_heli_sml-225x300.jpg 225w, https:\/\/blog.espol.edu.ec\/dalialci\/files\/2014\/06\/ski_heli_sml.jpg 400w\" sizes=\"auto, (max-width: 225px) 100vw, 225px\" \/><\/a><\/p>\n<p><strong>3.- Salto base<\/strong><\/p>\n<p>El salto base es ya considerado el deporte m\u00e1s peligroso del mundo, debido a que un promedio de 10 personas mueren al a\u00f1o mientras lo practican. Consiste en saltar desde edificios, antenas, puentes o acantilados con un paraca\u00eddas.<\/p>\n<p><a href=\"http:\/\/blog.espol.edu.ec\/dalialci\/files\/2014\/06\/salto21.jpg\"><img loading=\"lazy\" decoding=\"async\" class=\" wp-image-108 aligncenter\" src=\"http:\/\/blog.espol.edu.ec\/dalialci\/files\/2014\/06\/salto21-300x225.jpg\" alt=\"salto21\" width=\"305\" height=\"229\" srcset=\"https:\/\/blog.espol.edu.ec\/dalialci\/files\/2014\/06\/salto21-300x225.jpg 300w, https:\/\/blog.espol.edu.ec\/dalialci\/files\/2014\/06\/salto21.jpg 640w\" sizes=\"auto, (max-width: 305px) 100vw, 305px\" \/><\/a><\/p>\n<p><strong>4.- Automovilismo<\/strong><\/p>\n<p>El automovilismo es uno de los deportes favoritos de los espectadores, pero para los pilotos es uno de los m\u00e1s peligrosos del mundo debido a las altas velocidades, en muchos casos superan los 300 km\/hr. Se han registrado fatales accidentes.<\/p>\n<p><a href=\"http:\/\/blog.espol.edu.ec\/dalialci\/files\/2014\/06\/0_0_20091127135640000.jpg\"><img loading=\"lazy\" decoding=\"async\" class=\" wp-image-109 aligncenter\" src=\"http:\/\/blog.espol.edu.ec\/dalialci\/files\/2014\/06\/0_0_20091127135640000-300x187.jpg\" alt=\"0_0_20091127135640000\" width=\"322\" height=\"201\" srcset=\"https:\/\/blog.espol.edu.ec\/dalialci\/files\/2014\/06\/0_0_20091127135640000-300x187.jpg 300w, https:\/\/blog.espol.edu.ec\/dalialci\/files\/2014\/06\/0_0_20091127135640000.jpg 625w\" sizes=\"auto, (max-width: 322px) 100vw, 322px\" \/><\/a><\/p>\n<p><strong>5.- Toros<\/strong><\/p>\n<p>Los deportes que involucran el uso de toros son de los m\u00e1s peligrosos. El encierro en Espa\u00f1a o la monta de toros alrededor del mundo, son dos de este tipo de deportes que m\u00e1s vidas cobran al a\u00f1o. Adem\u00e1s de ser pol\u00e9micos por el maltrato a los animales.<\/p>\n<p><a href=\"http:\/\/blog.espol.edu.ec\/dalialci\/files\/2014\/06\/toro-478x270.jpg\"><img loading=\"lazy\" decoding=\"async\" class=\" wp-image-110 aligncenter\" src=\"http:\/\/blog.espol.edu.ec\/dalialci\/files\/2014\/06\/toro-478x270-300x169.jpg\" alt=\"toro--478x270\" width=\"325\" height=\"183\" srcset=\"https:\/\/blog.espol.edu.ec\/dalialci\/files\/2014\/06\/toro-478x270-300x169.jpg 300w, https:\/\/blog.espol.edu.ec\/dalialci\/files\/2014\/06\/toro-478x270.jpg 478w\" sizes=\"auto, (max-width: 325px) 100vw, 325px\" \/><\/a><\/p>\n","protected":false},"excerpt":{"rendered":"<p>A pesar de ser causantes de miles de muertes y accidentes en el mundo, cada vez son m\u00e1s las personas que deciden vivir este tipo de experiencias. Con informaci\u00f3n de Discovery, Lea Noticias y RPP, te presento el top de los 5 deportes extremos que han sido calificados como los m\u00e1s riesgosos y sobre los [&hellip;]<\/p>\n","protected":false},"author":9027,"featured_media":0,"parent":0,"menu_order":0,"comment_status":"open","ping_status":"open","template":"","meta":{"footnotes":""},"class_list":["post-105","page","type-page","status-publish","hentry"],"_links":{"self":[{"href":"https:\/\/blog.espol.edu.ec\/dalialci\/wp-json\/wp\/v2\/pages\/105","targetHints":{"allow":["GET"]}}],"collection":[{"href":"https:\/\/blog.espol.edu.ec\/dalialci\/wp-json\/wp\/v2\/pages"}],"about":[{"href":"https:\/\/blog.espol.edu.ec\/dalialci\/wp-json\/wp\/v2\/types\/page"}],"author":[{"embeddable":true,"href":"https:\/\/blog.espol.edu.ec\/dalialci\/wp-json\/wp\/v2\/users\/9027"}],"replies":[{"embeddable":true,"href":"https:\/\/blog.espol.edu.ec\/dalialci\/wp-json\/wp\/v2\/comments?post=105"}],"version-history":[{"count":1,"href":"https:\/\/blog.espol.edu.ec\/dalialci\/wp-json\/wp\/v2\/pages\/105\/revisions"}],"predecessor-version":[{"id":111,"href":"https:\/\/blog.espol.edu.ec\/dalialci\/wp-json\/wp\/v2\/pages\/105\/revisions\/111"}],"wp:attachment":[{"href":"https:\/\/blog.espol.edu.ec\/dalialci\/wp-json\/wp\/v2\/media?parent=105"}],"curies":[{"name":"wp","href":"https:\/\/api.w.org\/{rel}","templated":true}]}}