{"id":117,"date":"2014-06-12T02:29:26","date_gmt":"2014-06-12T02:29:26","guid":{"rendered":"http:\/\/blog.espol.edu.ec\/dalialci\/?page_id=117"},"modified":"2014-06-12T03:14:36","modified_gmt":"2014-06-12T03:14:36","slug":"deporte-de-aventura","status":"publish","type":"page","link":"https:\/\/blog.espol.edu.ec\/dalialci\/deporte-de-aventura\/","title":{"rendered":"Deporte de Aventura"},"content":{"rendered":"<div>\n<h2><span class=\"mw-headline\">Caracter\u00edsticas<\/span><\/h2>\n<\/div>\n<p>El<span class=\"apple-converted-space\">\u00a0<\/span><b>deporte de aventura<\/b><span class=\"apple-converted-space\">\u00a0<\/span>es una nueva forma potysportiva que, en equipo, pone al hombre en contacto con la naturaleza, en el que la motivaci\u00f3n de llegar a la meta est\u00e1 por encima de cualquier resultado. El objetivo es llegar, superarse a uno mismo, y para ello es necesario el desarrollo de cualidades f\u00edsicas, habilidades motoras, gran resistencia general y, por sobre todo, una gran preparaci\u00f3n psicol\u00f3gica y de v\u00ednculos sociales entre los participantes.<\/p>\n<p>El<span class=\"apple-converted-space\">\u00a0<\/span>trabajo en equipo<span class=\"apple-converted-space\">\u00a0<\/span>adquiere fundamental importancia, como as\u00ed tambi\u00e9n el conocimiento t\u00e9cnico necesario para cada una de las disciplinas que se practican (entre ellas: running, mountain bike, escalada en roca y hielo, kayak, nataci\u00f3n, rollers, esqu\u00ed, cabalgata y una de las m\u00e1s importantes en este deporte, el patinaje.). Un aspecto crucial en este deporte es el saber orientarse: saber d\u00f3nde estamos, hacia d\u00f3nde debemos ir y c\u00f3mo movernos en un terreno desconocido, donde la naturaleza impone su inmensidad.<\/p>\n<p>En el deporte de contacto con la naturaleza, el objetivo se centrar\u00eda en vencer los obst\u00e1culos presentados por determinados elementos naturales, es decir, ambientes tales como el del agua, el de la monta\u00f1a, el de la nieve, el del campo, el de la fauna. Existen distintos deportes y actividades recreativas desarrolladas en ambientes naturales, el concepto de 'aventura' se debe a la existencia de un cierto riesgo controlado que permite experimentar sensaciones en los participantes.<\/p>\n<p>El deporte aventura se diferencia del turismo aventura, principalmente por que en la primera no existe una relaci\u00f3n contractual de car\u00e1cter econ\u00f3mico, la cual es desarrollada por personas cuya relaci\u00f3n en la pr\u00e1ctica de la actividad es exclusivamente recreativa o deportiva (deportistas, grupos de amigos, familias) o acad\u00e9mica (escuelas de deportes, clubes deportivos, etc.), gener\u00e1ndose una relaci\u00f3n instructor- alumno. Las actividades de turismo aventura, se derivan de la pr\u00e1ctica del deporte aventura ya sea por deportistas fuera de su lugar de residencia habitual o por personas que desean experimentar la pr\u00e1ctica de estos deportes en el medio natural pero debe existir una relaci\u00f3n econ\u00f3mica (prestador de servicios - cliente) que permite definir claramente las responsabilidades contractuales entre un prestador (tour operador, agencia, gu\u00eda de turismo) que ofrezca este servicio y un cliente (excursionista o turista) quien esta dispuesto a pagar por estos servicios.<\/p>\n<p>En esas pr\u00e1cticas, el hombre tiende a valorar m\u00e1s el medio ambiente por encima de cualquier otra consideraci\u00f3n, lo que exige una reflexi\u00f3n acerca de su constituci\u00f3n y posibilidades favorables o desfavorables. En este grupo se incluyen los deportes tales como el<span class=\"apple-converted-space\">\u00a0<\/span>excursionismo, esqu\u00ed, el alpinismo, la caza, el pirag\u00fcismo, el canotaje, vela, y en general, toda pr\u00e1ctica deportiva ejecutada en un medio ambiente natural.<\/p>\n<p>El<span class=\"apple-converted-space\">\u00a0<\/span>excursionismo<span class=\"apple-converted-space\">\u00a0<\/span>o trekking es un t\u00e9rmino que se utiliza err\u00f3neamente como un sin\u00f3nimo del t\u00e9rmino<span class=\"apple-converted-space\">\u00a0<\/span><i>deporte de aventura<\/i>.<\/p>\n<p><a href=\"http:\/\/blog.espol.edu.ec\/dalialci\/files\/2014\/06\/deportes-extremos-deportes-de-aventura-viajes-oxigeno-ecoturismo_0564c031_3.jpg\"><img loading=\"lazy\" decoding=\"async\" class=\" wp-image-118 aligncenter\" src=\"http:\/\/blog.espol.edu.ec\/dalialci\/files\/2014\/06\/deportes-extremos-deportes-de-aventura-viajes-oxigeno-ecoturismo_0564c031_3-300x223.jpg\" alt=\"deportes-extremos-deportes-de-aventura-viajes-oxigeno-ecoturismo_0564c031_3\" width=\"313\" height=\"233\" srcset=\"https:\/\/blog.espol.edu.ec\/dalialci\/files\/2014\/06\/deportes-extremos-deportes-de-aventura-viajes-oxigeno-ecoturismo_0564c031_3-300x223.jpg 300w, https:\/\/blog.espol.edu.ec\/dalialci\/files\/2014\/06\/deportes-extremos-deportes-de-aventura-viajes-oxigeno-ecoturismo_0564c031_3.jpg 500w\" sizes=\"auto, (max-width: 313px) 100vw, 313px\" \/><\/a><\/p>\n<p>&nbsp;<\/p>\n<p>&nbsp;<\/p>\n<h2>Normas b\u00e1sicas<\/h2>\n<p>La pr\u00e1ctica de este tipo de deportes (barranquismo,\u00a0puentismo,\u00a0r\u00e1fting,\u00a0hidrospeed,\u00a0senderismo,\u00a0escalada en hielo, etc.) exige una buena preparaci\u00f3n f\u00edsica y psicol\u00f3gica as\u00ed como conocer reglas b\u00e1sicas de cada actividad, hacerse acompa\u00f1ar de especialistas (aunque se sea uno de ellos) y disponer del equipo necesario para la pr\u00e1ctica de la actividad.<\/p>\n<h3>Pr\u00e1ctica ocasional<\/h3>\n<p>La pr\u00e1ctica de la mayor\u00eda de estas actividades puede resultar econ\u00f3micamente costosa, por lo que, si s\u00f3lo se quiere probar o se va realizar de forma espor\u00e1dica, es recomendable contratar los servicios de una empresa especializada que ponga a disposici\u00f3n de sus clientes gu\u00edas profesionales, material necesario para la pr\u00e1ctica segura de la modalidad elegida y un seguro de accidentes.<\/p>\n<h3>Pr\u00e1ctica frecuente<\/h3>\n<p>Si ya se practica uno de estos deportes con asiduidad y se dispone de conocimientos y cierta destreza en su realizaci\u00f3n, no debe bajarse la guardia, hasta los m\u00e1s expertos pueden sufrir un percance. Para evitarlo o minimizar sus consecuencias nunca ha de practicarse la actividad solo, debe informarse a las autoridades (guardia civil, polic\u00eda auton\u00f3mica o local, etc.) de donde se va a realizar y se recomienda disponer de equipo de\u00a0supervivencia\u00a0y apoyo.<\/p>\n<p>No es mala idea inscribirse en la federaci\u00f3n deportiva que regula esa actividad ya que esto supone estar cubierto por un seguro, tener acceso a cursos de perfeccionamiento y sobre todo estar en contacto con los que m\u00e1s saben sobre el tema. Adem\u00e1s las federaciones suelen obtener ventajas econ\u00f3micas para sus federados a la hora de comprar material.<\/p>\n<p>La pr\u00e1ctica de actividades de aventura supone un gran respeto por el entorno natural donde se desarrolla y una estricta observancia de las indicaciones y normas que regulan el espacio donde se realiza. Un deportista es todo lo contrario a un v\u00e1ndalo y ha de ser paciente y solidario con otros deportistas, molestar lo menos posible a la fauna salvaje y recoger todos los desperdicios que se van generando, (hasta la\u00a0basura org\u00e1nica).<\/p>\n<h3>Recomendaciones<\/h3>\n<p>Si se presenta una situaci\u00f3n delicada debe conservarse la calma. Es aconsejable hacer caso siempre al miembro del grupo con m\u00e1s experiencia y evitar las discusiones. Es conveniente asegurar cada paso que se da, la utilizaci\u00f3n de v\u00edas de escape si no se ve claro el desarrollo de la actividad o la b\u00fasqueda de una situaci\u00f3n lo m\u00e1s c\u00f3moda posible mientras llega la ayuda.<\/p>\n<p>Si no se sabe si va a dar tiempo a terminar la actividad, las fuerzas flaquean o las condiciones meteorol\u00f3gicas amenazan el desarrollo de la mima, es recomendable regresar (siempre que sea posible) o no empezar.<\/p>\n<p>En algunas actividades es posible asistir a\u00a0cursos de auto-rescate. Es muy recomendable hacerlo ya que estas t\u00e9cnicas proporcionan recursos para escapar de situaciones comprometidas o permiten prestar ayuda a otros para superarlas.<\/p>\n<p>Si va a contratar servicios a una empresa especializada a trav\u00e9s de una agencia de viajes, tour operador, etc., aseg\u00farese que \u00e9sta cumple con las regulaciones de la autoridad pertinente, inf\u00f3rmese de las medidas de seguridad que este servicio cuenta (seguros, equipamiento, gu\u00edas profesionales, etc.), las restricciones a los participantes (edad m\u00ednima o m\u00e1xima, capacidad f\u00edsica requerida, preexistencia de enfermedades, etc.), condiciones en las que se puede suspender la actividad (eventos clim\u00e1ticos, etc), as\u00ed como las condiciones de contrataci\u00f3n de los servicios (reservas, pago anticipado, cancelaciones, etc.). La mayor parte de las Comunidades Aut\u00f3nomas en Espa\u00f1a cuentan con regulaciones, como tambi\u00e9n en varios pa\u00edses de Latinoam\u00e9rica como Argentina, Brasil, Costa Rica, Chile, M\u00e9xico, entre otros.<\/p>\n<h4>Equipaje<\/h4>\n<p>Hay que tener siempre en condiciones el material t\u00e9cnico. Algunos elementos tienen fecha de caducidad (cascos, cuerdas, etc.) por lo que nunca hay que continuar utiliz\u00e1ndolos si sobrepasa esa fecha, aunque parezcan en perfecto estado. Si se aprecian da\u00f1os evidentes en los elementos de seguridad hay que sustituirlos. Debe llevarse calzado y ropa adecuada, y si es necesario, protecciones. Para las actividades en contacto con el agua llevar ropa seca en alg\u00fan\u00a0contenedor estanco.<\/p>\n<p>&nbsp;<\/p>\n<p><a href=\"http:\/\/blog.espol.edu.ec\/dalialci\/files\/2014\/06\/deportes-aventura-balnearios.jpg\"><img loading=\"lazy\" decoding=\"async\" class=\" wp-image-119 aligncenter\" src=\"http:\/\/blog.espol.edu.ec\/dalialci\/files\/2014\/06\/deportes-aventura-balnearios-300x224.jpg\" alt=\"deportes-aventura-balnearios\" width=\"347\" height=\"259\" srcset=\"https:\/\/blog.espol.edu.ec\/dalialci\/files\/2014\/06\/deportes-aventura-balnearios-300x224.jpg 300w, https:\/\/blog.espol.edu.ec\/dalialci\/files\/2014\/06\/deportes-aventura-balnearios.jpg 550w\" sizes=\"auto, (max-width: 347px) 100vw, 347px\" \/><\/a><\/p>\n","protected":false},"excerpt":{"rendered":"<p>Caracter\u00edsticas El\u00a0deporte de aventura\u00a0es una nueva forma potysportiva que, en equipo, pone al hombre en contacto con la naturaleza, en el que la motivaci\u00f3n de llegar a la meta est\u00e1 por encima de cualquier resultado. El objetivo es llegar, superarse a uno mismo, y para ello es necesario el desarrollo de cualidades f\u00edsicas, habilidades motoras, [&hellip;]<\/p>\n","protected":false},"author":9027,"featured_media":0,"parent":0,"menu_order":2,"comment_status":"open","ping_status":"closed","template":"","meta":{"footnotes":""},"class_list":["post-117","page","type-page","status-publish","hentry"],"_links":{"self":[{"href":"https:\/\/blog.espol.edu.ec\/dalialci\/wp-json\/wp\/v2\/pages\/117","targetHints":{"allow":["GET"]}}],"collection":[{"href":"https:\/\/blog.espol.edu.ec\/dalialci\/wp-json\/wp\/v2\/pages"}],"about":[{"href":"https:\/\/blog.espol.edu.ec\/dalialci\/wp-json\/wp\/v2\/types\/page"}],"author":[{"embeddable":true,"href":"https:\/\/blog.espol.edu.ec\/dalialci\/wp-json\/wp\/v2\/users\/9027"}],"replies":[{"embeddable":true,"href":"https:\/\/blog.espol.edu.ec\/dalialci\/wp-json\/wp\/v2\/comments?post=117"}],"version-history":[{"count":1,"href":"https:\/\/blog.espol.edu.ec\/dalialci\/wp-json\/wp\/v2\/pages\/117\/revisions"}],"predecessor-version":[{"id":120,"href":"https:\/\/blog.espol.edu.ec\/dalialci\/wp-json\/wp\/v2\/pages\/117\/revisions\/120"}],"wp:attachment":[{"href":"https:\/\/blog.espol.edu.ec\/dalialci\/wp-json\/wp\/v2\/media?parent=117"}],"curies":[{"name":"wp","href":"https:\/\/api.w.org\/{rel}","templated":true}]}}