{"id":121,"date":"2014-06-12T02:55:41","date_gmt":"2014-06-12T02:55:41","guid":{"rendered":"http:\/\/blog.espol.edu.ec\/dalialci\/?page_id=121"},"modified":"2014-06-12T03:13:04","modified_gmt":"2014-06-12T03:13:04","slug":"deportes-extremos","status":"publish","type":"page","link":"https:\/\/blog.espol.edu.ec\/dalialci\/deportes-extremos\/","title":{"rendered":"DEPORTES EXTREMOS"},"content":{"rendered":"<p>Los\u00a0<strong>deportes extremos<\/strong>\u00a0son todos aquellos\u00a0deportes\u00a0o actividades de ocio, o profesional con alg\u00fan componente deportivo que comportan una real o aparente peligrosidad por las condiciones dif\u00edciles o extremas en las que se practican.<\/p>\n<p>&nbsp;<\/p>\n<p><a href=\"http:\/\/blog.espol.edu.ec\/dalialci\/files\/2014\/06\/Siluetas-de-deportes-extremos-1.jpg\"><img loading=\"lazy\" decoding=\"async\" class=\" wp-image-123 aligncenter\" src=\"http:\/\/blog.espol.edu.ec\/dalialci\/files\/2014\/06\/Siluetas-de-deportes-extremos-1-300x184.jpg\" alt=\"Siluetas-de-deportes-extremos (1)\" width=\"394\" height=\"242\" srcset=\"https:\/\/blog.espol.edu.ec\/dalialci\/files\/2014\/06\/Siluetas-de-deportes-extremos-1-300x184.jpg 300w, https:\/\/blog.espol.edu.ec\/dalialci\/files\/2014\/06\/Siluetas-de-deportes-extremos-1.jpg 500w\" sizes=\"auto, (max-width: 394px) 100vw, 394px\" \/><\/a><\/p>\n<p>&nbsp;<\/p>\n<p>&nbsp;<\/p>\n<div>\n<h2><span class=\"mw-headline\">Caracter\u00edsticas<\/span><\/h2>\n<\/div>\n<p>Un deporte, no considerado extremo, se puede definir as\u00ed si se practica bajo condiciones especiales o circunstancias particulares no habituales en el. Por ejemplo, la escalada en roca a unos cent\u00edmetros del suelo (bulder) no se considera \"deporte extremo\", pero si se realiza en una pared vertical rocosa a varios cientos de metros de altura, entonces s\u00ed se le aplica el t\u00e9rmino.<\/p>\n<p>Se puede considerar que una persona practica un \"deporte extremo\" cuando lo hace por primera vez. Por ejemplo, el rafting de clase IV es bastante extremo para quienes nunca antes se hab\u00edan subido a una balsa y lo sentir\u00e1n como muy por encima de sus capacidades personales.<\/p>\n<p>&nbsp;<\/p>\n<p><a href=\"http:\/\/blog.espol.edu.ec\/dalialci\/files\/2014\/06\/list_640px.jpg\"><img loading=\"lazy\" decoding=\"async\" class=\"aligncenter wp-image-62 size-full\" src=\"http:\/\/blog.espol.edu.ec\/dalialci\/files\/2014\/06\/list_640px.jpg\" alt=\"list_640px\" width=\"640\" height=\"480\" srcset=\"https:\/\/blog.espol.edu.ec\/dalialci\/files\/2014\/06\/list_640px.jpg 640w, https:\/\/blog.espol.edu.ec\/dalialci\/files\/2014\/06\/list_640px-300x225.jpg 300w\" sizes=\"auto, (max-width: 640px) 100vw, 640px\" \/><\/a><\/p>\n<p>&nbsp;<\/p>\n<p>En los Deportes Extremos:<\/p>\n<p>\u2022 No hay reglamentaci\u00f3n fija.<\/p>\n<p>\u2022 No hay horario espec\u00edfico.<\/p>\n<p>\u2022 Las pr\u00e1cticas var\u00edan el ritmo y la intensidad.<\/p>\n<p>\u2022 Los deportes son originales y creativos.<\/p>\n<p>\u2022 Sensaciones de riesgo y aventura.<\/p>\n<p>\u2022 Necesidad de autorrealizaci\u00f3n.<\/p>\n<p>\u2022 Satisfacci\u00f3n de preferencias.<\/p>\n<p>\u2022 Control de emociones.<\/p>\n<p>\u2022 Compromiso personal.<\/p>\n<p>. B\u00fasqueda de nuevos retos<\/p>\n<p><a href=\"http:\/\/blog.espol.edu.ec\/dalialci\/files\/2014\/06\/deportes-extremos.png\"><img loading=\"lazy\" decoding=\"async\" class=\"size-medium wp-image-35 aligncenter\" src=\"http:\/\/blog.espol.edu.ec\/dalialci\/files\/2014\/06\/deportes-extremos-300x300.png\" alt=\"deportes-extremos\" width=\"300\" height=\"300\" srcset=\"https:\/\/blog.espol.edu.ec\/dalialci\/files\/2014\/06\/deportes-extremos-300x300.png 300w, https:\/\/blog.espol.edu.ec\/dalialci\/files\/2014\/06\/deportes-extremos-150x150.png 150w, https:\/\/blog.espol.edu.ec\/dalialci\/files\/2014\/06\/deportes-extremos.png 500w\" sizes=\"auto, (max-width: 300px) 100vw, 300px\" \/><\/a><\/p>\n<p>&nbsp;<\/p>\n<p><a href=\"http:\/\/blog.espol.edu.ec\/dalialci\/files\/2014\/06\/extremo.jpg\"><img loading=\"lazy\" decoding=\"async\" class=\"size-medium wp-image-63 aligncenter\" src=\"http:\/\/blog.espol.edu.ec\/dalialci\/files\/2014\/06\/extremo-300x238.jpg\" alt=\"extremo\" width=\"300\" height=\"238\" srcset=\"https:\/\/blog.espol.edu.ec\/dalialci\/files\/2014\/06\/extremo-300x238.jpg 300w, https:\/\/blog.espol.edu.ec\/dalialci\/files\/2014\/06\/extremo.jpg 407w\" sizes=\"auto, (max-width: 300px) 100vw, 300px\" \/><\/a><\/p>\n<h2>Terminolog\u00eda<\/h2>\n<p>El t\u00e9rmino \"deporte extremo\" no es adecuado aplicarlo cuando se realiza simplemente una actividad recreativa o Turismo no de masas, turismo cultural, turismo hist\u00f3rico, turismo arqueol\u00f3gico, etc. Tampoco debe estar definido por las condiciones medioambientales, algo bastante subjetivo y dependiente del grado de preparaci\u00f3n. En cambio, el t\u00e9rmino puede aplicarse cuando se practica un deporte en los l\u00edmites actuales de desarrollo, sea\u00a0monta\u00f1ismo, atletismo, gimnasia o cualquier otro.<\/p>\n<p>Actualmente, en algunos pa\u00edses se empieza a utilizar el t\u00e9rmino \"deporte de aventura\" cuando se practican deportes de m\u00e1s alto riesgo de lo normal sin ser profesionales. Un ejemplo de esto es la diferencia que existe entre \"espeleolog\u00eda\" y \"espele\u00edsmo\": el primero se refiere a una actividad cient\u00edfica, mientras que el segundo hace referencia a aquellas personas que lo practican por deporte.<\/p>\n<p>&nbsp;<\/p>\n<p style=\"text-align: center\"><a href=\"http:\/\/blog.espol.edu.ec\/dalialci\/files\/2014\/06\/Deportes-Extremos-y-de-Aventura-Viajes-oxigeno-ecoturismo-en-colombia.jpg\"><img loading=\"lazy\" decoding=\"async\" class=\"alignnone size-medium wp-image-115\" src=\"http:\/\/blog.espol.edu.ec\/dalialci\/files\/2014\/06\/Deportes-Extremos-y-de-Aventura-Viajes-oxigeno-ecoturismo-en-colombia-148x300.jpg\" alt=\"Deportes Extremos y de Aventura - Viajes oxigeno ecoturismo en colombia\" width=\"148\" height=\"300\" srcset=\"https:\/\/blog.espol.edu.ec\/dalialci\/files\/2014\/06\/Deportes-Extremos-y-de-Aventura-Viajes-oxigeno-ecoturismo-en-colombia-148x300.jpg 148w, https:\/\/blog.espol.edu.ec\/dalialci\/files\/2014\/06\/Deportes-Extremos-y-de-Aventura-Viajes-oxigeno-ecoturismo-en-colombia-505x1024.jpg 505w, https:\/\/blog.espol.edu.ec\/dalialci\/files\/2014\/06\/Deportes-Extremos-y-de-Aventura-Viajes-oxigeno-ecoturismo-en-colombia.jpg 700w\" sizes=\"auto, (max-width: 148px) 100vw, 148px\" \/><\/a><\/p>\n<p style=\"line-height: 24.05pt;background: white;margin: 6.0pt 0cm 6.0pt 0cm\">\n","protected":false},"excerpt":{"rendered":"<p>Los\u00a0deportes extremos\u00a0son todos aquellos\u00a0deportes\u00a0o actividades de ocio, o profesional con alg\u00fan componente deportivo que comportan una real o aparente peligrosidad por las condiciones dif\u00edciles o extremas en las que se practican. &nbsp; &nbsp; &nbsp; Caracter\u00edsticas Un deporte, no considerado extremo, se puede definir as\u00ed si se practica bajo condiciones especiales o circunstancias particulares no habituales [&hellip;]<\/p>\n","protected":false},"author":9027,"featured_media":0,"parent":0,"menu_order":0,"comment_status":"open","ping_status":"closed","template":"","meta":{"footnotes":""},"class_list":["post-121","page","type-page","status-publish","hentry"],"_links":{"self":[{"href":"https:\/\/blog.espol.edu.ec\/dalialci\/wp-json\/wp\/v2\/pages\/121","targetHints":{"allow":["GET"]}}],"collection":[{"href":"https:\/\/blog.espol.edu.ec\/dalialci\/wp-json\/wp\/v2\/pages"}],"about":[{"href":"https:\/\/blog.espol.edu.ec\/dalialci\/wp-json\/wp\/v2\/types\/page"}],"author":[{"embeddable":true,"href":"https:\/\/blog.espol.edu.ec\/dalialci\/wp-json\/wp\/v2\/users\/9027"}],"replies":[{"embeddable":true,"href":"https:\/\/blog.espol.edu.ec\/dalialci\/wp-json\/wp\/v2\/comments?post=121"}],"version-history":[{"count":14,"href":"https:\/\/blog.espol.edu.ec\/dalialci\/wp-json\/wp\/v2\/pages\/121\/revisions"}],"predecessor-version":[{"id":136,"href":"https:\/\/blog.espol.edu.ec\/dalialci\/wp-json\/wp\/v2\/pages\/121\/revisions\/136"}],"wp:attachment":[{"href":"https:\/\/blog.espol.edu.ec\/dalialci\/wp-json\/wp\/v2\/media?parent=121"}],"curies":[{"name":"wp","href":"https:\/\/api.w.org\/{rel}","templated":true}]}}