{"id":27,"date":"2014-06-10T18:25:20","date_gmt":"2014-06-10T18:25:20","guid":{"rendered":"http:\/\/blog.espol.edu.ec\/dalialci\/?page_id=27"},"modified":"2014-06-12T20:20:37","modified_gmt":"2014-06-12T20:20:37","slug":"tipos-de-deportes-de-extremos","status":"publish","type":"page","link":"https:\/\/blog.espol.edu.ec\/dalialci\/tipos-de-deportes-de-extremos\/","title":{"rendered":"Otros Deportes Extremos"},"content":{"rendered":"<p><em><strong>1.- El ciclismo de monta\u00f1a<\/strong><\/em><\/p>\n<p>El ciclismo de monta\u00f1a es uno m\u00e1s de los muy diversos deportes extremos que con el paso del tiempo va teniendo m\u00e1s seguidores y con el que conjuntamente se puede practicar el ecoturismo, turismo rural y el de aventura.<\/p>\n<p>En esta actividad una persona montada en una bicicleta puede recorrer grandes distancias en terrenos muy dificiles y peligrosos a velocidades inimaginables.<\/p>\n<p>El practicarla proporciona grandes benificios f\u00edsicos y mentales, ya que se requiere hacer ejercicio para fortalecer el cuerpo, concentraci\u00f3n y control mental para actuar adecuadamente en las situaciones cr\u00edticas, adem\u00e1s de que puede ser desestresante, porque se viven experiencias totalmente nuevas y diferentes.<\/p>\n<p><a href=\"http:\/\/blog.espol.edu.ec\/dalialci\/files\/2014\/06\/33986-a.jpg\"><img loading=\"lazy\" decoding=\"async\" class=\" wp-image-31 aligncenter\" src=\"http:\/\/blog.espol.edu.ec\/dalialci\/files\/2014\/06\/33986-a-300x193.jpg\" alt=\"33986--a\" width=\"337\" height=\"217\" srcset=\"https:\/\/blog.espol.edu.ec\/dalialci\/files\/2014\/06\/33986-a-300x193.jpg 300w, https:\/\/blog.espol.edu.ec\/dalialci\/files\/2014\/06\/33986-a.jpg 990w\" sizes=\"auto, (max-width: 337px) 100vw, 337px\" \/><\/a><\/p>\n<p><em><strong>2.- Escalada o rappel<\/strong><\/em><\/p>\n<p>Este deporte extremo consiste en descender paredes naturales o artificiales muy altas, con pendientes muy prolongadas; vali\u00e9ndose para ello solamente de la fuerza f\u00edsica y de un equipo especial.<\/p>\n<p>Existen varios tipos de escalada que se derivan del lugar y del equipo. Por ejemplo por el lugar esta la escalada en roca, que a su vez puede ser ascendida por el interior cuando tiene grietas, el exterior o ambas.<\/p>\n<p><a href=\"http:\/\/blog.espol.edu.ec\/dalialci\/files\/2014\/06\/mexecoturismo04.jpg\"><img loading=\"lazy\" decoding=\"async\" class=\" wp-image-40 aligncenter\" src=\"http:\/\/blog.espol.edu.ec\/dalialci\/files\/2014\/06\/mexecoturismo04-300x225.jpg\" alt=\"mexecoturismo04\" width=\"355\" height=\"266\" srcset=\"https:\/\/blog.espol.edu.ec\/dalialci\/files\/2014\/06\/mexecoturismo04-300x225.jpg 300w, https:\/\/blog.espol.edu.ec\/dalialci\/files\/2014\/06\/mexecoturismo04.jpg 550w\" sizes=\"auto, (max-width: 355px) 100vw, 355px\" \/><\/a><\/p>\n<p><em><strong>3.- El Excursionismo<\/strong><\/em><\/p>\n<p>Es una actividad considerada dentro de los deportes extremos por tener varias disciplinas en donde el peligro esta presente. Consiste en realizar caminatas por determinados medios naturales, en un tiempo l\u00edmite y siguiendo ciertas reglas y t\u00e9cnicas. Se puede practicar por grandes y chicos, individual o en grupos. Los lugares en los que se puede practicar el excursionismo son: monta\u00f1as, montes, bosques, selvas, costas, desiertos, cavernas, ca\u00f1ones, paredes rocosas, etc .<\/p>\n<p><a href=\"http:\/\/blog.espol.edu.ec\/dalialci\/files\/2014\/06\/excursion.jpg\"><img loading=\"lazy\" decoding=\"async\" class=\" wp-image-42 aligncenter\" src=\"http:\/\/blog.espol.edu.ec\/dalialci\/files\/2014\/06\/excursion-300x200.jpg\" alt=\"excursion\" width=\"356\" height=\"237\" srcset=\"https:\/\/blog.espol.edu.ec\/dalialci\/files\/2014\/06\/excursion-300x200.jpg 300w, https:\/\/blog.espol.edu.ec\/dalialci\/files\/2014\/06\/excursion.jpg 600w\" sizes=\"auto, (max-width: 356px) 100vw, 356px\" \/><\/a><\/p>\n<p><em><strong>4.- Gotcha o Paintball<\/strong><\/em><\/p>\n<p>El gotcha es uno m\u00e1s de los fant\u00e1sticos deportes extremos que puedes practicar hoy en d\u00eda, de hecho esta actividad se encuentra entre las que se han destacado por su gran desarrollo a nivel mundial en los \u00faltimos a\u00f1os. El gotcha se origina de la palabra inglesa I got you que significa \u201cte pesque\u201d; es un deporte extremo que requiere de habilidad fisica e intelecto para desarrollarlo, ya que la finalidad es derrotar al mayor n\u00famero de oponentes utilizando una marcadora que a base de aire dispara c\u00e1psulas de pintura; la marca significa derrota.<\/p>\n<p><a href=\"http:\/\/blog.espol.edu.ec\/dalialci\/files\/2014\/06\/gotcha.jpg\"><img loading=\"lazy\" decoding=\"async\" class=\" wp-image-43 aligncenter\" src=\"http:\/\/blog.espol.edu.ec\/dalialci\/files\/2014\/06\/gotcha-300x219.jpg\" alt=\"gotcha\" width=\"375\" height=\"274\" srcset=\"https:\/\/blog.espol.edu.ec\/dalialci\/files\/2014\/06\/gotcha-300x219.jpg 300w, https:\/\/blog.espol.edu.ec\/dalialci\/files\/2014\/06\/gotcha.jpg 402w\" sizes=\"auto, (max-width: 375px) 100vw, 375px\" \/><\/a><\/p>\n<p>&nbsp;<\/p>\n","protected":false},"excerpt":{"rendered":"<p>1.- El ciclismo de monta\u00f1a El ciclismo de monta\u00f1a es uno m\u00e1s de los muy diversos deportes extremos que con el paso del tiempo va teniendo m\u00e1s seguidores y con el que conjuntamente se puede practicar el ecoturismo, turismo rural y el de aventura. En esta actividad una persona montada en una bicicleta puede recorrer [&hellip;]<\/p>\n","protected":false},"author":9027,"featured_media":0,"parent":0,"menu_order":0,"comment_status":"open","ping_status":"open","template":"","meta":{"footnotes":""},"class_list":["post-27","page","type-page","status-publish","hentry"],"_links":{"self":[{"href":"https:\/\/blog.espol.edu.ec\/dalialci\/wp-json\/wp\/v2\/pages\/27","targetHints":{"allow":["GET"]}}],"collection":[{"href":"https:\/\/blog.espol.edu.ec\/dalialci\/wp-json\/wp\/v2\/pages"}],"about":[{"href":"https:\/\/blog.espol.edu.ec\/dalialci\/wp-json\/wp\/v2\/types\/page"}],"author":[{"embeddable":true,"href":"https:\/\/blog.espol.edu.ec\/dalialci\/wp-json\/wp\/v2\/users\/9027"}],"replies":[{"embeddable":true,"href":"https:\/\/blog.espol.edu.ec\/dalialci\/wp-json\/wp\/v2\/comments?post=27"}],"version-history":[{"count":6,"href":"https:\/\/blog.espol.edu.ec\/dalialci\/wp-json\/wp\/v2\/pages\/27\/revisions"}],"predecessor-version":[{"id":152,"href":"https:\/\/blog.espol.edu.ec\/dalialci\/wp-json\/wp\/v2\/pages\/27\/revisions\/152"}],"wp:attachment":[{"href":"https:\/\/blog.espol.edu.ec\/dalialci\/wp-json\/wp\/v2\/media?parent=27"}],"curies":[{"name":"wp","href":"https:\/\/api.w.org\/{rel}","templated":true}]}}