{"id":47,"date":"2014-06-11T18:03:00","date_gmt":"2014-06-11T18:03:00","guid":{"rendered":"http:\/\/blog.espol.edu.ec\/dalialci\/?page_id=47"},"modified":"2014-06-12T01:23:18","modified_gmt":"2014-06-12T01:23:18","slug":"deportes-extremos-acuaticos","status":"publish","type":"page","link":"https:\/\/blog.espol.edu.ec\/dalialci\/deportes-extremos-acuaticos\/","title":{"rendered":"Deportes Extremos Acu\u00e1ticos"},"content":{"rendered":"<p><em><strong>1.- El descenso de r\u00edos o rafting<\/strong><\/em><\/p>\n<p>El rafting un deporte extremo donde se conjugan la destreza y el esp\u00edritu de aventura. El descenso de r\u00edos es una actividad deportiva y recreativa que consiste en recorrer el cauce de los r\u00edos en direcci\u00f3n de la corriente (r\u00edo abajo) y que por lo general se hace sobre alg\u00fan tipo de embarcaci\u00f3n .<\/p>\n<p>Las embarcaciones que m\u00e1s se utilizan son la balsa , la canoa o el kayak , que puede ser r\u00edgido o inflable.<\/p>\n<p><a href=\"http:\/\/blog.espol.edu.ec\/dalialci\/files\/2014\/06\/rafting2.jpg\"><img loading=\"lazy\" decoding=\"async\" class=\" wp-image-30 aligncenter\" src=\"http:\/\/blog.espol.edu.ec\/dalialci\/files\/2014\/06\/rafting2-300x200.jpg\" alt=\"rafting2\" width=\"329\" height=\"219\" srcset=\"https:\/\/blog.espol.edu.ec\/dalialci\/files\/2014\/06\/rafting2-300x200.jpg 300w, https:\/\/blog.espol.edu.ec\/dalialci\/files\/2014\/06\/rafting2-1024x685.jpg 1024w, https:\/\/blog.espol.edu.ec\/dalialci\/files\/2014\/06\/rafting2.jpg 1792w\" sizes=\"auto, (max-width: 329px) 100vw, 329px\" \/><\/a><\/p>\n<p><em><strong>2.- El Buceo<\/strong><\/em><\/p>\n<p>Este deporte extremo consiste en sumergirse ya sea en playas, litorales, r\u00edos, lagos, lagunas, esteros, presas, cenotes o cavernas; con la debida capacitaci\u00f3n y equipo, el cual le permita a la persona respirar bajo el agua y moverse libremente. Todo esto con el objetivo de explorar asombrosos, interesantes y diversos ecosistemas.<\/p>\n<p><a href=\"http:\/\/blog.espol.edu.ec\/dalialci\/files\/2014\/06\/dive-packages_tr41.jpg\"><img loading=\"lazy\" decoding=\"async\" class=\" wp-image-32 aligncenter\" src=\"http:\/\/blog.espol.edu.ec\/dalialci\/files\/2014\/06\/dive-packages_tr41-300x176.jpg\" alt=\"dive-packages_tr41\" width=\"355\" height=\"208\" srcset=\"https:\/\/blog.espol.edu.ec\/dalialci\/files\/2014\/06\/dive-packages_tr41-300x176.jpg 300w, https:\/\/blog.espol.edu.ec\/dalialci\/files\/2014\/06\/dive-packages_tr41.jpg 576w\" sizes=\"auto, (max-width: 355px) 100vw, 355px\" \/><\/a><\/p>\n<p><em><strong>3.- Surf<\/strong><\/em><\/p>\n<p>Fue as\u00ed que con tiempo y con mucha practica y destresa los hawaianos se convirtieron en asombrosos exploradores, navegantes y expertos en el arte de \u201ccorrer olas\u201d. Para el el a\u00f1o 1900 el surf en Hawai desarrollandoce cada vez m\u00e1s gracias al surfista hawaiano Duke Kahanamoku gana la medalla de oro en nataci\u00f3n en los Juegos Ol\u00edmpicos de Estocolmo en 1912.<\/p>\n<p>Es hoy reconocido en el mundo entero como uno de los deportes extremos mas apacionantes donde es el hombre quien tiene que dominar esas olas tan dificiles a veces por eso es que el surf es tan recocnocido y amado por los deportistas.<\/p>\n<p><a href=\"http:\/\/blog.espol.edu.ec\/dalialci\/files\/2014\/06\/Chang.jpg\"><img loading=\"lazy\" decoding=\"async\" class=\"wp-image-45 aligncenter\" src=\"http:\/\/blog.espol.edu.ec\/dalialci\/files\/2014\/06\/Chang-300x200.jpg\" alt=\"\" width=\"368\" height=\"245\" srcset=\"https:\/\/blog.espol.edu.ec\/dalialci\/files\/2014\/06\/Chang-300x200.jpg 300w, https:\/\/blog.espol.edu.ec\/dalialci\/files\/2014\/06\/Chang.jpg 600w\" sizes=\"auto, (max-width: 368px) 100vw, 368px\" \/><\/a><\/p>\n<p><em><strong>4.- Kitesurf<\/strong><\/em><\/p>\n<p>El kitesurf es uno de los deportes extremos, que m\u00e1s adeptos ha ido sumando. El deporte es pr\u00e1cticamente nuevo.Se cree que surgi\u00f3 en los comienzos de la d\u00e9cada de los 80`. Pero el kitesurf, no logro que muchos se interesaran en el. Pero en la mediada que se fue dando a conocer, muchos surfistas, fueron incorporando \u00e9ste deporte, a sus pr\u00e1cticas habituales. . Para practicar el kitesurf, se necesita de una cometa, la cual var\u00eda de tama\u00f1o, seg\u00fan la potencia de arrastre, que se desee tener. Esta se asegura a la cintura de la persona, por medio de dos a cuatro poleas, unidas por un arn\u00e9s. Para deslizarse, se necesita de una tabla de surf. La cual, en la mayor\u00eda de las ocasiones, es bastante m\u00e1s peque\u00f1a, que la original. Esto, para poder tener un rango de maniobrabilidad, mucho mayor al acostumbrado..es un deporte sumamente emocionante.<\/p>\n<p><a href=\"http:\/\/blog.espol.edu.ec\/dalialci\/files\/2014\/06\/cometas-kitesurfs-hibridas-ola-21965-5713283.jpg\"><img loading=\"lazy\" decoding=\"async\" class=\" wp-image-53 aligncenter\" src=\"http:\/\/blog.espol.edu.ec\/dalialci\/files\/2014\/06\/cometas-kitesurfs-hibridas-ola-21965-5713283-300x224.jpg\" alt=\"cometas-kitesurfs-hibridas-ola-21965-5713283\" width=\"353\" height=\"264\" srcset=\"https:\/\/blog.espol.edu.ec\/dalialci\/files\/2014\/06\/cometas-kitesurfs-hibridas-ola-21965-5713283-300x224.jpg 300w, https:\/\/blog.espol.edu.ec\/dalialci\/files\/2014\/06\/cometas-kitesurfs-hibridas-ola-21965-5713283-1024x767.jpg 1024w, https:\/\/blog.espol.edu.ec\/dalialci\/files\/2014\/06\/cometas-kitesurfs-hibridas-ola-21965-5713283.jpg 2001w\" sizes=\"auto, (max-width: 353px) 100vw, 353px\" \/><\/a><\/p>\n<p><em><strong>5-. Esqu\u00ed Acu\u00e1tico<\/strong><\/em><\/p>\n<p>Este Deporte consiste en deslizarse por la superficie del agua, tanto en el mar como en el interior (embalses, lagos, etc.), con los pies desnudos o apoyados sobre uno o dos equ\u00edes, arrastrado por un barco o lancha a motor que avanza a diferentes velocidades. Tambi\u00e9n se pueden practicar otras modalidades de esqu\u00ed acu\u00e1tico como:<br \/>\n-Wake board, se desarrolla en una tabla de surf peque\u00f1a en la que el participante se coloca de perfil. sin dudas este es un deporte sumamente emocionante obviamente requiere la supervisacion de un experto en el tema par practicarlo de forma segura.<\/p>\n<p><a href=\"http:\/\/blog.espol.edu.ec\/dalialci\/files\/2014\/06\/7.jpg\"><img loading=\"lazy\" decoding=\"async\" class=\" wp-image-54 aligncenter\" src=\"http:\/\/blog.espol.edu.ec\/dalialci\/files\/2014\/06\/7-300x198.jpg\" alt=\"7\" width=\"339\" height=\"224\" srcset=\"https:\/\/blog.espol.edu.ec\/dalialci\/files\/2014\/06\/7-300x198.jpg 300w, https:\/\/blog.espol.edu.ec\/dalialci\/files\/2014\/06\/7.jpg 440w\" sizes=\"auto, (max-width: 339px) 100vw, 339px\" \/><\/a><\/p>\n<p><em><strong>6.- Motona\u00fatica<\/strong><\/em><\/p>\n<p>La moton\u00e1utica consiste b\u00e1sicamente en andar en moto de agua. Las motos de agua, motos acu\u00e1ticas o motos n\u00e1uticas son un tipo de embarcaci\u00f3n ligera con un sistema de conducci\u00f3n similar al de una motocicleta convencional. La principal diferencia de las motos de agua con otros tipos de embarcaci\u00f3n es que no usan h\u00e9lice sino que son propulsadas por turbina.. Andar en una moto de agua suele ser emocionante pero como todo deporte nautico tiene sus riesgos si no se toman las medidas de seguridad basicas como llevar chaleco salvavidas y saber nadar.<\/p>\n<p><a href=\"http:\/\/blog.espol.edu.ec\/dalialci\/files\/2014\/06\/images.jpg\"><img loading=\"lazy\" decoding=\"async\" class=\" wp-image-55 aligncenter\" src=\"http:\/\/blog.espol.edu.ec\/dalialci\/files\/2014\/06\/images.jpg\" alt=\"images\" width=\"347\" height=\"231\" \/><\/a><\/p>\n<p><em><strong>7.- Windsurf<\/strong><\/em><\/p>\n<p>Es una modalidad del deporte de la Vela que consiste en desplazarse en el agua sobre una tabla similar a una de surf, provista de una vela.A diferencia de un velero, la vela o aparejo de una tabla de windsurf es articulado permitiendo su rotaci\u00f3n libre alrededor de un s\u00f3lo punto de uni\u00f3n con la tabla: el pie de m\u00e1stil. Ello permite manipular el aparejo libremente en funci\u00f3n de la direcci\u00f3n del viento y de la posici\u00f3n de la tabla con respecto a este \u00faltimo.<\/p>\n<p><a href=\"http:\/\/blog.espol.edu.ec\/dalialci\/files\/2014\/06\/windsurfing-mmx-4.jpg\"><img loading=\"lazy\" decoding=\"async\" class=\" wp-image-56 aligncenter\" src=\"http:\/\/blog.espol.edu.ec\/dalialci\/files\/2014\/06\/windsurfing-mmx-4-300x224.jpg\" alt=\"windsurfing-mmx-4\" width=\"329\" height=\"246\" srcset=\"https:\/\/blog.espol.edu.ec\/dalialci\/files\/2014\/06\/windsurfing-mmx-4-300x224.jpg 300w, https:\/\/blog.espol.edu.ec\/dalialci\/files\/2014\/06\/windsurfing-mmx-4.jpg 593w\" sizes=\"auto, (max-width: 329px) 100vw, 329px\" \/><\/a><\/p>\n<p><em><strong>8.- Kayak<\/strong><\/em><br \/>\nEl kayak es un deporte que se practica en r\u00edos de aguas blancas (r\u00edos r\u00e1pidos que forman espuma) y a diferencia del rafting, donde son varios los navegantes, el kayak es solo uno y el r\u00edo, esta caracter\u00edstica hace que sea una de las disciplinas m\u00e1s emocionantes, consiste en impulsar una canoa o kayak sobre los r\u00e1pidos con un palo de doble hoja, a diferencia del canotaje donde se usa un palo de una sola hoja .<\/p>\n<p><a href=\"http:\/\/blog.espol.edu.ec\/dalialci\/files\/2014\/06\/images-1.jpg\"><img loading=\"lazy\" decoding=\"async\" class=\" wp-image-57 aligncenter\" src=\"http:\/\/blog.espol.edu.ec\/dalialci\/files\/2014\/06\/images-1.jpg\" alt=\"images (1)\" width=\"296\" height=\"197\" \/><\/a><\/p>\n<p><em><strong>9.- Lancha<\/strong><\/em><\/p>\n<p>Como todo deporte n\u00e1utico donde haya velocidad es peligroso, este deporte es elegido por los amantes de la velocidad sin dudas, por eso seg\u00fan como se lo practique tambi\u00e9n estar\u00e1 clasificado su riesgo,(a mayor velocidad de desplazamiento, mayor riesgo) como actividad de paseo es un deporte muy emocionante, como actividad competitiva esta clasificado como unos de los deportes m\u00e1s peligrosos del mundo..Se aconseja practicar este deporte con un experto en el tema.<\/p>\n<p><a href=\"http:\/\/blog.espol.edu.ec\/dalialci\/files\/2014\/06\/foto-lancha.jpg\"><img loading=\"lazy\" decoding=\"async\" class=\" wp-image-58 aligncenter\" src=\"http:\/\/blog.espol.edu.ec\/dalialci\/files\/2014\/06\/foto-lancha-300x225.jpg\" alt=\"foto-lancha\" width=\"327\" height=\"245\" srcset=\"https:\/\/blog.espol.edu.ec\/dalialci\/files\/2014\/06\/foto-lancha-300x225.jpg 300w, https:\/\/blog.espol.edu.ec\/dalialci\/files\/2014\/06\/foto-lancha-1024x768.jpg 1024w, https:\/\/blog.espol.edu.ec\/dalialci\/files\/2014\/06\/foto-lancha.jpg 1600w\" sizes=\"auto, (max-width: 327px) 100vw, 327px\" \/><\/a><\/p>\n<p><em><strong>10.- Catamar\u00e1n<\/strong><\/em><br \/>\nlos Catamaranes son embarcaciones de doble fondo, que oscilan en un tama\u00f1a de 11 a 14 metros de largo, de gran tama\u00f1o interior, para unos 12 pasajeros, ideales para una familia o bien un grupo grande de amigos que desean una experiencia de lujo. .los hay a vela o a motor ..Sin duda andar en catamar\u00e1n es una experiencia sumamente agradable y promueve el trabajo en equipo, es un deporte extremo y por lo tanto tiene su riesgo pero conociendo las t\u00e9cnicas de la embarcaci\u00f3n el riesgo se transforma en una experiencia alucinante.<\/p>\n<p><a href=\"http:\/\/blog.espol.edu.ec\/dalialci\/files\/2014\/06\/catamaran-pulling-in.jpg\"><img loading=\"lazy\" decoding=\"async\" class=\" wp-image-59 aligncenter\" src=\"http:\/\/blog.espol.edu.ec\/dalialci\/files\/2014\/06\/catamaran-pulling-in-300x224.jpg\" alt=\"catamaran-pulling-in\" width=\"311\" height=\"232\" srcset=\"https:\/\/blog.espol.edu.ec\/dalialci\/files\/2014\/06\/catamaran-pulling-in-300x224.jpg 300w, https:\/\/blog.espol.edu.ec\/dalialci\/files\/2014\/06\/catamaran-pulling-in.jpg 550w\" sizes=\"auto, (max-width: 311px) 100vw, 311px\" \/><\/a><\/p>\n","protected":false},"excerpt":{"rendered":"<p>1.- El descenso de r\u00edos o rafting El rafting un deporte extremo donde se conjugan la destreza y el esp\u00edritu de aventura. El descenso de r\u00edos es una actividad deportiva y recreativa que consiste en recorrer el cauce de los r\u00edos en direcci\u00f3n de la corriente (r\u00edo abajo) y que por lo general se hace [&hellip;]<\/p>\n","protected":false},"author":9027,"featured_media":0,"parent":0,"menu_order":0,"comment_status":"open","ping_status":"open","template":"","meta":{"footnotes":""},"class_list":["post-47","page","type-page","status-publish","hentry"],"_links":{"self":[{"href":"https:\/\/blog.espol.edu.ec\/dalialci\/wp-json\/wp\/v2\/pages\/47","targetHints":{"allow":["GET"]}}],"collection":[{"href":"https:\/\/blog.espol.edu.ec\/dalialci\/wp-json\/wp\/v2\/pages"}],"about":[{"href":"https:\/\/blog.espol.edu.ec\/dalialci\/wp-json\/wp\/v2\/types\/page"}],"author":[{"embeddable":true,"href":"https:\/\/blog.espol.edu.ec\/dalialci\/wp-json\/wp\/v2\/users\/9027"}],"replies":[{"embeddable":true,"href":"https:\/\/blog.espol.edu.ec\/dalialci\/wp-json\/wp\/v2\/comments?post=47"}],"version-history":[{"count":4,"href":"https:\/\/blog.espol.edu.ec\/dalialci\/wp-json\/wp\/v2\/pages\/47\/revisions"}],"predecessor-version":[{"id":77,"href":"https:\/\/blog.espol.edu.ec\/dalialci\/wp-json\/wp\/v2\/pages\/47\/revisions\/77"}],"wp:attachment":[{"href":"https:\/\/blog.espol.edu.ec\/dalialci\/wp-json\/wp\/v2\/media?parent=47"}],"curies":[{"name":"wp","href":"https:\/\/api.w.org\/{rel}","templated":true}]}}