{"id":141,"date":"2010-07-28T13:45:44","date_gmt":"2010-07-28T18:45:44","guid":{"rendered":"http:\/\/blog.espol.edu.ec\/dalvguti\/?page_id=141"},"modified":"2010-07-28T13:45:44","modified_gmt":"2010-07-28T18:45:44","slug":"blog-de-espol","status":"publish","type":"page","link":"https:\/\/blog.espol.edu.ec\/dalvguti\/blog-de-espol\/","title":{"rendered":"Blog de ESPOL"},"content":{"rendered":"<p>Este tutorial esta dise\u00f1ado de la forma m\u00e1s expl\u00edcita y m\u00e1s did\u00e1ctica para hacer la edici\u00f3n de tu blog de ESPOL algo f\u00e1cil y divertido.<\/p>\n<p>No voy a hacer este tutorial largo y aburrido con definiciones largas y muchas palabras, as\u00ed que por cada cosa que explique del blog, pondr\u00e9 una imagen en donde indique como hacerlo.<\/p>\n<p>Adicionalmente colocar\u00e9 y explicar\u00e9 p\u00e1ginas en donde puedes conseguir plugins y explicar\u00e9 tambi\u00e9n como editarlos, esta p\u00e1gina tendr\u00e1 mucha informaci\u00f3n por lo que de pronto tenga que dividir este tutorial en dos partes.<\/p>\n<p>COMENCEMOS CON ALGUNAS DEFINICIONES B\u00c1SICAS DEL BLOG:<\/p>\n<p style=\"text-align: center\"><a href=\"http:\/\/www.blog.espol.edu.ec\/dalvguti\"><img loading=\"lazy\" decoding=\"async\" class=\"aligncenter\" src=\"http:\/\/s3.subirimagenes.com:81\/privadas\/534759imagen1.jpg\" alt=\"\" width=\"698\" height=\"391\" \/><\/a><\/p>\n<p><span style=\"color: #ff0000\"><strong>T\u00edtulo de Blog:<\/strong><\/span> Este es el nombre de tu blog.<\/p>\n<p><strong><span style=\"color: #ff0000\">Descripci\u00f3n Breve:<\/span><\/strong> en esta parte escribes en pocas palabras la idea principal de tu blog, puedes editar este mensaje en la parte de \"Opciones Generales\".<\/p>\n<p>Y ahora dos definiciones importantes y que por lo general son confusas para muchos.<\/p>\n<p><strong><span style=\"color: #ff0000\">P\u00e1gina:<\/span><\/strong> Una p\u00e1gina es algo est\u00e1tico, no se puede escribir entradas y que estas se actualicen cada vez que escribes una nueva, pero no es que no la puedes actualizar, es solo que si quieres cambiar algo o agregar algo lo que debes hacer es editar toda la p\u00e1gina y grabarla y lo que hallas agregado o quitado quedar\u00e1 en el lugar donde decidiste colocarlo.<\/p>\n<p><strong><span style=\"color: #ff0000\">Entrada:<\/span><\/strong> A diferencia de una p\u00e1gina, las entradas o tambi\u00e9n conocidas como posts son las noticias o art\u00edculos que se publican y actualizan constantemente.<\/p>\n<p>Estas definiciones son los aspectos m\u00e1s importantes del blog, pero dejando a un lado eso, vamos a conocer ahora la parte de edici\u00f3n del blog (la administraci\u00f3n misma del blog).<\/p>\n<h2><span style=\"color: #ff6600\"><span style=\"text-decoration: underline\">TUTORIALES<\/span><\/span><\/h2>\n<blockquote>\n<ol>\n<li>\n<h3><span style=\"color: #339966\">COMO EDITAR TU BLOG DE ESPOL(Creando entradas): <\/span> <a title=\"1era Parte\" href=\"http:\/\/blog.espol.edu.ec\/dalvguti\/2010\/07\/27\/como-editar-tu-blog-de-espol-parte-1\" target=\"_self\">Primera Parte<\/a> <a title=\"2da Parte\" href=\"http:\/\/blog.espol.edu.ec\/dalvguti\/2010\/07\/28\/como-editar-tu-blog-de-espol-parte-2\" target=\"_self\">Segunda Parte<\/a><\/h3>\n<\/li>\n<li>\n<h3><span style=\"color: #339966\">COMO SUBIR Y ADMINISTRAR MULTIMEDIA EN TU BLOG<\/span><\/h3>\n<\/li>\n<li>\n<h3><span style=\"color: #339966\">COMO CREAR Y ADMINISTRAR ENLACES<\/span><\/h3>\n<\/li>\n<li>\n<h3><span style=\"color: #339966\">COMO CREAR Y EDITAR PAGINAS EN TU BLOG<\/span><\/h3>\n<\/li>\n<li>\n<h3><span style=\"color: #339966\">COMO MODERAR COMENTARIOS<\/span><\/h3>\n<\/li>\n<li>\n<h3><span style=\"color: #339966\"><strong><span style=\"color: #339966\">OPCIONES DE PERSONALIZACION DEL BLOG:<\/span><\/strong><\/span><\/h3>\n<\/li>\n<\/ol>\n<blockquote>\n<ul>\n<li>\n<h4><span style=\"color: #0000ff\">APARIENCIA<\/span><\/h4>\n<\/li>\n<li>\n<h4><span style=\"color: #0000ff\">PLUGINS<\/span><\/h4>\n<\/li>\n<li>\n<h4><span style=\"color: #0000ff\">USUARIOS<\/span><\/h4>\n<\/li>\n<li>\n<h4><span style=\"color: #0000ff\">HERRAMIENTAS<\/span><\/h4>\n<\/li>\n<li>\n<h4><span style=\"color: #0000ff\">OPCIONES<\/span><\/h4>\n<\/li>\n<\/ul>\n<h1 style=\"text-align: center\"><span style=\"color: #ff6600\">DEJA TU COMENTARIO ABAJO<\/span><\/h1>\n<p style=\"text-align: center\"><a href=\"www.blog.espol.edu.ec\/dalvguti\"><img decoding=\"async\" class=\"aligncenter\" src=\"http:\/\/i184.photobucket.com\/albums\/x79\/pixvirtual\/im\/142\/ok.gif\" border=\"0\" alt=\"\" \/><\/a><\/p>\n<\/blockquote>\n<\/blockquote>\n","protected":false},"excerpt":{"rendered":"<p>Este tutorial esta dise\u00f1ado de la forma m\u00e1s expl\u00edcita y m\u00e1s did\u00e1ctica para hacer la edici\u00f3n de tu blog de ESPOL algo f\u00e1cil y divertido. No voy a hacer este tutorial largo y aburrido con definiciones largas y muchas palabras, as\u00ed que por cada cosa que explique del blog, pondr\u00e9 una imagen en donde indique [&hellip;]<\/p>\n","protected":false},"author":1636,"featured_media":0,"parent":0,"menu_order":0,"comment_status":"open","ping_status":"open","template":"","meta":{"footnotes":""},"class_list":["post-141","page","type-page","status-publish","hentry"],"_links":{"self":[{"href":"https:\/\/blog.espol.edu.ec\/dalvguti\/wp-json\/wp\/v2\/pages\/141","targetHints":{"allow":["GET"]}}],"collection":[{"href":"https:\/\/blog.espol.edu.ec\/dalvguti\/wp-json\/wp\/v2\/pages"}],"about":[{"href":"https:\/\/blog.espol.edu.ec\/dalvguti\/wp-json\/wp\/v2\/types\/page"}],"author":[{"embeddable":true,"href":"https:\/\/blog.espol.edu.ec\/dalvguti\/wp-json\/wp\/v2\/users\/1636"}],"replies":[{"embeddable":true,"href":"https:\/\/blog.espol.edu.ec\/dalvguti\/wp-json\/wp\/v2\/comments?post=141"}],"version-history":[{"count":6,"href":"https:\/\/blog.espol.edu.ec\/dalvguti\/wp-json\/wp\/v2\/pages\/141\/revisions"}],"predecessor-version":[{"id":214,"href":"https:\/\/blog.espol.edu.ec\/dalvguti\/wp-json\/wp\/v2\/pages\/141\/revisions\/214"}],"wp:attachment":[{"href":"https:\/\/blog.espol.edu.ec\/dalvguti\/wp-json\/wp\/v2\/media?parent=141"}],"curies":[{"name":"wp","href":"https:\/\/api.w.org\/{rel}","templated":true}]}}