{"id":23,"date":"2009-05-29T12:17:45","date_gmt":"2009-05-29T17:17:45","guid":{"rendered":"http:\/\/blog.espol.edu.ec\/dalvguti\/?page_id=23"},"modified":"2010-08-01T17:27:03","modified_gmt":"2010-08-01T22:27:03","slug":"programas","status":"publish","type":"page","link":"https:\/\/blog.espol.edu.ec\/dalvguti\/programas\/","title":{"rendered":"Programas"},"content":{"rendered":"<p style=\"text-align: justify\">Esta parte del blog esta dedicada o su finalidad es colocar programas que son muy \u00fatiles para cuando trabajamos en la computadora.<\/p>\n<p style=\"text-align: center\"><a href=\"http:\/\/www.blog.espol.edu.ec\/dalvguti\"><img decoding=\"async\" class=\"aligncenter\" src=\"http:\/\/farm3.static.flickr.com\/2479\/3582073578_55d39ef6cc.jpg?v=0\" alt=\"\" \/><\/a><\/p>\n<p style=\"text-align: center\"><img decoding=\"async\" style=\"margin: 0 5px 2px 0;float: left\" src=\"http:\/\/s2.subirimagenes.com\/privadas\/previo\/thump_86006152719real.png\" border=\"0\" alt=\"subir imagenes\" \/><\/p>\n<p style=\"text-align: justify\"><strong>REAL PLAYER<\/strong> reproduce todos los formatos, incluyendo los principales medios de comunicaci\u00f3n RealVideo, RealAudio, Windows Media y Quicktime.<\/p>\n<p style=\"text-align: justify\">Es un programa hasta cierto punto gratuito, pero para uso personal resulta m\u00e1s que suficiente la licencia freeware.<\/p>\n<p style=\"text-align: justify\">Acontinuaci\u00f3n el link del programa, esta protegido por lix.in, es un protector simplemente para que no borren de rapidshare el archivo.<\/p>\n<p style=\"text-align: justify\">Esta de m\u00e1s por decirlo que el instalador y el archivo estan libres de virus.<\/p>\n<p style=\"text-align: center\"><a href=\"http:\/\/lix.in\/-847bab\"><img decoding=\"async\" class=\"aligncenter\" src=\"http:\/\/s1.subirimagenes.com\/privadas\/previo\/thump_202347www.png\" border=\"0\" alt=\"subir imagenes\" \/><\/a><\/p>\n<p style=\"text-align: center\"><img loading=\"lazy\" decoding=\"async\" style=\"margin: 0 5px 2px 0;float: left\" src=\"http:\/\/www.blogzilla.es\/wp-content\/uploads\/nullsoft_winamp4.jpg\" alt=\"\" width=\"145\" height=\"145\" \/><\/p>\n<p style=\"text-align: justify\"><strong>WINAMP<\/strong> es un reproductor de audio y v\u00eddeo muy pr\u00e1ctico, funcional y con un vistoso aspecto.<\/p>\n<p style=\"text-align: justify\">Winamp, el famoso e hist\u00f3rico reproductor de Nullsoft, es ahora capaz de reproducir con soltura pr\u00e1cticamente todos los formatos de audio y v\u00eddeo, l\u00f3gicamente, siempre y cuando dispongas del codec instalado (Abajo esta un pack de codecs de audio y video).<\/p>\n<p style=\"text-align: center\"><a href=\"http:\/\/www.winamp.com\/media-player\/es\"><img decoding=\"async\" class=\"alignnone\" src=\"http:\/\/s1.subirimagenes.com\/privadas\/previo\/thump_202347www.png\" border=\"0\" alt=\"subir imagenes\" \/><\/a><\/p>\n<p style=\"text-align: center\">\n<p><img loading=\"lazy\" decoding=\"async\" style=\"margin: 0 5px 2px 0;float: left\" src=\"http:\/\/s2.subirimagenes.com\/privadas\/previo\/thump_153690ffdshowvideo.gif\" border=\"0\" alt=\"subir imagenes\" width=\"219\" height=\"145\" \/><\/p>\n<p style=\"text-align: justify\"><strong>FFDSHOW<\/strong> Usa diferentes librer\u00edas, como por ejemplo libacodec para la descompresi\u00f3n de v\u00eddeo y otras para mejorar la calidad de reproducci\u00f3n en pel\u00edculas codificadas a baja calidad.<\/p>\n<p style=\"text-align: justify\">Cuando se lo instala se seleccionan los diferentes codecs que se quieren usar (recomiendo usar todos), aunque con los que vienen ya seleccionados bastar\u00e1.<\/p>\n<p style=\"text-align: center\"><a href=\"http:\/\/www.free-codecs.com\/download_soft.php?d=5550&amp;s=50\"><img decoding=\"async\" class=\"aligncenter\" src=\"http:\/\/s1.subirimagenes.com\/privadas\/previo\/thump_202347www.png\" border=\"0\" alt=\"subir imagenes\" \/><\/a><\/p>\n<p style=\"text-align: left\">\n<p style=\"text-align: center\"><a href=\"http:\/\/www.blog.espol.edu.ec\/dalvguti\"><img decoding=\"async\" class=\"aligncenter\" src=\"http:\/\/farm4.static.flickr.com\/3622\/3581262491_54dd0b9d6f.jpg?v=0\" alt=\"\" \/><\/a><\/p>\n<p><img loading=\"lazy\" decoding=\"async\" style=\"margin: 0 5px 2px 0;float: left\" src=\"http:\/\/static.rbytes.net\/full_screenshots\/g\/r\/graphmatica.jpg\" alt=\"\" width=\"184\" height=\"118\" \/><\/p>\n<p style=\"text-align: justify\"><strong>GRAPHMATICA<\/strong> es un editor gr\u00e1fico, interactivo, de ecuaciones algebraicas que puede ser usado como una ayuda para dibujar curvas matem\u00e1ticas.Al mismo tiempo que ha sido dise\u00f1ado para ser extremadamente simple en su uso.<\/p>\n<p><a href=\"http:\/\/www8.pair.com\/ksoft\/espanol\/Graphmatica20g_es_setup.exe\"><img decoding=\"async\" class=\"aligncenter\" src=\"http:\/\/s1.subirimagenes.com\/privadas\/previo\/thump_202347www.png\" border=\"0\" alt=\"subir imagenes\" \/><\/a><\/p>\n<p><img loading=\"lazy\" decoding=\"async\" class=\"alignleft\" src=\"http:\/\/linuxeducacional.com\/file.php\/4\/t00\/winplot.jpg\" alt=\"\" width=\"184\" height=\"118\" \/><\/p>\n<p><strong>WINPLOT<\/strong> <strong> <\/strong>es un generador de funciones gr\u00e1ficas fundamentalmente creado para el estudio visual de una serie de ecuaciones matem\u00e1ticas.<\/p>\n<p>Precisamente, con <strong>Winplot<\/strong> consigues generar gr\u00e1ficas de ecuaciones incuestionables, param\u00e9tricas,  virtuales y cil\u00edndricas, generar curvas simples, tubos e incluso  simbolizar ecuaciones diferenciales tanto en dos como en tres ejes (2D y  3D).<\/p>\n<p>Elementalmente, <strong>Winplot<\/strong> admite personalizar los  par\u00e1metros de todas las ecuaciones. Consigues cambiar el valor de X, Y y  Z; en n\u00famero de divisiones, los puntos de corte y especificar la  calidad de la representaci\u00f3n.<\/p>\n<p style=\"text-align: center\"><a href=\"http:\/\/www8.pair.com\/ksoft\/espanol\/Graphmatica20g_es_setup.exe\"><img loading=\"lazy\" decoding=\"async\" class=\"aligncenter\" style=\"border: 0pt none\" src=\"http:\/\/s1.subirimagenes.com\/privadas\/previo\/thump_202347www.png\" border=\"0\" alt=\"subir imagenes\" width=\"182\" height=\"63\" \/><\/a><\/p>\n<p style=\"text-align: center\">\n<p style=\"text-align: center\"><a href=\"http:\/\/www.blog.espol.edu.ec\/dalvguti\"><img decoding=\"async\" class=\"aligncenter\" src=\"http:\/\/farm3.static.flickr.com\/2426\/3581262429_dccdf3541c.jpg?v=0\" alt=\"\" \/><\/a><\/p>\n<p><img loading=\"lazy\" decoding=\"async\" style=\"margin: 0 5px 2px 0;float: left\" src=\"http:\/\/files.virtuotecacivil.webnode.com.co\/200000075-057f5067fa\/jdownloader.png\" alt=\"\" width=\"155\" height=\"146\" \/><\/p>\n<p style=\"text-align: left\">JDOWNLOADER es una de las mejores herramientas para descargar ficheros de Megaupload, Rapidshare  y p\u00e1ginas similares, se considera una de las mejores porque lo hace todo por ti incluso cuando son muchos ficheros y no tienes cuenta premium, solo vas tener que copiar las URL, pegarlas en la aplicaci\u00f3n y pulsar en la flecha de descarga.<\/p>\n<p style=\"text-align: left\">Este programa se actualiza autom\u00e1ticamente cada vez que se lo abre y descarga los plugins para realizar las descargas m\u00e1s r\u00e1pidas.<\/p>\n<p><a href=\"http:\/\/lix.in\/-474303\"><img decoding=\"async\" class=\"aligncenter\" src=\"http:\/\/s1.subirimagenes.com\/privadas\/previo\/thump_202347www.png\" border=\"0\" alt=\"subir imagenes\" \/><\/a><\/p>\n<h1 style=\"text-align: center\"><span style=\"color: #ff6600\">DEJA TU COMENTARIO ABAJO<\/span><\/h1>\n<p style=\"text-align: center\"><a href=\"www.blog.espol.edu.ec\/dalvguti\"><img decoding=\"async\" class=\"aligncenter\" src=\"http:\/\/i184.photobucket.com\/albums\/x79\/pixvirtual\/im\/142\/ok.gif\" border=\"0\" alt=\"\" \/><\/a><\/p>\n","protected":false},"excerpt":{"rendered":"<p>Esta parte del blog esta dedicada o su finalidad es colocar programas que son muy \u00fatiles para cuando trabajamos en la computadora. REAL PLAYER reproduce todos los formatos, incluyendo los principales medios de comunicaci\u00f3n RealVideo, RealAudio, Windows Media y Quicktime. Es un programa hasta cierto punto gratuito, pero para uso personal resulta m\u00e1s que suficiente [&hellip;]<\/p>\n","protected":false},"author":1636,"featured_media":0,"parent":0,"menu_order":3,"comment_status":"open","ping_status":"open","template":"","meta":{"footnotes":""},"class_list":["post-23","page","type-page","status-publish","hentry"],"_links":{"self":[{"href":"https:\/\/blog.espol.edu.ec\/dalvguti\/wp-json\/wp\/v2\/pages\/23","targetHints":{"allow":["GET"]}}],"collection":[{"href":"https:\/\/blog.espol.edu.ec\/dalvguti\/wp-json\/wp\/v2\/pages"}],"about":[{"href":"https:\/\/blog.espol.edu.ec\/dalvguti\/wp-json\/wp\/v2\/types\/page"}],"author":[{"embeddable":true,"href":"https:\/\/blog.espol.edu.ec\/dalvguti\/wp-json\/wp\/v2\/users\/1636"}],"replies":[{"embeddable":true,"href":"https:\/\/blog.espol.edu.ec\/dalvguti\/wp-json\/wp\/v2\/comments?post=23"}],"version-history":[{"count":24,"href":"https:\/\/blog.espol.edu.ec\/dalvguti\/wp-json\/wp\/v2\/pages\/23\/revisions"}],"predecessor-version":[{"id":65,"href":"https:\/\/blog.espol.edu.ec\/dalvguti\/wp-json\/wp\/v2\/pages\/23\/revisions\/65"}],"wp:attachment":[{"href":"https:\/\/blog.espol.edu.ec\/dalvguti\/wp-json\/wp\/v2\/media?parent=23"}],"curies":[{"name":"wp","href":"https:\/\/api.w.org\/{rel}","templated":true}]}}